{"id":11039,"date":"2025-07-07T19:55:12","date_gmt":"2025-07-07T19:55:12","guid":{"rendered":"https:\/\/www.orynycz.com\/pravne\/zasady-vratenia-penazi\/"},"modified":"2026-02-06T10:34:33","modified_gmt":"2026-02-06T10:34:33","slug":"vratky","status":"publish","type":"page","link":"https:\/\/www.orynycz.com\/sk\/zasady\/vratky\/","title":{"rendered":"Z\u00e1sady vr\u00e1tenia pe\u0148az\u00ed"},"content":{"rendered":"\n<p>Ak nie ste z ak\u00e9hoko\u013evek d\u00f4vodu spokojn\u00ed s LemkoTran Pro, m\u00f4\u017eete po\u017eiada\u0165 o \u00fapln\u00e9 vr\u00e1tenie pe\u0148az\u00ed do 7 dn\u00ed od v\u00e1\u0161ho po\u010diato\u010dn\u00e9ho n\u00e1kupu.<br\/>Bez zbyto\u010dn\u00fdch ot\u00e1zok. Jednoducho po\u0161lite e-mail na <a href=\"mailto:support@orynycz.com\">support@orynycz.com<\/a> s va\u0161\u00edm dokladom o k\u00fape.<br\/>Po uplynut\u00ed tejto lehoty sa vr\u00e1tenie pe\u0148az\u00ed vybavuje individu\u00e1lne a nie je zaru\u010den\u00e9. <\/p>\n","protected":false},"excerpt":{"rendered":"<p>Ak nie ste z ak\u00e9hoko\u013evek d\u00f4vodu spokojn\u00ed s LemkoTran Pro, m\u00f4\u017eete po\u017eiada\u0165 o \u00fapln\u00e9 vr\u00e1tenie pe\u0148az\u00ed do 7 dn\u00ed od v\u00e1\u0161ho po\u010diato\u010dn\u00e9ho n\u00e1kupu.Bez zbyto\u010dn\u00fdch ot\u00e1zok. Jednoducho po\u0161lite e-mail na support@orynycz.com s va\u0161\u00edm dokladom o k\u00fape.Po uplynut\u00ed tejto lehoty sa vr\u00e1tenie pe\u0148az\u00ed vybavuje individu\u00e1lne a nie je zaru\u010den\u00e9.<\/p>\n","protected":false},"author":2,"featured_media":0,"parent":10936,"menu_order":0,"comment_status":"closed","ping_status":"closed","template":"","meta":{"inline_featured_image":false,"footnotes":""},"class_list":["post-11039","page","type-page","status-publish","hentry"],"yoast_head":"<!-- This site is optimized with the Yoast SEO Premium plugin v27.3 (Yoast SEO v27.4) - https:\/\/yoast.com\/product\/yoast-seo-premium-wordpress\/ -->\n<title>Z\u00e1sady vr\u00e1tenia pe\u0148az\u00ed | Petro Orynycz<\/title>\n<meta name=\"robots\" content=\"index, follow, max-snippet:-1, max-image-preview:large, max-video-preview:-1\" \/>\n<link rel=\"canonical\" href=\"https:\/\/www.orynycz.com\/sk\/zasady\/vratky\/\" \/>\n<meta property=\"og:locale\" content=\"sk_SK\" \/>\n<meta property=\"og:type\" content=\"article\" \/>\n<meta property=\"og:title\" content=\"Z\u00e1sady vr\u00e1tenia pe\u0148az\u00ed\" \/>\n<meta property=\"og:description\" content=\"Ak nie ste z ak\u00e9hoko\u013evek d\u00f4vodu spokojn\u00ed s LemkoTran Pro, m\u00f4\u017eete po\u017eiada\u0165 o \u00fapln\u00e9 vr\u00e1tenie pe\u0148az\u00ed do 7 dn\u00ed od v\u00e1\u0161ho po\u010diato\u010dn\u00e9ho n\u00e1kupu.Bez zbyto\u010dn\u00fdch ot\u00e1zok. Jednoducho po\u0161lite e-mail na support@orynycz.com s va\u0161\u00edm dokladom o k\u00fape.Po uplynut\u00ed tejto lehoty sa vr\u00e1tenie pe\u0148az\u00ed vybavuje individu\u00e1lne a nie je zaru\u010den\u00e9.\" \/>\n<meta property=\"og:url\" content=\"https:\/\/www.orynycz.com\/sk\/zasady\/vratky\/\" \/>\n<meta property=\"og:site_name\" content=\"Petro Orynycz\" \/>\n<meta property=\"article:publisher\" content=\"https:\/\/www.facebook.com\/orynycz\" \/>\n<meta property=\"article:modified_time\" content=\"2026-02-06T10:34:33+00:00\" \/>\n<meta name=\"twitter:card\" content=\"summary_large_image\" \/>\n<script type=\"application\/ld+json\" class=\"yoast-schema-graph\">{\"@context\":\"https:\\\/\\\/schema.org\",\"@graph\":[{\"@type\":\"WebPage\",\"@id\":\"https:\\\/\\\/www.orynycz.com\\\/sk\\\/zasady\\\/vratky\\\/\",\"url\":\"https:\\\/\\\/www.orynycz.com\\\/sk\\\/zasady\\\/vratky\\\/\",\"name\":\"Z\u00e1sady vr\u00e1tenia pe\u0148az\u00ed | Petro Orynycz\",\"isPartOf\":{\"@id\":\"https:\\\/\\\/www.orynycz.com\\\/sk\\\/#website\"},\"datePublished\":\"2025-07-07T19:55:12+00:00\",\"dateModified\":\"2026-02-06T10:34:33+00:00\",\"breadcrumb\":{\"@id\":\"https:\\\/\\\/www.orynycz.com\\\/sk\\\/zasady\\\/vratky\\\/#breadcrumb\"},\"inLanguage\":\"sk-SK\",\"potentialAction\":[{\"@type\":\"ReadAction\",\"target\":[\"https:\\\/\\\/www.orynycz.com\\\/sk\\\/zasady\\\/vratky\\\/\"]}]},{\"@type\":\"BreadcrumbList\",\"@id\":\"https:\\\/\\\/www.orynycz.com\\\/sk\\\/zasady\\\/vratky\\\/#breadcrumb\",\"itemListElement\":[{\"@type\":\"ListItem\",\"position\":1,\"name\":\"Domov\",\"item\":\"https:\\\/\\\/www.orynycz.com\\\/sk\\\/\"},{\"@type\":\"ListItem\",\"position\":2,\"name\":\"Z\u00e1sady\",\"item\":\"https:\\\/\\\/www.orynycz.com\\\/sk\\\/policy\\\/\"},{\"@type\":\"ListItem\",\"position\":3,\"name\":\"Vr\u00e1tenie pe\u0148az\u00ed\"}]},{\"@type\":\"WebSite\",\"@id\":\"https:\\\/\\\/www.orynycz.com\\\/sk\\\/#website\",\"url\":\"https:\\\/\\\/www.orynycz.com\\\/sk\\\/\",\"name\":\"Orynycz.com\",\"description\":\"Vedec. In\u017einier umelej inteligencie. Lingvista.\",\"publisher\":{\"@id\":\"https:\\\/\\\/www.orynycz.com\\\/#organization\"},\"alternateName\":\"\u041e\u0440\u0438\u043d\u0438\u0447.com\",\"potentialAction\":[{\"@type\":\"SearchAction\",\"target\":{\"@type\":\"EntryPoint\",\"urlTemplate\":\"https:\\\/\\\/www.orynycz.com\\\/sk\\\/?s={search_term_string}\"},\"query-input\":{\"@type\":\"PropertyValueSpecification\",\"valueRequired\":true,\"valueName\":\"search_term_string\"}}],\"inLanguage\":\"sk-SK\"},{\"@type\":\"Organization\",\"@id\":\"https:\\\/\\\/www.orynycz.com\\\/#organization\",\"name\":\"orynycz.com\",\"alternateName\":\"\u041e\u0440\u0438\u043d\u0438\u0447.com\",\"url\":\"https:\\\/\\\/www.orynycz.com\\\/sk\\\/\",\"logo\":{\"@type\":\"ImageObject\",\"inLanguage\":\"sk-SK\",\"@id\":\"https:\\\/\\\/www.orynycz.com\\\/sk\\\/#\\\/schema\\\/logo\\\/image\\\/\",\"url\":\"https:\\\/\\\/www.orynycz.com\\\/wp-content\\\/uploads\\\/2025\\\/12\\\/logo-1.jpg\",\"contentUrl\":\"https:\\\/\\\/www.orynycz.com\\\/wp-content\\\/uploads\\\/2025\\\/12\\\/logo-1.jpg\",\"width\":512,\"height\":512,\"caption\":\"orynycz.com\"},\"image\":{\"@id\":\"https:\\\/\\\/www.orynycz.com\\\/sk\\\/#\\\/schema\\\/logo\\\/image\\\/\"},\"sameAs\":[\"https:\\\/\\\/www.facebook.com\\\/orynycz\"],\"publishingPrinciples\":\"https:\\\/\\\/www.orynycz.com\\\/sk\\\/zasady\\\/\",\"ownershipFundingInfo\":\"https:\\\/\\\/www.orynycz.com\\\/sk\\\/zasady\\\/\",\"actionableFeedbackPolicy\":\"https:\\\/\\\/www.orynycz.com\\\/sk\\\/zasady\\\/\",\"correctionsPolicy\":\"https:\\\/\\\/www.orynycz.com\\\/sk\\\/zasady\\\/\",\"ethicsPolicy\":\"https:\\\/\\\/www.orynycz.com\\\/sk\\\/zasady\\\/\",\"diversityPolicy\":\"https:\\\/\\\/www.orynycz.com\\\/sk\\\/zasady\\\/\",\"diversityStaffingReport\":\"https:\\\/\\\/www.orynycz.com\\\/sk\\\/zasady\\\/\"}]}<\/script>\n<!-- \/ Yoast SEO Premium plugin. -->","yoast_head_json":{"title":"Z\u00e1sady vr\u00e1tenia pe\u0148az\u00ed | Petro Orynycz","robots":{"index":"index","follow":"follow","max-snippet":"max-snippet:-1","max-image-preview":"max-image-preview:large","max-video-preview":"max-video-preview:-1"},"canonical":"https:\/\/www.orynycz.com\/sk\/zasady\/vratky\/","og_locale":"sk_SK","og_type":"article","og_title":"Z\u00e1sady vr\u00e1tenia pe\u0148az\u00ed","og_description":"Ak nie ste z ak\u00e9hoko\u013evek d\u00f4vodu spokojn\u00ed s LemkoTran Pro, m\u00f4\u017eete po\u017eiada\u0165 o \u00fapln\u00e9 vr\u00e1tenie pe\u0148az\u00ed do 7 dn\u00ed od v\u00e1\u0161ho po\u010diato\u010dn\u00e9ho n\u00e1kupu.Bez zbyto\u010dn\u00fdch ot\u00e1zok. Jednoducho po\u0161lite e-mail na support@orynycz.com s va\u0161\u00edm dokladom o k\u00fape.Po uplynut\u00ed tejto lehoty sa vr\u00e1tenie pe\u0148az\u00ed vybavuje individu\u00e1lne a nie je zaru\u010den\u00e9.","og_url":"https:\/\/www.orynycz.com\/sk\/zasady\/vratky\/","og_site_name":"Petro Orynycz","article_publisher":"https:\/\/www.facebook.com\/orynycz","article_modified_time":"2026-02-06T10:34:33+00:00","twitter_card":"summary_large_image","schema":{"@context":"https:\/\/schema.org","@graph":[{"@type":"WebPage","@id":"https:\/\/www.orynycz.com\/sk\/zasady\/vratky\/","url":"https:\/\/www.orynycz.com\/sk\/zasady\/vratky\/","name":"Z\u00e1sady vr\u00e1tenia pe\u0148az\u00ed | Petro Orynycz","isPartOf":{"@id":"https:\/\/www.orynycz.com\/sk\/#website"},"datePublished":"2025-07-07T19:55:12+00:00","dateModified":"2026-02-06T10:34:33+00:00","breadcrumb":{"@id":"https:\/\/www.orynycz.com\/sk\/zasady\/vratky\/#breadcrumb"},"inLanguage":"sk-SK","potentialAction":[{"@type":"ReadAction","target":["https:\/\/www.orynycz.com\/sk\/zasady\/vratky\/"]}]},{"@type":"BreadcrumbList","@id":"https:\/\/www.orynycz.com\/sk\/zasady\/vratky\/#breadcrumb","itemListElement":[{"@type":"ListItem","position":1,"name":"Domov","item":"https:\/\/www.orynycz.com\/sk\/"},{"@type":"ListItem","position":2,"name":"Z\u00e1sady","item":"https:\/\/www.orynycz.com\/sk\/policy\/"},{"@type":"ListItem","position":3,"name":"Vr\u00e1tenie pe\u0148az\u00ed"}]},{"@type":"WebSite","@id":"https:\/\/www.orynycz.com\/sk\/#website","url":"https:\/\/www.orynycz.com\/sk\/","name":"Orynycz.com","description":"Vedec. In\u017einier umelej inteligencie. Lingvista.","publisher":{"@id":"https:\/\/www.orynycz.com\/#organization"},"alternateName":"\u041e\u0440\u0438\u043d\u0438\u0447.com","potentialAction":[{"@type":"SearchAction","target":{"@type":"EntryPoint","urlTemplate":"https:\/\/www.orynycz.com\/sk\/?s={search_term_string}"},"query-input":{"@type":"PropertyValueSpecification","valueRequired":true,"valueName":"search_term_string"}}],"inLanguage":"sk-SK"},{"@type":"Organization","@id":"https:\/\/www.orynycz.com\/#organization","name":"orynycz.com","alternateName":"\u041e\u0440\u0438\u043d\u0438\u0447.com","url":"https:\/\/www.orynycz.com\/sk\/","logo":{"@type":"ImageObject","inLanguage":"sk-SK","@id":"https:\/\/www.orynycz.com\/sk\/#\/schema\/logo\/image\/","url":"https:\/\/www.orynycz.com\/wp-content\/uploads\/2025\/12\/logo-1.jpg","contentUrl":"https:\/\/www.orynycz.com\/wp-content\/uploads\/2025\/12\/logo-1.jpg","width":512,"height":512,"caption":"orynycz.com"},"image":{"@id":"https:\/\/www.orynycz.com\/sk\/#\/schema\/logo\/image\/"},"sameAs":["https:\/\/www.facebook.com\/orynycz"],"publishingPrinciples":"https:\/\/www.orynycz.com\/sk\/zasady\/","ownershipFundingInfo":"https:\/\/www.orynycz.com\/sk\/zasady\/","actionableFeedbackPolicy":"https:\/\/www.orynycz.com\/sk\/zasady\/","correctionsPolicy":"https:\/\/www.orynycz.com\/sk\/zasady\/","ethicsPolicy":"https:\/\/www.orynycz.com\/sk\/zasady\/","diversityPolicy":"https:\/\/www.orynycz.com\/sk\/zasady\/","diversityStaffingReport":"https:\/\/www.orynycz.com\/sk\/zasady\/"}]}},"_links":{"self":[{"href":"https:\/\/www.orynycz.com\/sk\/wp-json\/wp\/v2\/pages\/11039","targetHints":{"allow":["GET"]}}],"collection":[{"href":"https:\/\/www.orynycz.com\/sk\/wp-json\/wp\/v2\/pages"}],"about":[{"href":"https:\/\/www.orynycz.com\/sk\/wp-json\/wp\/v2\/types\/page"}],"author":[{"embeddable":true,"href":"https:\/\/www.orynycz.com\/sk\/wp-json\/wp\/v2\/users\/2"}],"replies":[{"embeddable":true,"href":"https:\/\/www.orynycz.com\/sk\/wp-json\/wp\/v2\/comments?post=11039"}],"version-history":[{"count":1,"href":"https:\/\/www.orynycz.com\/sk\/wp-json\/wp\/v2\/pages\/11039\/revisions"}],"predecessor-version":[{"id":11040,"href":"https:\/\/www.orynycz.com\/sk\/wp-json\/wp\/v2\/pages\/11039\/revisions\/11040"}],"up":[{"embeddable":true,"href":"https:\/\/www.orynycz.com\/sk\/wp-json\/wp\/v2\/pages\/10936"}],"wp:attachment":[{"href":"https:\/\/www.orynycz.com\/sk\/wp-json\/wp\/v2\/media?parent=11039"}],"curies":[{"name":"wp","href":"https:\/\/api.w.org\/{rel}","templated":true}]}}