{"id":10970,"date":"2024-01-19T14:09:26","date_gmt":"2024-01-19T14:09:26","guid":{"rendered":"https:\/\/www.orynycz.com\/o-mne\/"},"modified":"2026-02-08T13:43:40","modified_gmt":"2026-02-08T13:43:40","slug":"o-mne","status":"publish","type":"page","link":"https:\/\/www.orynycz.com\/sk\/","title":{"rendered":"Petro Orynycz: AI in\u017einier a v\u00fdpo\u010dtov\u00fd lingvista"},"content":{"rendered":"<figure class=\"alignfull fullbleed wp-block-post-featured-image\"><img loading=\"lazy\" decoding=\"async\" width=\"1920\" height=\"1080\" src=\"https:\/\/www.orynycz.com\/wp-content\/uploads\/2026\/02\/about-me.sk_.jpg\" class=\"attachment-post-thumbnail size-post-thumbnail wp-post-image\" alt=\"Petro Orynycz\" style=\"object-fit:cover;\" srcset=\"https:\/\/www.orynycz.com\/wp-content\/uploads\/2026\/02\/about-me.sk_.jpg 1920w, https:\/\/www.orynycz.com\/wp-content\/uploads\/2026\/02\/about-me.sk_-300x169.jpg 300w, https:\/\/www.orynycz.com\/wp-content\/uploads\/2026\/02\/about-me.sk_-1024x576.jpg 1024w, https:\/\/www.orynycz.com\/wp-content\/uploads\/2026\/02\/about-me.sk_-768x432.jpg 768w, https:\/\/www.orynycz.com\/wp-content\/uploads\/2026\/02\/about-me.sk_-1536x864.jpg 1536w\" sizes=\"auto, (max-width: 1920px) 100vw, 1920px\" \/><\/figure>\n<p class=\"wp-container-content-0733e5d0\">Som <strong>Petro Orynycz<\/strong> (\u041f\u0435\u0442\u0440\u043e \u041e\u0440\u0438\u043d\u0438\u0447), <strong>AI in\u017einier<\/strong> a v\u00fdpo\u010dtov\u00fd lingvista s dvojit\u00fdm ob\u010dianstvom a rus\u00ednskymi kore\u0148mi. <strong>Tr\u00e9nujem, dola\u010fujem a nasadzujem LLM<\/strong> pre komunity dedi\u010dn\u00fdch a domorod\u00fdch jazykov, najm\u00e4 v prostrediach s obmedzen\u00fdmi zdrojmi d\u00e1t. Poch\u00e1dzam z Washingtonu, DC. Moje rus\u00ednske korene siahaj\u00fa do obc\u00ed Torysky, Medzilaborce a Zahoczewie (dne\u0161n\u00e9 Po\u013esko a Slovensko). Je to pr\u00edbeh transatlantickej diasp\u00f3ry, ktor\u00fd zdie\u013eam s Andym Warholom \u2013 a ktor\u00fd sa oz\u00fdva aj vo filme <em>Lovec jele\u0148ov<\/em>.    <\/p>\n<div class=\"wp-block-post-time-to-read\">2\u20133 min\u00faty<\/div>\n<div class=\"wp-block-yoast-seo-table-of-contents yoast-table-of-contents\"><h2>Obsah<\/h2><ul><li><a href=\"#h-path\" data-level=\"2\">Cesta<\/a><\/li><li><a href=\"#h-results\" data-level=\"2\">V\u00fdsledky<\/a><\/li><li><a href=\"#h-now\" data-level=\"2\">Teraz<\/a><\/li><li><a href=\"#h-education\" data-level=\"2\">Vzdelanie<\/a><\/li><li><a href=\"#h-how-i-work\" data-level=\"2\">Ako pracujem<\/a><\/li><li><a href=\"#h-connect\" data-level=\"2\">Spoj sa<\/a><\/li><\/ul><\/div>\n\n<h2 class=\"wp-block-heading\" id=\"h-path\">Cesta<\/h2>\n\n<p>Moja kari\u00e9rna cesta sa za\u010dala hackovan\u00edm Apple II v pr\u00edslove\u010dnej pivnici 90. rokov. Viedla cez \u0165a\u017ek\u00fd priemysel, vr\u00e1tane \u017eeleziarn\u00ed a elektr\u00e1rne, kde som p\u00f4sobil ako jazykov\u00fd \u0161pecialista. Potom sa presunula do kancel\u00e1rie vo v\u00fd\u0161kovej budove vo Washingtone DC, kde som robil investigat\u00edvnu pr\u00e1cu v postsovietskom ropnom a plyn\u00e1renskom sektore a naplno vyu\u017e\u00edval svoje jazykov\u00e9 znalosti. N\u00e1sledne som cestoval po svete a viedol glob\u00e1lnu prekladate\u013esk\u00fa firmu, ktor\u00e1 pracovala pre zna\u010dky ako BMW, Mercedes a Siemens. V\u00fdrazn\u00fdm m\u00ed\u013enikom bol m\u00f4j pr\u00edspevok k projektu Google Translate po\u010das prelomu neur\u00f3nov\u00e9ho prekladu. Nesk\u00f4r som ako projektov\u00fd mana\u017e\u00e9r a lokaliza\u010dn\u00fd in\u017einier viedol stovky lingvistov u obrann\u00e9ho dod\u00e1vate\u013ea v oblasti Washingtonu DC. U\u017e \u0161es\u0165 rokov p\u00f4sob\u00edm ako senior softv\u00e9rov\u00fd in\u017einier vo firme vo Virg\u00ednii.      <\/p>\n\n<h2 class=\"wp-block-heading\" id=\"h-results\">V\u00fdsledky<\/h2>\n\n<p>Postavil som a nasadil <a href=\"https:\/\/www.orynycz.com\/sk\/lemkovsky-prekladac\/\" type=\"page\" id=\"104\">prv\u00fd lemkovsk\u00fd prekladov\u00fd syst\u00e9m na svete<\/a>, pri\u010dom som dosiahol publikovan\u00e9 sk\u00f3re kvality metriky BLEU podporovan\u00e9 DARPA, \u0161es\u0165kr\u00e1t vy\u0161\u0161ie ako ukrajinsk\u00e1 slu\u017eba Google Translate. Svoje v\u00fdsledky zdie\u013eam s in\u00fdmi vedcami v <a href=\"https:\/\/www.orynycz.com\/sk\/recenzovane-vedecke-publikacie\/\" type=\"page\" id=\"7940\">publik\u00e1ci\u00e1ch<\/a> Springer Nature a prezentoval som ich na vlajkovej konferencii I\/ITSEC N\u00e1rodnej asoci\u00e1cie obrann\u00e9ho priemyslu, najv\u00e4\u010d\u0161ej svetovej udalosti v oblasti modelovania, simul\u00e1cie a v\u00fdcviku.<\/p>\n\n<h2 class=\"wp-block-heading\" id=\"h-now\">Teraz<\/h2>\n\n<p>Dnes pracujem na dola\u010fovan\u00ed ve\u013ek\u00fdch jazykov\u00fdch modelov na podporu n\u00edzkozdrojov\u00fdch, domorod\u00fdch, ohrozen\u00fdch, klasick\u00fdch a \u201espiacich\u201c jazykov. Z\u00e1rove\u0148 budujem bootcamp pre AI in\u017einierov zameran\u00fd na praktick\u00e9 zru\u010dnosti, re\u00e1lne syst\u00e9my a nasadzovanie funguj\u00facich rie\u0161en\u00ed. Mimo obrazovky organizujem stretnutia o dedi\u010dn\u00fdch jazykoch a r\u00e1d tr\u00e9nujem street workout. <\/p>\n\n<h2 class=\"wp-block-heading\" id=\"h-education\">Vzdelanie<\/h2>\n\n<p>Vy\u0161tudoval som In\u0161tit\u00fat v\u00fdchodoslovanskej filol\u00f3gie na Jagelovskej univerzite v Krakove (Po\u013esko), alma mater p\u00e1pe\u017ea J\u00e1na Pavla II. a Mikul\u00e1\u0161a Kopernika. Vyu\u010dovac\u00edmi jazykmi boli po\u013e\u0161tina a ru\u0161tina, ktor\u00e9 som si osvojil od z\u00e1kladov. <\/p>\n\n<h2 class=\"wp-block-heading\" id=\"h-how-i-work\">Ako pracujem<\/h2>\n\n<p>Ke\u010f so mnou pracuje\u0161, \u010dakaj pokojn\u00e9 vykon\u00e1vanie, vysok\u00e9 \u0161tandardy, testami riaden\u00fd v\u00fdvoj a re\u00e1lne nasadzovanie. Pre \u013eud\u00ed, ktor\u00ed sa zapoja a dotiahnu veci do konca, m\u00e1m lojalitu a jasn\u00fa komunik\u00e1ciu.<\/p>\n\n<h2 class=\"wp-block-heading\" id=\"h-connect\">Spoj sa<\/h2>\n\n<p>R\u00e1d spozn\u00e1m \u013eud\u00ed, ktor\u00ed maj\u00fa vysok\u00fa d\u00f4slednos\u0165 a dotiahnu veci do konca. Ak naozaj doru\u010duje\u0161 v\u00fdsledky v AI, jazykoch alebo vzdel\u00e1van\u00ed, <a href=\"https:\/\/www.orynycz.com\/sk\/kontakt\/\" type=\"page\" id=\"11203\">ozvi sa mi<\/a>. <\/p>\n","protected":false},"excerpt":{"rendered":"<p>Som Petro Orynycz (\u041f\u0435\u0442\u0440\u043e \u041e\u0440\u0438\u043d\u0438\u0447), AI in\u017einier a v\u00fdpo\u010dtov\u00fd lingvista s dvojit\u00fdm ob\u010dianstvom a rus\u00ednskymi kore\u0148mi. Tr\u00e9nujem, dola\u010fujem a nasadzujem LLM pre komunity dedi\u010dn\u00fdch a domorod\u00fdch jazykov, najm\u00e4 v prostrediach s obmedzen\u00fdmi zdrojmi d\u00e1t. Poch\u00e1dzam z Washingtonu, DC. Moje rus\u00ednske korene siahaj\u00fa do obc\u00ed Torysky, Medzilaborce a Zahoczewie (dne\u0161n\u00e9 Po\u013esko a Slovensko). Je to pr\u00edbeh [&hellip;]<\/p>\n","protected":false},"author":2,"featured_media":12767,"parent":0,"menu_order":0,"comment_status":"open","ping_status":"closed","template":"petro-bare-tight","meta":{"inline_featured_image":false,"footnotes":""},"class_list":["post-10970","page","type-page","status-publish","has-post-thumbnail","hentry"],"yoast_head":"<!-- This site is optimized with the Yoast SEO Premium plugin v27.3 (Yoast SEO v27.4) - https:\/\/yoast.com\/product\/yoast-seo-premium-wordpress\/ -->\n<title>AI in\u017einier: Moja cesta jazykmi a technol\u00f3giami | Petro Orynycz<\/title>\n<meta name=\"description\" content=\"Zozn\u00e1mte sa s ma\u010farsko-americk\u00fdm AI in\u017einierom, ktor\u00fd postavil prv\u00fd neur\u00f3nov\u00fd lemkovsk\u00fd prekladov\u00fd syst\u00e9m a tr\u00e9nuje LLM pre prehliadan\u00e9 jazyky.\" \/>\n<meta name=\"robots\" content=\"index, follow, max-snippet:-1, max-image-preview:large, max-video-preview:-1\" \/>\n<link rel=\"canonical\" href=\"https:\/\/www.orynycz.com\/sk\/\" \/>\n<meta property=\"og:locale\" content=\"sk_SK\" \/>\n<meta property=\"og:type\" content=\"article\" \/>\n<meta property=\"og:title\" content=\"AI in\u017einier: Moja cesta cez jazyky a technol\u00f3gie\" \/>\n<meta property=\"og:description\" content=\"Zozn\u00e1m sa s Petrom Orynyczom, talentovan\u00fdm AI in\u017einierom, ktor\u00fd men\u00ed jazykov\u00e9 ekosyst\u00e9my pomocou inovat\u00edvnych rie\u0161en\u00ed.\" \/>\n<meta property=\"og:url\" content=\"https:\/\/www.orynycz.com\/sk\/\" \/>\n<meta property=\"og:site_name\" content=\"Petro Orynycz\" \/>\n<meta property=\"article:publisher\" content=\"https:\/\/www.facebook.com\/orynycz\" \/>\n<meta property=\"article:modified_time\" content=\"2026-02-08T13:43:40+00:00\" \/>\n<meta property=\"og:image\" content=\"https:\/\/www.orynycz.com\/wp-content\/uploads\/2026\/02\/about-me.jpg\" \/>\n\t<meta property=\"og:image:width\" content=\"1920\" \/>\n\t<meta property=\"og:image:height\" content=\"1080\" \/>\n\t<meta property=\"og:image:type\" content=\"image\/jpeg\" \/>\n<meta name=\"twitter:card\" content=\"summary_large_image\" \/>\n<meta name=\"twitter:title\" content=\"Postrehy AI in\u017einiera o jazyku a technol\u00f3gi\u00e1ch\" \/>\n<meta name=\"twitter:description\" content=\"Zozn\u00e1m sa s Petrom Orynyczom, AI in\u017einierom, ktor\u00fd tr\u00e9nuje jazykov\u00e9 modely pre domorod\u00e9 a dedi\u010dn\u00e9 jazyky.\" \/>\n<meta name=\"twitter:label1\" content=\"Predpokladan\u00fd \u010das \u010d\u00edtania\" \/>\n\t<meta name=\"twitter:data1\" content=\"3 min\u00fat\" \/>\n<script type=\"application\/ld+json\" class=\"yoast-schema-graph\">{\"@context\":\"https:\\\/\\\/schema.org\",\"@graph\":[{\"@type\":[\"WebPage\",\"ProfilePage\"],\"@id\":\"https:\\\/\\\/www.orynycz.com\\\/sk\\\/\",\"url\":\"https:\\\/\\\/www.orynycz.com\\\/sk\\\/\",\"name\":\"AI in\u017einier: Moja cesta jazykmi a technol\u00f3giami | Petro Orynycz\",\"isPartOf\":{\"@id\":\"https:\\\/\\\/www.orynycz.com\\\/sk\\\/#website\"},\"primaryImageOfPage\":{\"@id\":\"https:\\\/\\\/www.orynycz.com\\\/sk\\\/#primaryimage\"},\"image\":{\"@id\":\"https:\\\/\\\/www.orynycz.com\\\/sk\\\/#primaryimage\"},\"thumbnailUrl\":\"https:\\\/\\\/www.orynycz.com\\\/wp-content\\\/uploads\\\/2026\\\/02\\\/about-me.sk_.jpg\",\"datePublished\":\"2024-01-19T14:09:26+00:00\",\"dateModified\":\"2026-02-08T13:43:40+00:00\",\"description\":\"Zozn\u00e1mte sa s ma\u010farsko-americk\u00fdm AI in\u017einierom, ktor\u00fd postavil prv\u00fd neur\u00f3nov\u00fd lemkovsk\u00fd prekladov\u00fd syst\u00e9m a tr\u00e9nuje LLM pre prehliadan\u00e9 jazyky.\",\"breadcrumb\":{\"@id\":\"https:\\\/\\\/www.orynycz.com\\\/sk\\\/#breadcrumb\"},\"inLanguage\":\"sk-SK\",\"potentialAction\":[{\"@type\":\"ReadAction\",\"target\":[\"https:\\\/\\\/www.orynycz.com\\\/sk\\\/\"]}],\"accessibilityFeature\":[\"tableOfContents\"]},{\"@type\":\"ImageObject\",\"inLanguage\":\"sk-SK\",\"@id\":\"https:\\\/\\\/www.orynycz.com\\\/sk\\\/#primaryimage\",\"url\":\"https:\\\/\\\/www.orynycz.com\\\/wp-content\\\/uploads\\\/2026\\\/02\\\/about-me.sk_.jpg\",\"contentUrl\":\"https:\\\/\\\/www.orynycz.com\\\/wp-content\\\/uploads\\\/2026\\\/02\\\/about-me.sk_.jpg\",\"width\":1920,\"height\":1080,\"caption\":\"Petro Orynycz\"},{\"@type\":\"BreadcrumbList\",\"@id\":\"https:\\\/\\\/www.orynycz.com\\\/sk\\\/#breadcrumb\",\"itemListElement\":[{\"@type\":\"ListItem\",\"position\":1,\"name\":\"Domov\",\"item\":\"https:\\\/\\\/www.orynycz.com\\\/sk\\\/\"},{\"@type\":\"ListItem\",\"position\":2,\"name\":\"Petro Orynycz: AI in\u017einier a v\u00fdpo\u010dtov\u00fd lingvista\"}]},{\"@type\":\"WebSite\",\"@id\":\"https:\\\/\\\/www.orynycz.com\\\/sk\\\/#website\",\"url\":\"https:\\\/\\\/www.orynycz.com\\\/sk\\\/\",\"name\":\"Orynycz.com\",\"description\":\"Vedec. In\u017einier umelej inteligencie. Lingvista.\",\"publisher\":{\"@id\":\"https:\\\/\\\/www.orynycz.com\\\/#organization\"},\"alternateName\":\"\u041e\u0440\u0438\u043d\u0438\u0447.com\",\"potentialAction\":[{\"@type\":\"SearchAction\",\"target\":{\"@type\":\"EntryPoint\",\"urlTemplate\":\"https:\\\/\\\/www.orynycz.com\\\/sk\\\/?s={search_term_string}\"},\"query-input\":{\"@type\":\"PropertyValueSpecification\",\"valueRequired\":true,\"valueName\":\"search_term_string\"}}],\"inLanguage\":\"sk-SK\"},{\"@type\":\"Organization\",\"@id\":\"https:\\\/\\\/www.orynycz.com\\\/#organization\",\"name\":\"orynycz.com\",\"alternateName\":\"\u041e\u0440\u0438\u043d\u0438\u0447.com\",\"url\":\"https:\\\/\\\/www.orynycz.com\\\/sk\\\/\",\"logo\":{\"@type\":\"ImageObject\",\"inLanguage\":\"sk-SK\",\"@id\":\"https:\\\/\\\/www.orynycz.com\\\/sk\\\/#\\\/schema\\\/logo\\\/image\\\/\",\"url\":\"https:\\\/\\\/www.orynycz.com\\\/wp-content\\\/uploads\\\/2025\\\/12\\\/logo-1.jpg\",\"contentUrl\":\"https:\\\/\\\/www.orynycz.com\\\/wp-content\\\/uploads\\\/2025\\\/12\\\/logo-1.jpg\",\"width\":512,\"height\":512,\"caption\":\"orynycz.com\"},\"image\":{\"@id\":\"https:\\\/\\\/www.orynycz.com\\\/sk\\\/#\\\/schema\\\/logo\\\/image\\\/\"},\"sameAs\":[\"https:\\\/\\\/www.facebook.com\\\/orynycz\"],\"mainEntityOfPage\":{\"@id\":\"https:\\\/\\\/www.orynycz.com\\\/sk\\\/\"},\"publishingPrinciples\":\"https:\\\/\\\/www.orynycz.com\\\/sk\\\/zasady\\\/\",\"ownershipFundingInfo\":\"https:\\\/\\\/www.orynycz.com\\\/sk\\\/zasady\\\/\",\"actionableFeedbackPolicy\":\"https:\\\/\\\/www.orynycz.com\\\/sk\\\/zasady\\\/\",\"correctionsPolicy\":\"https:\\\/\\\/www.orynycz.com\\\/sk\\\/zasady\\\/\",\"ethicsPolicy\":\"https:\\\/\\\/www.orynycz.com\\\/sk\\\/zasady\\\/\",\"diversityPolicy\":\"https:\\\/\\\/www.orynycz.com\\\/sk\\\/zasady\\\/\",\"diversityStaffingReport\":\"https:\\\/\\\/www.orynycz.com\\\/sk\\\/zasady\\\/\"}]}<\/script>\n<!-- \/ Yoast SEO Premium plugin. -->","yoast_head_json":{"title":"AI in\u017einier: Moja cesta jazykmi a technol\u00f3giami | Petro Orynycz","description":"Zozn\u00e1mte sa s ma\u010farsko-americk\u00fdm AI in\u017einierom, ktor\u00fd postavil prv\u00fd neur\u00f3nov\u00fd lemkovsk\u00fd prekladov\u00fd syst\u00e9m a tr\u00e9nuje LLM pre prehliadan\u00e9 jazyky.","robots":{"index":"index","follow":"follow","max-snippet":"max-snippet:-1","max-image-preview":"max-image-preview:large","max-video-preview":"max-video-preview:-1"},"canonical":"https:\/\/www.orynycz.com\/sk\/","og_locale":"sk_SK","og_type":"article","og_title":"AI in\u017einier: Moja cesta cez jazyky a technol\u00f3gie","og_description":"Zozn\u00e1m sa s Petrom Orynyczom, talentovan\u00fdm AI in\u017einierom, ktor\u00fd men\u00ed jazykov\u00e9 ekosyst\u00e9my pomocou inovat\u00edvnych rie\u0161en\u00ed.","og_url":"https:\/\/www.orynycz.com\/sk\/","og_site_name":"Petro Orynycz","article_publisher":"https:\/\/www.facebook.com\/orynycz","article_modified_time":"2026-02-08T13:43:40+00:00","og_image":[{"width":1920,"height":1080,"url":"https:\/\/www.orynycz.com\/wp-content\/uploads\/2026\/02\/about-me.jpg","type":"image\/jpeg"}],"twitter_card":"summary_large_image","twitter_title":"Postrehy AI in\u017einiera o jazyku a technol\u00f3gi\u00e1ch","twitter_description":"Zozn\u00e1m sa s Petrom Orynyczom, AI in\u017einierom, ktor\u00fd tr\u00e9nuje jazykov\u00e9 modely pre domorod\u00e9 a dedi\u010dn\u00e9 jazyky.","twitter_misc":{"Predpokladan\u00fd \u010das \u010d\u00edtania":"3 min\u00fat"},"schema":{"@context":"https:\/\/schema.org","@graph":[{"@type":["WebPage","ProfilePage"],"@id":"https:\/\/www.orynycz.com\/sk\/","url":"https:\/\/www.orynycz.com\/sk\/","name":"AI in\u017einier: Moja cesta jazykmi a technol\u00f3giami | Petro Orynycz","isPartOf":{"@id":"https:\/\/www.orynycz.com\/sk\/#website"},"primaryImageOfPage":{"@id":"https:\/\/www.orynycz.com\/sk\/#primaryimage"},"image":{"@id":"https:\/\/www.orynycz.com\/sk\/#primaryimage"},"thumbnailUrl":"https:\/\/www.orynycz.com\/wp-content\/uploads\/2026\/02\/about-me.sk_.jpg","datePublished":"2024-01-19T14:09:26+00:00","dateModified":"2026-02-08T13:43:40+00:00","description":"Zozn\u00e1mte sa s ma\u010farsko-americk\u00fdm AI in\u017einierom, ktor\u00fd postavil prv\u00fd neur\u00f3nov\u00fd lemkovsk\u00fd prekladov\u00fd syst\u00e9m a tr\u00e9nuje LLM pre prehliadan\u00e9 jazyky.","breadcrumb":{"@id":"https:\/\/www.orynycz.com\/sk\/#breadcrumb"},"inLanguage":"sk-SK","potentialAction":[{"@type":"ReadAction","target":["https:\/\/www.orynycz.com\/sk\/"]}],"accessibilityFeature":["tableOfContents"]},{"@type":"ImageObject","inLanguage":"sk-SK","@id":"https:\/\/www.orynycz.com\/sk\/#primaryimage","url":"https:\/\/www.orynycz.com\/wp-content\/uploads\/2026\/02\/about-me.sk_.jpg","contentUrl":"https:\/\/www.orynycz.com\/wp-content\/uploads\/2026\/02\/about-me.sk_.jpg","width":1920,"height":1080,"caption":"Petro Orynycz"},{"@type":"BreadcrumbList","@id":"https:\/\/www.orynycz.com\/sk\/#breadcrumb","itemListElement":[{"@type":"ListItem","position":1,"name":"Domov","item":"https:\/\/www.orynycz.com\/sk\/"},{"@type":"ListItem","position":2,"name":"Petro Orynycz: AI in\u017einier a v\u00fdpo\u010dtov\u00fd lingvista"}]},{"@type":"WebSite","@id":"https:\/\/www.orynycz.com\/sk\/#website","url":"https:\/\/www.orynycz.com\/sk\/","name":"Orynycz.com","description":"Vedec. In\u017einier umelej inteligencie. Lingvista.","publisher":{"@id":"https:\/\/www.orynycz.com\/#organization"},"alternateName":"\u041e\u0440\u0438\u043d\u0438\u0447.com","potentialAction":[{"@type":"SearchAction","target":{"@type":"EntryPoint","urlTemplate":"https:\/\/www.orynycz.com\/sk\/?s={search_term_string}"},"query-input":{"@type":"PropertyValueSpecification","valueRequired":true,"valueName":"search_term_string"}}],"inLanguage":"sk-SK"},{"@type":"Organization","@id":"https:\/\/www.orynycz.com\/#organization","name":"orynycz.com","alternateName":"\u041e\u0440\u0438\u043d\u0438\u0447.com","url":"https:\/\/www.orynycz.com\/sk\/","logo":{"@type":"ImageObject","inLanguage":"sk-SK","@id":"https:\/\/www.orynycz.com\/sk\/#\/schema\/logo\/image\/","url":"https:\/\/www.orynycz.com\/wp-content\/uploads\/2025\/12\/logo-1.jpg","contentUrl":"https:\/\/www.orynycz.com\/wp-content\/uploads\/2025\/12\/logo-1.jpg","width":512,"height":512,"caption":"orynycz.com"},"image":{"@id":"https:\/\/www.orynycz.com\/sk\/#\/schema\/logo\/image\/"},"sameAs":["https:\/\/www.facebook.com\/orynycz"],"mainEntityOfPage":{"@id":"https:\/\/www.orynycz.com\/sk\/"},"publishingPrinciples":"https:\/\/www.orynycz.com\/sk\/zasady\/","ownershipFundingInfo":"https:\/\/www.orynycz.com\/sk\/zasady\/","actionableFeedbackPolicy":"https:\/\/www.orynycz.com\/sk\/zasady\/","correctionsPolicy":"https:\/\/www.orynycz.com\/sk\/zasady\/","ethicsPolicy":"https:\/\/www.orynycz.com\/sk\/zasady\/","diversityPolicy":"https:\/\/www.orynycz.com\/sk\/zasady\/","diversityStaffingReport":"https:\/\/www.orynycz.com\/sk\/zasady\/"}]}},"_links":{"self":[{"href":"https:\/\/www.orynycz.com\/sk\/wp-json\/wp\/v2\/pages\/10970","targetHints":{"allow":["GET"]}}],"collection":[{"href":"https:\/\/www.orynycz.com\/sk\/wp-json\/wp\/v2\/pages"}],"about":[{"href":"https:\/\/www.orynycz.com\/sk\/wp-json\/wp\/v2\/types\/page"}],"author":[{"embeddable":true,"href":"https:\/\/www.orynycz.com\/sk\/wp-json\/wp\/v2\/users\/2"}],"replies":[{"embeddable":true,"href":"https:\/\/www.orynycz.com\/sk\/wp-json\/wp\/v2\/comments?post=10970"}],"version-history":[{"count":27,"href":"https:\/\/www.orynycz.com\/sk\/wp-json\/wp\/v2\/pages\/10970\/revisions"}],"predecessor-version":[{"id":12777,"href":"https:\/\/www.orynycz.com\/sk\/wp-json\/wp\/v2\/pages\/10970\/revisions\/12777"}],"wp:featuredmedia":[{"embeddable":true,"href":"https:\/\/www.orynycz.com\/sk\/wp-json\/wp\/v2\/media\/12767"}],"wp:attachment":[{"href":"https:\/\/www.orynycz.com\/sk\/wp-json\/wp\/v2\/media?parent=10970"}],"curies":[{"name":"wp","href":"https:\/\/api.w.org\/{rel}","templated":true}]}}