{"id":10946,"date":"2025-12-07T16:42:11","date_gmt":"2025-12-07T16:42:11","guid":{"rendered":"https:\/\/www.orynycz.com\/pravne\/zasady-ochrany-osobnych-udajov\/"},"modified":"2026-03-25T07:29:47","modified_gmt":"2026-03-25T07:29:47","slug":"sukromie","status":"publish","type":"page","link":"https:\/\/www.orynycz.com\/sk\/zasady\/sukromie\/","title":{"rendered":"Z\u00e1sady ochrany osobn\u00fdch \u00fadajov"},"content":{"rendered":"\n<p>Orynycz.com (\u201emy\u201c, \u201en\u00e1s\u201c alebo \u201ena\u0161e\u201c) prev\u00e1dzkuje webov\u00fa str\u00e1nku Orynycz.com (\u201eSlu\u017eba\u201c).<\/p>\n\n<p>T\u00e1to str\u00e1nka v\u00e1s informuje o na\u0161ich z\u00e1sad\u00e1ch t\u00fdkaj\u00facich sa zhroma\u017e\u010fovania, pou\u017e\u00edvania a zverej\u0148ovania osobn\u00fdch \u00fadajov, ke\u010f pou\u017e\u00edvate na\u0161u Slu\u017ebu.<\/p>\n\n<p>Va\u0161e inform\u00e1cie nebudeme pou\u017e\u00edva\u0165 ani zdie\u013ea\u0165 s nik\u00fdm in\u00fdm, okrem pr\u00edpadov op\u00edsan\u00fdch v t\u00fdchto Z\u00e1sad\u00e1ch ochrany osobn\u00fdch \u00fadajov.<\/p>\n\n<p>Va\u0161e osobn\u00e9 \u00fadaje pou\u017e\u00edvame na poskytovanie a zlep\u0161ovanie Slu\u017eby. Pou\u017e\u00edvan\u00edm Slu\u017eby s\u00fahlas\u00edte so zhroma\u017e\u010fovan\u00edm a pou\u017e\u00edvan\u00edm inform\u00e1ci\u00ed v s\u00falade s t\u00fdmito z\u00e1sadami. Pokia\u013e nie je v t\u00fdchto Z\u00e1sad\u00e1ch ochrany osobn\u00fdch \u00fadajov uveden\u00e9 inak, pojmy pou\u017eit\u00e9 v t\u00fdchto Z\u00e1sad\u00e1ch ochrany osobn\u00fdch \u00fadajov maj\u00fa rovnak\u00fd v\u00fdznam ako v na\u0161ich Podmienkach pou\u017e\u00edvania, ktor\u00e9 s\u00fa dostupn\u00e9 na https:\/\/www.orynycz.com  <\/p>\n\n<div class=\"wp-block-yoast-seo-table-of-contents yoast-table-of-contents\"><h2>Obsah<\/h2><ul><li><a href=\"#h-account-compliance-and-fraud-prevention-checks\" data-level=\"2\">Kontroly \u00fa\u010dtu, s\u00faladu s predpismi a prevencie podvodov<\/a><\/li><li><a href=\"#h-data-retention\" data-level=\"2\">Uchov\u00e1vanie \u00fadajov<\/a><\/li><li><a href=\"#h-information-collection-and-use\" data-level=\"2\">Zhroma\u017e\u010fovanie a pou\u017e\u00edvanie inform\u00e1ci\u00ed<\/a><\/li><li><a href=\"#h-log-data\" data-level=\"2\">\u00dadaje denn\u00edka<\/a><\/li><li><a href=\"#h-cookies\" data-level=\"2\">S\u00fabory cookie<\/a><\/li><li><a href=\"#h-service-providers\" data-level=\"2\">Poskytovatelia slu\u017eieb<\/a><\/li><li><a href=\"#h-security\" data-level=\"2\">Bezpe\u010dnos\u0165<\/a><\/li><li><a href=\"#h-links-to-other-sites\" data-level=\"2\">Odkazy na in\u00e9 str\u00e1nky<\/a><\/li><li><a href=\"#h-children-s-privacy\" data-level=\"2\">Ochrana s\u00fakromia det\u00ed<\/a><\/li><li><a href=\"#h-compliance-with-laws\" data-level=\"2\">S\u00falad so z\u00e1konmi<\/a><\/li><li><a href=\"#h-changes-to-this-privacy-policy\" data-level=\"2\">Zmeny t\u00fdchto Z\u00e1sad ochrany osobn\u00fdch \u00fadajov<\/a><\/li><li><a href=\"#h-contact-us\" data-level=\"2\">Kontaktujte n\u00e1s<\/a><\/li><\/ul><\/div>\n\n<h2 class=\"wp-block-heading\" id=\"h-account-compliance-and-fraud-prevention-checks\">Kontroly \u00fa\u010dtu, s\u00faladu s predpismi a prevencie podvodov<\/h2>\n\n<p>Ak si vytvor\u00ed\u0161 \u00fa\u010det, k\u00fapi\u0161 si platen\u00fa funkciu alebo prist\u00fapi\u0161 k ur\u010dit\u00fdm \u010dastiam Slu\u017eby, m\u00f4\u017eeme zhroma\u017e\u010fova\u0165 a pou\u017e\u00edva\u0165 inform\u00e1cie o \u00fa\u010dte a transakci\u00e1ch, ako s\u00fa tvoje meno, e-mailov\u00e1 adresa, inform\u00e1cie o profile, odpovede v r\u00e1mci potvrdenia a obmedzen\u00e9 technick\u00e9 \u00fadaje. Tieto inform\u00e1cie m\u00f4\u017eeme pou\u017ei\u0165 na poskytovanie Slu\u017eby, zabezpe\u010denie \u00fa\u010dtov, predch\u00e1dzanie podvodom a zneu\u017e\u00edvaniu, spracovanie platieb, vym\u00e1hanie na\u0161ich z\u00e1sad a plnenie z\u00e1konn\u00fdch povinnost\u00ed. <\/p>\n\n<p>V obmedzenom rozsahu m\u00f4\u017eeme preverova\u0165 registra\u010dn\u00e9 alebo transak\u010dn\u00e9 \u00fadaje vo\u010di ofici\u00e1lnym sank\u010dn\u00fdm zoznamom alebo zdrojom o obmedzen\u00fdch subjektoch na \u00fa\u010dely s\u00faladu s predpismi, prevencie podvodov a zabezpe\u010denia \u00fa\u010dtov. Uchov\u00e1vame minim\u00e1lne z\u00e1znamy o t\u00fdchto kontrol\u00e1ch a s\u00favisiacich rozhodnutiach na \u00fa\u010dely zodpovednosti a s\u00faladu s predpismi. V predvolenom nastaven\u00ed neuklad\u00e1me \u00fapln\u00e9 nespracovan\u00e9 odpovede z preverovania.  <\/p>\n\n<p>Kde je to relevantn\u00e9, opierame sa o z\u00e1konn\u00e9 z\u00e1klady, ako je plnenie zmluvy, opr\u00e1vnen\u00e9 z\u00e1ujmy a plnenie z\u00e1konn\u00fdch povinnost\u00ed. Na\u0161e opr\u00e1vnen\u00e9 z\u00e1ujmy zah\u0155\u0148aj\u00fa zabezpe\u010denie Slu\u017eby, predch\u00e1dzanie podvodom a zneu\u017e\u00edvaniu, vym\u00e1hanie na\u0161ich Podmienok a dodr\u017eiavanie sankci\u00ed a \u010fal\u0161\u00edch z\u00e1konn\u00fdch po\u017eiadaviek. <\/p>\n\n<h2 class=\"wp-block-heading\" id=\"h-data-retention\">Uchov\u00e1vanie \u00fadajov<\/h2>\n\n<p>Osobn\u00e9 \u00fadaje uchov\u00e1vame len tak dlho, ako je to primerane nevyhnutn\u00e9 na \u00fa\u010dely op\u00edsan\u00e9 v t\u00fdchto Z\u00e1sad\u00e1ch ochrany s\u00fakromia, vr\u00e1tane bezpe\u010dnosti, prevencie podvodov, dodr\u017eiavania z\u00e1konov, rie\u0161enia sporov a vym\u00e1hania na\u0161ich doh\u00f4d. Niektor\u00e9 z\u00e1znamy s\u00favisiace so s\u00faladom s predpismi m\u00f4\u017eu by\u0165 uchov\u00e1van\u00e9 dlh\u0161ie, ak to vy\u017eaduje alebo od\u00f4vod\u0148uje z\u00e1kon. Pravidl\u00e1 OFAC o veden\u00ed z\u00e1znamov m\u00f4\u017eu vy\u017eadova\u0165, aby sa \u00fapln\u00e9 a presn\u00e9 z\u00e1znamy o kryt\u00fdch transakci\u00e1ch uchov\u00e1vali aspo\u0148 10 rokov.  <\/p>\n\n<h2 class=\"wp-block-heading\" id=\"h-information-collection-and-use\">Zhroma\u017e\u010fovanie a pou\u017e\u00edvanie inform\u00e1ci\u00ed<\/h2>\n\n<p>Pri pou\u017e\u00edvan\u00ed na\u0161ej Slu\u017eby v\u00e1s m\u00f4\u017eeme po\u017eiada\u0165 o poskytnutie ur\u010dit\u00fdch osobn\u00fdch identifika\u010dn\u00fdch \u00fadajov, ktor\u00e9 mo\u017eno pou\u017ei\u0165 na kontaktovanie alebo identifik\u00e1ciu. Osobn\u00e9 identifika\u010dn\u00e9 \u00fadaje (\u201eOsobn\u00e9 \u00fadaje\u201c) m\u00f4\u017eu zah\u0155\u0148a\u0165, ale nie s\u00fa obmedzen\u00e9 na: <\/p>\n\n<h2 class=\"wp-block-heading\" id=\"h-log-data\">\u00dadaje denn\u00edka<\/h2>\n\n<p>Zhroma\u017e\u010fujeme inform\u00e1cie, ktor\u00e9 v\u00e1\u0161 prehliada\u010d odosiela v\u017edy, ke\u010f nav\u0161t\u00edvite na\u0161u Slu\u017ebu (\u201e\u00dadaje denn\u00edka\u201c). Tieto \u00dadaje denn\u00edka m\u00f4\u017eu zah\u0155\u0148a\u0165 inform\u00e1cie, ako je adresa internetov\u00e9ho protokolu (\u201eIP\u201c) v\u00e1\u0161ho po\u010d\u00edta\u010da, typ prehliada\u010da, verzia prehliada\u010da, str\u00e1nky na\u0161ej Slu\u017eby, ktor\u00e9 nav\u0161t\u00edvite, \u010das a d\u00e1tum va\u0161ej n\u00e1v\u0161tevy, \u010das str\u00e1ven\u00fd na t\u00fdchto str\u00e1nkach a in\u00e9 \u0161tatistiky. <\/p>\n\n<h2 class=\"wp-block-heading\" id=\"h-cookies\">S\u00fabory cookie<\/h2>\n\n<p>S\u00fabory cookie s\u00fa mal\u00e9 d\u00e1tov\u00e9 s\u00fabory, ktor\u00e9 m\u00f4\u017eu obsahova\u0165 anonymn\u00fd jedine\u010dn\u00fd identifik\u00e1tor. S\u00fabory cookie s\u00fa odosielan\u00e9 do v\u00e1\u0161ho prehliada\u010da z webovej str\u00e1nky a ulo\u017een\u00e9 na pevnom disku v\u00e1\u0161ho po\u010d\u00edta\u010da. <\/p>\n\n<p>Pou\u017e\u00edvame \u201ecookies\u201c na zhroma\u017e\u010fovanie inform\u00e1ci\u00ed. Svojmu prehliada\u010du m\u00f4\u017eete nariadi\u0165, aby odmietol v\u0161etky s\u00fabory cookie alebo aby ozn\u00e1mil, kedy sa s\u00fabor cookie odosiela. Ak v\u0161ak s\u00fabory cookie neprijmete, mo\u017eno nebudete m\u00f4c\u0165 pou\u017e\u00edva\u0165 niektor\u00e9 \u010dasti na\u0161ej Slu\u017eby.  <\/p>\n\n<h2 class=\"wp-block-heading\" id=\"h-service-providers\">Poskytovatelia slu\u017eieb<\/h2>\n\n<p>M\u00f4\u017eeme vyu\u017e\u00edva\u0165 slu\u017eby tret\u00edch str\u00e1n a jednotlivcov na u\u013eah\u010denie na\u0161ej Slu\u017eby, na poskytovanie Slu\u017eby v na\u0161om mene, na vykon\u00e1vanie slu\u017eieb s\u00favisiacich so Slu\u017ebou alebo na pomoc pri anal\u00fdze pou\u017e\u00edvania na\u0161ej Slu\u017eby.<\/p>\n\n<p>Tieto tretie strany maj\u00fa pr\u00edstup k va\u0161im osobn\u00fdm \u00fadajom len na vykon\u00e1vanie t\u00fdchto \u00faloh v na\u0161om mene a s\u00fa povinn\u00ed ich nezverej\u0148ova\u0165 ani nepou\u017e\u00edva\u0165 na \u017eiadny in\u00fd \u00fa\u010del.<\/p>\n\n<h2 class=\"wp-block-heading\" id=\"h-security\">Bezpe\u010dnos\u0165<\/h2>\n\n<p>Bezpe\u010dnos\u0165 va\u0161ich osobn\u00fdch \u00fadajov je pre n\u00e1s d\u00f4le\u017eit\u00e1, ale pam\u00e4tajte, \u017ee \u017eiadna met\u00f3da prenosu cez internet ani met\u00f3da elektronick\u00e9ho ukladania nie je 100 % bezpe\u010dn\u00e1. Hoci sa sna\u017e\u00edme pou\u017e\u00edva\u0165 komer\u010dne prijate\u013en\u00e9 prostriedky na ochranu va\u0161ich osobn\u00fdch \u00fadajov, nem\u00f4\u017eeme zaru\u010di\u0165 ich absol\u00fatnu bezpe\u010dnos\u0165. <\/p>\n\n<h2 class=\"wp-block-heading\" id=\"h-links-to-other-sites\">Odkazy na in\u00e9 str\u00e1nky<\/h2>\n\n<p>Na\u0161a Slu\u017eba m\u00f4\u017ee obsahova\u0165 odkazy na in\u00e9 str\u00e1nky, ktor\u00e9 neprev\u00e1dzkujeme my. Ak kliknete na odkaz tretej strany, budete presmerovan\u00ed na str\u00e1nku tejto tretej strany. D\u00f4razne v\u00e1m odpor\u00fa\u010dame pre\u010d\u00edta\u0165 si Z\u00e1sady ochrany osobn\u00fdch \u00fadajov ka\u017edej str\u00e1nky, ktor\u00fa nav\u0161t\u00edvite.  <\/p>\n\n<p>Nem\u00e1me \u017eiadnu kontrolu nad obsahom, z\u00e1sadami ochrany osobn\u00fdch \u00fadajov alebo postupmi \u017eiadnych str\u00e1nok alebo slu\u017eieb tret\u00edch str\u00e1n a nepreber\u00e1me za ne \u017eiadnu zodpovednos\u0165.<\/p>\n\n<h2 class=\"wp-block-heading\" id=\"h-children-s-privacy\">Ochrana s\u00fakromia det\u00ed<\/h2>\n\n<p>Na\u0161a Slu\u017eba nie je ur\u010den\u00e1 nikomu mlad\u0161iemu ako 18 rokov (\u201eDeti\u201c).<\/p>\n\n<p>Vedome nezhroma\u017e\u010fujeme osobn\u00e9 identifika\u010dn\u00e9 \u00fadaje od det\u00ed mlad\u0161\u00edch ako 18 rokov. Ak ste rodi\u010d alebo opatrovn\u00edk a ste si vedom\u00ed, \u017ee va\u0161e die\u0165a n\u00e1m poskytlo osobn\u00e9 \u00fadaje, kontaktujte n\u00e1s. Ak zist\u00edme, \u017ee die\u0165a mlad\u0161ie ako 18 rokov n\u00e1m poskytlo osobn\u00e9 \u00fadaje, okam\u017eite vyma\u017eeme tak\u00e9to inform\u00e1cie z na\u0161ich serverov.  <\/p>\n\n<h2 class=\"wp-block-heading\" id=\"h-compliance-with-laws\">S\u00falad so z\u00e1konmi<\/h2>\n\n<p>Va\u0161e osobn\u00e9 \u00fadaje zverejn\u00edme, ak to vy\u017eaduje z\u00e1kon alebo s\u00fadny pr\u00edkaz.<\/p>\n\n<h2 class=\"wp-block-heading\" id=\"h-changes-to-this-privacy-policy\">Zmeny t\u00fdchto Z\u00e1sad ochrany osobn\u00fdch \u00fadajov<\/h2>\n\n<p>Na\u0161e Z\u00e1sady ochrany osobn\u00fdch \u00fadajov m\u00f4\u017eeme z \u010dasu na \u010das aktualizova\u0165. O v\u0161etk\u00fdch zmen\u00e1ch v\u00e1s budeme informova\u0165 zverejnen\u00edm nov\u00fdch Z\u00e1sad ochrany osobn\u00fdch \u00fadajov na tejto str\u00e1nke. <\/p>\n\n<p>Odpor\u00fa\u010dame v\u00e1m pravidelne kontrolova\u0165 tieto Z\u00e1sady ochrany osobn\u00fdch \u00fadajov kv\u00f4li pr\u00edpadn\u00fdm zmen\u00e1m. Zmeny t\u00fdchto Z\u00e1sad ochrany osobn\u00fdch \u00fadajov nadob\u00fadaj\u00fa \u00fa\u010dinnos\u0165, ke\u010f s\u00fa zverejnen\u00e9 na tejto str\u00e1nke. <\/p>\n\n<h2 class=\"wp-block-heading\" id=\"h-contact-us\">Kontaktujte n\u00e1s<\/h2>\n\n<p>Ak m\u00e1te ak\u00e9ko\u013evek ot\u00e1zky t\u00fdkaj\u00face sa t\u00fdchto Z\u00e1sad ochrany osobn\u00fdch \u00fadajov, kontaktujte n\u00e1s.<\/p>\n","protected":false},"excerpt":{"rendered":"<p>Orynycz.com (\u201emy\u201c, \u201en\u00e1s\u201c alebo \u201ena\u0161e\u201c) prev\u00e1dzkuje webov\u00fa str\u00e1nku Orynycz.com (\u201eSlu\u017eba\u201c). T\u00e1to str\u00e1nka v\u00e1s informuje o na\u0161ich z\u00e1sad\u00e1ch t\u00fdkaj\u00facich sa zhroma\u017e\u010fovania, pou\u017e\u00edvania a zverej\u0148ovania osobn\u00fdch \u00fadajov, ke\u010f pou\u017e\u00edvate na\u0161u Slu\u017ebu. Va\u0161e inform\u00e1cie nebudeme pou\u017e\u00edva\u0165 ani zdie\u013ea\u0165 s nik\u00fdm in\u00fdm, okrem pr\u00edpadov op\u00edsan\u00fdch v t\u00fdchto Z\u00e1sad\u00e1ch ochrany osobn\u00fdch \u00fadajov. Va\u0161e osobn\u00e9 \u00fadaje pou\u017e\u00edvame na poskytovanie a zlep\u0161ovanie [&hellip;]<\/p>\n","protected":false},"author":2,"featured_media":0,"parent":10936,"menu_order":0,"comment_status":"closed","ping_status":"closed","template":"","meta":{"inline_featured_image":false,"footnotes":""},"class_list":["post-10946","page","type-page","status-publish","hentry"],"yoast_head":"<!-- This site is optimized with the Yoast SEO Premium plugin v27.3 (Yoast SEO v27.4) - https:\/\/yoast.com\/product\/yoast-seo-premium-wordpress\/ -->\n<title>Z\u00e1sady ochrany osobn\u00fdch \u00fadajov | Petro Orynycz<\/title>\n<meta name=\"robots\" content=\"index, follow, max-snippet:-1, max-image-preview:large, max-video-preview:-1\" \/>\n<link rel=\"canonical\" href=\"https:\/\/www.orynycz.com\/sk\/zasady\/sukromie\/\" \/>\n<meta property=\"og:locale\" content=\"sk_SK\" \/>\n<meta property=\"og:type\" content=\"article\" \/>\n<meta property=\"og:title\" content=\"Z\u00e1sady ochrany osobn\u00fdch \u00fadajov\" \/>\n<meta property=\"og:description\" content=\"Orynycz.com (\u201emy\u201c, \u201en\u00e1s\u201c alebo \u201ena\u0161e\u201c) prev\u00e1dzkuje webov\u00fa str\u00e1nku Orynycz.com (\u201eSlu\u017eba\u201c). T\u00e1to str\u00e1nka v\u00e1s informuje o na\u0161ich z\u00e1sad\u00e1ch t\u00fdkaj\u00facich sa zhroma\u017e\u010fovania, pou\u017e\u00edvania a zverej\u0148ovania osobn\u00fdch \u00fadajov, ke\u010f pou\u017e\u00edvate na\u0161u Slu\u017ebu. Va\u0161e inform\u00e1cie nebudeme pou\u017e\u00edva\u0165 ani zdie\u013ea\u0165 s nik\u00fdm in\u00fdm, okrem pr\u00edpadov op\u00edsan\u00fdch v t\u00fdchto Z\u00e1sad\u00e1ch ochrany osobn\u00fdch \u00fadajov. Va\u0161e osobn\u00e9 \u00fadaje pou\u017e\u00edvame na poskytovanie a zlep\u0161ovanie [&hellip;]\" \/>\n<meta property=\"og:url\" content=\"https:\/\/www.orynycz.com\/sk\/zasady\/sukromie\/\" \/>\n<meta property=\"og:site_name\" content=\"Petro Orynycz\" \/>\n<meta property=\"article:publisher\" content=\"https:\/\/www.facebook.com\/orynycz\" \/>\n<meta property=\"article:modified_time\" content=\"2026-03-25T07:29:47+00:00\" \/>\n<meta name=\"twitter:card\" content=\"summary_large_image\" \/>\n<meta name=\"twitter:label1\" content=\"Predpokladan\u00fd \u010das \u010d\u00edtania\" \/>\n\t<meta name=\"twitter:data1\" content=\"6 min\u00fat\" \/>\n<script type=\"application\/ld+json\" class=\"yoast-schema-graph\">{\"@context\":\"https:\\\/\\\/schema.org\",\"@graph\":[{\"@type\":\"WebPage\",\"@id\":\"https:\\\/\\\/www.orynycz.com\\\/sk\\\/zasady\\\/sukromie\\\/\",\"url\":\"https:\\\/\\\/www.orynycz.com\\\/sk\\\/zasady\\\/sukromie\\\/\",\"name\":\"Z\u00e1sady ochrany osobn\u00fdch \u00fadajov | Petro Orynycz\",\"isPartOf\":{\"@id\":\"https:\\\/\\\/www.orynycz.com\\\/sk\\\/#website\"},\"datePublished\":\"2025-12-07T16:42:11+00:00\",\"dateModified\":\"2026-03-25T07:29:47+00:00\",\"breadcrumb\":{\"@id\":\"https:\\\/\\\/www.orynycz.com\\\/sk\\\/zasady\\\/sukromie\\\/#breadcrumb\"},\"inLanguage\":\"sk-SK\",\"potentialAction\":[{\"@type\":\"ReadAction\",\"target\":[\"https:\\\/\\\/www.orynycz.com\\\/sk\\\/zasady\\\/sukromie\\\/\"]}],\"accessibilityFeature\":[\"tableOfContents\"]},{\"@type\":\"BreadcrumbList\",\"@id\":\"https:\\\/\\\/www.orynycz.com\\\/sk\\\/zasady\\\/sukromie\\\/#breadcrumb\",\"itemListElement\":[{\"@type\":\"ListItem\",\"position\":1,\"name\":\"Domov\",\"item\":\"https:\\\/\\\/www.orynycz.com\\\/sk\\\/\"},{\"@type\":\"ListItem\",\"position\":2,\"name\":\"Z\u00e1sady\",\"item\":\"https:\\\/\\\/www.orynycz.com\\\/sk\\\/policy\\\/\"},{\"@type\":\"ListItem\",\"position\":3,\"name\":\"S\u00fakromie\"}]},{\"@type\":\"WebSite\",\"@id\":\"https:\\\/\\\/www.orynycz.com\\\/sk\\\/#website\",\"url\":\"https:\\\/\\\/www.orynycz.com\\\/sk\\\/\",\"name\":\"Orynycz.com\",\"description\":\"Vedec. In\u017einier umelej inteligencie. Lingvista.\",\"publisher\":{\"@id\":\"https:\\\/\\\/www.orynycz.com\\\/#organization\"},\"alternateName\":\"\u041e\u0440\u0438\u043d\u0438\u0447.com\",\"potentialAction\":[{\"@type\":\"SearchAction\",\"target\":{\"@type\":\"EntryPoint\",\"urlTemplate\":\"https:\\\/\\\/www.orynycz.com\\\/sk\\\/?s={search_term_string}\"},\"query-input\":{\"@type\":\"PropertyValueSpecification\",\"valueRequired\":true,\"valueName\":\"search_term_string\"}}],\"inLanguage\":\"sk-SK\"},{\"@type\":\"Organization\",\"@id\":\"https:\\\/\\\/www.orynycz.com\\\/#organization\",\"name\":\"orynycz.com\",\"alternateName\":\"\u041e\u0440\u0438\u043d\u0438\u0447.com\",\"url\":\"https:\\\/\\\/www.orynycz.com\\\/sk\\\/\",\"logo\":{\"@type\":\"ImageObject\",\"inLanguage\":\"sk-SK\",\"@id\":\"https:\\\/\\\/www.orynycz.com\\\/sk\\\/#\\\/schema\\\/logo\\\/image\\\/\",\"url\":\"https:\\\/\\\/www.orynycz.com\\\/wp-content\\\/uploads\\\/2025\\\/12\\\/logo-1.jpg\",\"contentUrl\":\"https:\\\/\\\/www.orynycz.com\\\/wp-content\\\/uploads\\\/2025\\\/12\\\/logo-1.jpg\",\"width\":512,\"height\":512,\"caption\":\"orynycz.com\"},\"image\":{\"@id\":\"https:\\\/\\\/www.orynycz.com\\\/sk\\\/#\\\/schema\\\/logo\\\/image\\\/\"},\"sameAs\":[\"https:\\\/\\\/www.facebook.com\\\/orynycz\"],\"publishingPrinciples\":\"https:\\\/\\\/www.orynycz.com\\\/sk\\\/zasady\\\/\",\"ownershipFundingInfo\":\"https:\\\/\\\/www.orynycz.com\\\/sk\\\/zasady\\\/\",\"actionableFeedbackPolicy\":\"https:\\\/\\\/www.orynycz.com\\\/sk\\\/zasady\\\/\",\"correctionsPolicy\":\"https:\\\/\\\/www.orynycz.com\\\/sk\\\/zasady\\\/\",\"ethicsPolicy\":\"https:\\\/\\\/www.orynycz.com\\\/sk\\\/zasady\\\/\",\"diversityPolicy\":\"https:\\\/\\\/www.orynycz.com\\\/sk\\\/zasady\\\/\",\"diversityStaffingReport\":\"https:\\\/\\\/www.orynycz.com\\\/sk\\\/zasady\\\/\"}]}<\/script>\n<!-- \/ Yoast SEO Premium plugin. -->","yoast_head_json":{"title":"Z\u00e1sady ochrany osobn\u00fdch \u00fadajov | Petro Orynycz","robots":{"index":"index","follow":"follow","max-snippet":"max-snippet:-1","max-image-preview":"max-image-preview:large","max-video-preview":"max-video-preview:-1"},"canonical":"https:\/\/www.orynycz.com\/sk\/zasady\/sukromie\/","og_locale":"sk_SK","og_type":"article","og_title":"Z\u00e1sady ochrany osobn\u00fdch \u00fadajov","og_description":"Orynycz.com (\u201emy\u201c, \u201en\u00e1s\u201c alebo \u201ena\u0161e\u201c) prev\u00e1dzkuje webov\u00fa str\u00e1nku Orynycz.com (\u201eSlu\u017eba\u201c). T\u00e1to str\u00e1nka v\u00e1s informuje o na\u0161ich z\u00e1sad\u00e1ch t\u00fdkaj\u00facich sa zhroma\u017e\u010fovania, pou\u017e\u00edvania a zverej\u0148ovania osobn\u00fdch \u00fadajov, ke\u010f pou\u017e\u00edvate na\u0161u Slu\u017ebu. Va\u0161e inform\u00e1cie nebudeme pou\u017e\u00edva\u0165 ani zdie\u013ea\u0165 s nik\u00fdm in\u00fdm, okrem pr\u00edpadov op\u00edsan\u00fdch v t\u00fdchto Z\u00e1sad\u00e1ch ochrany osobn\u00fdch \u00fadajov. Va\u0161e osobn\u00e9 \u00fadaje pou\u017e\u00edvame na poskytovanie a zlep\u0161ovanie [&hellip;]","og_url":"https:\/\/www.orynycz.com\/sk\/zasady\/sukromie\/","og_site_name":"Petro Orynycz","article_publisher":"https:\/\/www.facebook.com\/orynycz","article_modified_time":"2026-03-25T07:29:47+00:00","twitter_card":"summary_large_image","twitter_misc":{"Predpokladan\u00fd \u010das \u010d\u00edtania":"6 min\u00fat"},"schema":{"@context":"https:\/\/schema.org","@graph":[{"@type":"WebPage","@id":"https:\/\/www.orynycz.com\/sk\/zasady\/sukromie\/","url":"https:\/\/www.orynycz.com\/sk\/zasady\/sukromie\/","name":"Z\u00e1sady ochrany osobn\u00fdch \u00fadajov | Petro Orynycz","isPartOf":{"@id":"https:\/\/www.orynycz.com\/sk\/#website"},"datePublished":"2025-12-07T16:42:11+00:00","dateModified":"2026-03-25T07:29:47+00:00","breadcrumb":{"@id":"https:\/\/www.orynycz.com\/sk\/zasady\/sukromie\/#breadcrumb"},"inLanguage":"sk-SK","potentialAction":[{"@type":"ReadAction","target":["https:\/\/www.orynycz.com\/sk\/zasady\/sukromie\/"]}],"accessibilityFeature":["tableOfContents"]},{"@type":"BreadcrumbList","@id":"https:\/\/www.orynycz.com\/sk\/zasady\/sukromie\/#breadcrumb","itemListElement":[{"@type":"ListItem","position":1,"name":"Domov","item":"https:\/\/www.orynycz.com\/sk\/"},{"@type":"ListItem","position":2,"name":"Z\u00e1sady","item":"https:\/\/www.orynycz.com\/sk\/policy\/"},{"@type":"ListItem","position":3,"name":"S\u00fakromie"}]},{"@type":"WebSite","@id":"https:\/\/www.orynycz.com\/sk\/#website","url":"https:\/\/www.orynycz.com\/sk\/","name":"Orynycz.com","description":"Vedec. In\u017einier umelej inteligencie. Lingvista.","publisher":{"@id":"https:\/\/www.orynycz.com\/#organization"},"alternateName":"\u041e\u0440\u0438\u043d\u0438\u0447.com","potentialAction":[{"@type":"SearchAction","target":{"@type":"EntryPoint","urlTemplate":"https:\/\/www.orynycz.com\/sk\/?s={search_term_string}"},"query-input":{"@type":"PropertyValueSpecification","valueRequired":true,"valueName":"search_term_string"}}],"inLanguage":"sk-SK"},{"@type":"Organization","@id":"https:\/\/www.orynycz.com\/#organization","name":"orynycz.com","alternateName":"\u041e\u0440\u0438\u043d\u0438\u0447.com","url":"https:\/\/www.orynycz.com\/sk\/","logo":{"@type":"ImageObject","inLanguage":"sk-SK","@id":"https:\/\/www.orynycz.com\/sk\/#\/schema\/logo\/image\/","url":"https:\/\/www.orynycz.com\/wp-content\/uploads\/2025\/12\/logo-1.jpg","contentUrl":"https:\/\/www.orynycz.com\/wp-content\/uploads\/2025\/12\/logo-1.jpg","width":512,"height":512,"caption":"orynycz.com"},"image":{"@id":"https:\/\/www.orynycz.com\/sk\/#\/schema\/logo\/image\/"},"sameAs":["https:\/\/www.facebook.com\/orynycz"],"publishingPrinciples":"https:\/\/www.orynycz.com\/sk\/zasady\/","ownershipFundingInfo":"https:\/\/www.orynycz.com\/sk\/zasady\/","actionableFeedbackPolicy":"https:\/\/www.orynycz.com\/sk\/zasady\/","correctionsPolicy":"https:\/\/www.orynycz.com\/sk\/zasady\/","ethicsPolicy":"https:\/\/www.orynycz.com\/sk\/zasady\/","diversityPolicy":"https:\/\/www.orynycz.com\/sk\/zasady\/","diversityStaffingReport":"https:\/\/www.orynycz.com\/sk\/zasady\/"}]}},"_links":{"self":[{"href":"https:\/\/www.orynycz.com\/sk\/wp-json\/wp\/v2\/pages\/10946","targetHints":{"allow":["GET"]}}],"collection":[{"href":"https:\/\/www.orynycz.com\/sk\/wp-json\/wp\/v2\/pages"}],"about":[{"href":"https:\/\/www.orynycz.com\/sk\/wp-json\/wp\/v2\/types\/page"}],"author":[{"embeddable":true,"href":"https:\/\/www.orynycz.com\/sk\/wp-json\/wp\/v2\/users\/2"}],"replies":[{"embeddable":true,"href":"https:\/\/www.orynycz.com\/sk\/wp-json\/wp\/v2\/comments?post=10946"}],"version-history":[{"count":2,"href":"https:\/\/www.orynycz.com\/sk\/wp-json\/wp\/v2\/pages\/10946\/revisions"}],"predecessor-version":[{"id":13506,"href":"https:\/\/www.orynycz.com\/sk\/wp-json\/wp\/v2\/pages\/10946\/revisions\/13506"}],"up":[{"embeddable":true,"href":"https:\/\/www.orynycz.com\/sk\/wp-json\/wp\/v2\/pages\/10936"}],"wp:attachment":[{"href":"https:\/\/www.orynycz.com\/sk\/wp-json\/wp\/v2\/media?parent=10946"}],"curies":[{"name":"wp","href":"https:\/\/api.w.org\/{rel}","templated":true}]}}