{"id":10938,"date":"2025-08-15T08:18:03","date_gmt":"2025-08-15T08:18:03","guid":{"rendered":"https:\/\/www.orynycz.com\/pravne\/zasady-pouzivania-suborov-cookie\/"},"modified":"2026-01-23T06:38:32","modified_gmt":"2026-01-23T06:38:32","slug":"cookie","status":"publish","type":"page","link":"https:\/\/www.orynycz.com\/sk\/zasady\/cookie\/","title":{"rendered":"Z\u00e1sady pou\u017e\u00edvania s\u00faborov cookie"},"content":{"rendered":"\n<p>T\u00e1to str\u00e1nka poskytuje komplexn\u00e9 inform\u00e1cie o tom, ako pou\u017e\u00edvame s\u00fabory cookie na na\u0161ej webovej str\u00e1nke na zlep\u0161enie v\u00e1\u0161ho z\u00e1\u017eitku z prehliadania, zv\u00fd\u0161enie v\u00fdkonu webovej str\u00e1nky a poskytovanie personalizovan\u00e9ho obsahu. S\u00fabory cookie s\u00fa mal\u00e9 textov\u00e9 s\u00fabory, ktor\u00e9 sa ukladaj\u00fa do v\u00e1\u0161ho zariadenia pri n\u00e1v\u0161teve na\u0161ej str\u00e1nky. Pom\u00e1haj\u00fa n\u00e1m pochopi\u0165, ako n\u00e1v\u0161tevn\u00edci interaguj\u00fa s na\u0161ou webovou str\u00e1nkou, \u010do n\u00e1m umo\u017e\u0148uje pon\u00faknu\u0165 plynulej\u0161\u00ed a efekt\u00edvnej\u0161\u00ed pou\u017e\u00edvate\u013esk\u00fd z\u00e1\u017eitok. V tabu\u013eke ni\u017e\u0161ie n\u00e1jdete podrobn\u00e9 inform\u00e1cie o ka\u017edom type s\u00faboru cookie, ktor\u00fd pou\u017e\u00edvame, o ich \u00fa\u010dele a o tom, ako dlho zost\u00e1vaj\u00fa vo va\u0161om zariaden\u00ed. Zaviazali sme sa re\u0161pektova\u0165 va\u0161e s\u00fakromie a poskytova\u0165 transparentnos\u0165 oh\u013eadom \u00fadajov, ktor\u00e9 zhroma\u017e\u010fujeme prostredn\u00edctvom s\u00faborov cookie. Viac inform\u00e1ci\u00ed o tom, ako sprac\u00favame va\u0161e osobn\u00e9 \u00fadaje, n\u00e1jdete v na\u0161ich <a href=\"https:\/\/www.orynycz.com\/sk\/pravo\/sukromie\/\" type=\"page\" id=\"10946\">Z\u00e1sad\u00e1ch ochrany osobn\u00fdch \u00fadajov<\/a>.<\/p>\n\n\n\n<h2 class=\"wp-block-heading\" id=\"h-nevyhnutne\">Nevyhnutn\u00e9<\/h2>\n\n\n\n<p>Nevyhnutn\u00e9 s\u00fabory cookie umo\u017e\u0148uj\u00fa z\u00e1kladn\u00e9 funkcie a s\u00fa potrebn\u00e9 pre spr\u00e1vne fungovanie webovej str\u00e1nky.<\/p>\n\n\n\n<figure class=\"wp-block-table\"><table class=\"has-fixed-layout\"><tbody><tr><th>ID s\u00faboru cookie<\/th><th>\u00da\u010del<\/th><th>Trvanie<\/th><\/tr><tr><td>wpconsent_preferences<\/td><td>Tento s\u00fabor cookie sa pou\u017e\u00edva na ulo\u017eenie preferenci\u00ed pou\u017e\u00edvate\u013ea t\u00fdkaj\u00facich sa s\u00fahlasu so s\u00fabormi cookie.<\/td><td>30 dn\u00ed<\/td><\/tr><\/tbody><\/table><\/figure>\n\n\n\n<h3 class=\"wp-block-heading\" id=\"h-komentare\">Koment\u00e1re<\/h3>\n\n\n\n<p>Tieto s\u00fabory cookie s\u00fa potrebn\u00e9 na prid\u00e1vanie koment\u00e1rov na tejto webovej str\u00e1nke.<\/p>\n\n\n\n<figure class=\"wp-block-table\"><table class=\"has-fixed-layout\"><tbody><tr><th>ID s\u00faboru cookie<\/th><th>\u00da\u010del<\/th><th>Trvanie<\/th><\/tr><tr><td>comment_author<\/td><td>Pou\u017e\u00edva sa na sledovanie pou\u017e\u00edvate\u013ea naprie\u010d viacer\u00fdmi rel\u00e1ciami.<\/td><td>Rel\u00e1cia<\/td><\/tr><tr><td>comment_author_email<\/td><td>Pou\u017e\u00edva sa na sledovanie pou\u017e\u00edvate\u013ea naprie\u010d viacer\u00fdmi rel\u00e1ciami.<\/td><td>Rel\u00e1cia<\/td><\/tr><tr><td>comment_author_url<\/td><td>Pou\u017e\u00edva sa na sledovanie pou\u017e\u00edvate\u013ea naprie\u010d viacer\u00fdmi rel\u00e1ciami.<\/td><td>Rel\u00e1cia<\/td><\/tr><\/tbody><\/table><\/figure>\n\n\n\n<h3 class=\"wp-block-heading\" id=\"h-google-recaptcha\">Google reCAPTCHA<\/h3>\n\n\n\n<p>Google reCAPTCHA pom\u00e1ha chr\u00e1ni\u0165 webov\u00e9 str\u00e1nky pred spamom a zneu\u017eit\u00edm overovan\u00edm interakci\u00ed pou\u017e\u00edvate\u013eov prostredn\u00edctvom v\u00fdziev.<\/p>\n\n\n\n<figure class=\"wp-block-table\"><table class=\"has-fixed-layout\"><tbody><tr><th>ID s\u00faboru cookie<\/th><th>\u00da\u010del<\/th><th>Trvanie<\/th><\/tr><tr><td>_GRECAPTCHA<\/td><td>Google reCAPTCHA nastav\u00ed nevyhnutn\u00fd s\u00fabor cookie (_GRECAPTCHA) pri spusten\u00ed za \u00fa\u010delom poskytovania anal\u00fdzy riz\u00edk.<\/td><td>179 dn\u00ed<\/td><\/tr><\/tbody><\/table><\/figure>\n\n\n\n<h3 class=\"wp-block-heading\" id=\"h-prihlasenie\">Prihl\u00e1senie<\/h3>\n\n\n\n<p>Tieto s\u00fabory cookie sa pou\u017e\u00edvaj\u00fa na spr\u00e1vu funk\u010dnosti prihl\u00e1senia na tejto webovej str\u00e1nke.<\/p>\n\n\n\n<figure class=\"wp-block-table\"><table class=\"has-fixed-layout\"><tbody><tr><th>ID s\u00faboru cookie<\/th><th>\u00da\u010del<\/th><th>Trvanie<\/th><\/tr><tr><td>wordpress_logged_in<\/td><td>Pou\u017e\u00edva sa na ukladanie prihl\u00e1sen\u00fdch pou\u017e\u00edvate\u013eov.<\/td><td>Trval\u00e9<\/td><\/tr><tr><td>wordpress_sec<\/td><td>Pou\u017e\u00edva sa na sledovanie pou\u017e\u00edvate\u013ea naprie\u010d viacer\u00fdmi rel\u00e1ciami.<\/td><td>15 dn\u00ed<\/td><\/tr><tr><td>wordpress_test_cookie<\/td><td>Pou\u017e\u00edva sa na zistenie, \u010di s\u00fa s\u00fabory cookie povolen\u00e9.<\/td><td>Rel\u00e1cia<\/td><\/tr><\/tbody><\/table><\/figure>\n\n\n\n<h2 class=\"wp-block-heading\" id=\"h-statistiky\">\u0160tatistiky<\/h2>\n\n\n\n<p>\u0160tatistick\u00e9 s\u00fabory cookie zhroma\u017e\u010fuj\u00fa inform\u00e1cie anonymne. Tieto inform\u00e1cie n\u00e1m pom\u00e1haj\u00fa pochopi\u0165, ako n\u00e1v\u0161tevn\u00edci pou\u017e\u00edvaj\u00fa na\u0161u webov\u00fa str\u00e1nku. <\/p>\n\n\n\n<h3 class=\"wp-block-heading\" id=\"h-google-analytics\">Google Analytics<\/h3>\n\n\n\n<p>Google Analytics je v\u00fdkonn\u00fd n\u00e1stroj, ktor\u00fd sleduje a analyzuje n\u00e1v\u0161tevnos\u0165 webov\u00fdch str\u00e1nok pre informovan\u00e9 marketingov\u00e9 rozhodnutia. <a href=\"https:\/\/policies.google.com\/privacy?hl=sk\" type=\"link\" id=\"https:\/\/policies.google.com\/privacy?hl=sk\" rel=\"nofollow\">Zistite viac<\/a><\/p>\n\n\n\n<figure class=\"wp-block-table\"><table class=\"has-fixed-layout\"><tbody><tr><th>ID s\u00faboru cookie<\/th><th>\u00da\u010del<\/th><th>Trvanie<\/th><\/tr><tr><td>_gac_<\/td><td>Obsahuje inform\u00e1cie s\u00favisiace s marketingov\u00fdmi kampa\u0148ami pou\u017e\u00edvate\u013ea. Tieto s\u00fa zdie\u013ean\u00e9 s Google AdWords \/ Google Ads, ke\u010f s\u00fa \u00fa\u010dty Google Ads a Google Analytics prepojen\u00e9. <\/td><td>90 dn\u00ed<\/td><\/tr><tr><td>__utma<\/td><td>ID pou\u017e\u00edvan\u00e9 na identifik\u00e1ciu pou\u017e\u00edvate\u013eov a rel\u00e1ci\u00ed<\/td><td>2 roky po poslednej aktivite<\/td><\/tr><tr><td>__utmt<\/td><td>Pou\u017e\u00edva sa na monitorovanie po\u010dtu po\u017eiadaviek na server Google Analytics<\/td><td>10 min\u00fat<\/td><\/tr><tr><td>__utmb<\/td><td>Pou\u017e\u00edva sa na rozl\u00ed\u0161enie nov\u00fdch rel\u00e1ci\u00ed a n\u00e1v\u0161tev. Tento s\u00fabor cookie sa nastav\u00ed pri na\u010d\u00edtan\u00ed kni\u017enice JavaScript GA.js a ak neexistuje \u017eiadny s\u00fabor cookie __utmb. S\u00fabor cookie sa aktualizuje v\u017edy, ke\u010f sa \u00fadaje odo\u0161l\u00fa na server Google Analytics.  <\/td><td>30 min\u00fat po poslednej aktivite<\/td><\/tr><tr><td>__utmc<\/td><td>Pou\u017e\u00edva sa iba so star\u00fdmi verziami Urchin Google Analytics a nie s GA.js. Pou\u017e\u00edval sa na rozl\u00ed\u0161enie medzi nov\u00fdmi rel\u00e1ciami a n\u00e1v\u0161tevami na konci rel\u00e1cie. <\/td><td>Koniec rel\u00e1cie (prehliada\u010d)<\/td><\/tr><tr><td>__utmz<\/td><td>Obsahuje inform\u00e1cie o zdroji n\u00e1v\u0161tevnosti alebo kampani, ktor\u00e1 priviedla pou\u017e\u00edvate\u013ea na webov\u00fa str\u00e1nku. S\u00fabor cookie sa nastav\u00ed pri na\u010d\u00edtan\u00ed JavaScriptu GA.js a aktualizuje sa, ke\u010f sa \u00fadaje odo\u0161l\u00fa na server Google Analytics. <\/td><td>6 mesiacov po poslednej aktivite<\/td><\/tr><tr><td>__utmv<\/td><td>Obsahuje vlastn\u00e9 inform\u00e1cie nastaven\u00e9 webov\u00fdm v\u00fdvoj\u00e1rom prostredn\u00edctvom met\u00f3dy _setCustomVar v Google Analytics. Tento s\u00fabor cookie sa aktualizuje v\u017edy, ke\u010f sa nov\u00e9 \u00fadaje odo\u0161l\u00fa na server Google Analytics. <\/td><td>2 roky po poslednej aktivite<\/td><\/tr><tr><td>__utmx<\/td><td>Pou\u017e\u00edva sa na ur\u010denie, \u010di je pou\u017e\u00edvate\u013e zahrnut\u00fd do A\/B alebo multivariantn\u00e9ho testu.<\/td><td>18 mesiacov<\/td><\/tr><tr><td>_ga<\/td><td>ID pou\u017e\u00edvan\u00e9 na identifik\u00e1ciu pou\u017e\u00edvate\u013eov<\/td><td>2 roky<\/td><\/tr><tr><td>_gali<\/td><td>Pou\u017e\u00edva sa slu\u017ebou Google Analytics na ur\u010denie, na ktor\u00e9 odkazy na str\u00e1nke sa klik\u00e1.<\/td><td>30 sek\u00fand<\/td><\/tr><tr><td>_ga_<\/td><td>ID pou\u017e\u00edvan\u00e9 na identifik\u00e1ciu pou\u017e\u00edvate\u013eov<\/td><td>2 roky<\/td><\/tr><tr><td>_gid<\/td><td>ID pou\u017e\u00edvan\u00e9 na identifik\u00e1ciu pou\u017e\u00edvate\u013eov po dobu 24 hod\u00edn po poslednej aktivite<\/td><td>24 hod\u00edn<\/td><\/tr><tr><td>_gat<\/td><td>Pou\u017e\u00edva sa na monitorovanie po\u010dtu po\u017eiadaviek na server Google Analytics pri pou\u017eit\u00ed Google Tag Manager.<\/td><td>1 min\u00fata<\/td><\/tr><\/tbody><\/table><\/figure>\n\n\n\n<h2 class=\"wp-block-heading\" id=\"h-marketing\">Marketing<\/h2>\n\n\n\n<p>Marketingov\u00e9 s\u00fabory cookie sa pou\u017e\u00edvaj\u00fa na sledovanie n\u00e1v\u0161tevn\u00edkov webov\u00fdch str\u00e1nok. Z\u00e1merom je zobrazova\u0165 reklamy, ktor\u00e9 s\u00fa relevantn\u00e9 a p\u00fatav\u00e9 pre jednotliv\u00e9ho pou\u017e\u00edvate\u013ea. <\/p>\n\n\n\n<h3 class=\"wp-block-heading\" id=\"h-pixel-x-predtym-twitter\">Pixel X (predt\u00fdm Twitter)<\/h3>\n\n\n\n<p>Pixel X umo\u017e\u0148uje firm\u00e1m efekt\u00edvne sledova\u0165 interakcie pou\u017e\u00edvate\u013eov a optimalizova\u0165 v\u00fdkon rekl\u00e1m na platforme X. <a href=\"https:\/\/x.com\/cs\/privacy\" type=\"link\" id=\"https:\/\/x.com\/cs\/privacy\" rel=\"nofollow\">Zistite viac<\/a><\/p>\n\n\n\n<figure class=\"wp-block-table\"><table class=\"has-fixed-layout\"><tbody><tr><th>ID s\u00faboru cookie<\/th><th>\u00da\u010del<\/th><th>Trvanie<\/th><\/tr><tr><td>guest_id<\/td><td>Tento s\u00fabor cookie nastavuje X na identifik\u00e1ciu a sledovanie n\u00e1v\u0161tevn\u00edka webovej str\u00e1nky. Zaznamen\u00e1va, \u010di je pou\u017e\u00edvate\u013e prihl\u00e1sen\u00fd na platforme X a zhroma\u017e\u010fuje inform\u00e1cie o preferenci\u00e1ch rekl\u00e1m. <\/td><td>2 roky<\/td><\/tr><tr><td>personalization_id<\/td><td>Jedine\u010dn\u00e1 hodnota, pomocou ktorej m\u00f4\u017eu by\u0165 pou\u017e\u00edvatelia identifikovan\u00ed platformou X. Zhroma\u017eden\u00e9 inform\u00e1cie sa pou\u017e\u00edvaj\u00fa na personaliz\u00e1ciu slu\u017eieb X, vr\u00e1tane trendov, pr\u00edbehov, rekl\u00e1m a n\u00e1vrhov X.<\/td><td>2 roky<\/td><\/tr><tr><td>external_referer<\/td><td>Na\u0161a webov\u00e1 str\u00e1nka pou\u017e\u00edva tla\u010didl\u00e1 X, aby na\u0161i n\u00e1v\u0161tevn\u00edci mohli sledova\u0165 na\u0161e propaga\u010dn\u00e9 kan\u00e1ly X a niekedy vklada\u0165 kan\u00e1ly na na\u0161u webov\u00fa str\u00e1nku.<\/td><td>2 roky<\/td><\/tr><\/tbody><\/table><\/figure>\n\n\n\n<h3 class=\"wp-block-heading\" id=\"h-youtube\">YouTube<\/h3>\n\n\n\n<p>Platforma na zdie\u013eanie vide\u00ed, ktor\u00e1 pou\u017e\u00edvate\u013eom umo\u017e\u0148uje nahr\u00e1va\u0165, prezera\u0165 a zdie\u013ea\u0165 vide\u00e1 naprie\u010d r\u00f4znymi \u017e\u00e1nrami a t\u00e9mami. <a href=\"https:\/\/www.youtube.com\/intl\/ALL_sk\/howyoutubeworks\/privacy\/\" rel=\"nofollow\">Zistite viac<\/a><\/p>\n\n\n\n<figure class=\"wp-block-table\"><table class=\"has-fixed-layout\"><tbody><tr><th>ID s\u00faboru cookie<\/th><th>\u00da\u010del<\/th><th>Trvanie<\/th><\/tr><tr><td>GPS<\/td><td>Zaregistruje jedine\u010dn\u00e9 ID na mobiln\u00fdch zariadeniach, aby umo\u017enilo sledovanie na z\u00e1klade geografickej polohy GPS.<\/td><td>1 de\u0148<\/td><\/tr><tr><td>VISITOR_INFO1_LIVE<\/td><td>Pok\u00fa\u0161a sa odhadn\u00fa\u0165 \u0161\u00edrku p\u00e1sma pou\u017e\u00edvate\u013eov na str\u00e1nkach s integrovan\u00fdmi videami YouTube. Pou\u017e\u00edva sa aj na marketing. <\/td><td>179 dn\u00ed<\/td><\/tr><tr><td>PREF<\/td><td>Tento s\u00fabor cookie uklad\u00e1 va\u0161e preferencie a \u010fal\u0161ie inform\u00e1cie, najm\u00e4 preferovan\u00fd jazyk, ko\u013eko v\u00fdsledkov vyh\u013ead\u00e1vania si \u017eel\u00e1te zobrazi\u0165 na va\u0161ej str\u00e1nke a \u010di si \u017eel\u00e1te ma\u0165 zapnut\u00fd filter Bezpe\u010dn\u00e9 vyh\u013ead\u00e1vanie Google.<\/td><td>10 rokov od nastavenia\/aktualiz\u00e1cie<\/td><\/tr><tr><td>YSC<\/td><td>Zaregistruje jedine\u010dn\u00e9 ID na uchov\u00e1vanie \u0161tatist\u00edk o tom, ak\u00e9 vide\u00e1 z YouTube pou\u017e\u00edvate\u013e videl.<\/td><td>Rel\u00e1cia<\/td><\/tr><tr><td>DEVICE_INFO<\/td><td>Pou\u017e\u00edva sa na zistenie, \u010di n\u00e1v\u0161tevn\u00edk prijal marketingov\u00fa kateg\u00f3riu v banneri s\u00faborov cookie. Tento s\u00fabor cookie je nevyhnutn\u00fd pre s\u00falad webovej str\u00e1nky s GDPR. <\/td><td>179 dn\u00ed<\/td><\/tr><tr><td>LOGIN_INFO<\/td><td>Tento s\u00fabor cookie sa pou\u017e\u00edva na prehr\u00e1vanie vide\u00ed YouTube vlo\u017een\u00fdch na webov\u00fa str\u00e1nku.<\/td><td>2 roky<\/td><\/tr><tr><td>VISITOR_PRIVACY_METADATA<\/td><td>S\u00fabor cookie s metad\u00e1tami ochrany s\u00fakromia n\u00e1v\u0161tevn\u00edka YouTube<\/td><td>180 dn\u00ed<\/td><\/tr><\/tbody><\/table><\/figure>\n","protected":false},"excerpt":{"rendered":"<p>T\u00e1to str\u00e1nka poskytuje komplexn\u00e9 inform\u00e1cie o tom, ako pou\u017e\u00edvame s\u00fabory cookie na na\u0161ej webovej str\u00e1nke na zlep\u0161enie v\u00e1\u0161ho z\u00e1\u017eitku z prehliadania, zv\u00fd\u0161enie v\u00fdkonu webovej str\u00e1nky a poskytovanie personalizovan\u00e9ho obsahu. S\u00fabory cookie s\u00fa mal\u00e9 textov\u00e9 s\u00fabory, ktor\u00e9 sa ukladaj\u00fa do v\u00e1\u0161ho zariadenia pri n\u00e1v\u0161teve na\u0161ej str\u00e1nky. Pom\u00e1haj\u00fa n\u00e1m pochopi\u0165, ako n\u00e1v\u0161tevn\u00edci interaguj\u00fa s na\u0161ou webovou str\u00e1nkou, [&hellip;]<\/p>\n","protected":false},"author":2,"featured_media":0,"parent":10936,"menu_order":0,"comment_status":"closed","ping_status":"closed","template":"","meta":{"inline_featured_image":false,"footnotes":""},"class_list":["post-10938","page","type-page","status-publish","hentry"],"yoast_head":"<!-- This site is optimized with the Yoast SEO Premium plugin v27.3 (Yoast SEO v27.4) - https:\/\/yoast.com\/product\/yoast-seo-premium-wordpress\/ -->\n<title>Z\u00e1sady pou\u017e\u00edvania s\u00faborov cookie | Petro Orynycz<\/title>\n<meta name=\"robots\" content=\"index, follow, max-snippet:-1, max-image-preview:large, max-video-preview:-1\" \/>\n<link rel=\"canonical\" href=\"https:\/\/www.orynycz.com\/sk\/zasady\/cookie\/\" \/>\n<meta property=\"og:locale\" content=\"sk_SK\" \/>\n<meta property=\"og:type\" content=\"article\" \/>\n<meta property=\"og:title\" content=\"Z\u00e1sady pou\u017e\u00edvania s\u00faborov cookie\" \/>\n<meta property=\"og:description\" content=\"T\u00e1to str\u00e1nka poskytuje komplexn\u00e9 inform\u00e1cie o tom, ako pou\u017e\u00edvame s\u00fabory cookie na na\u0161ej webovej str\u00e1nke na zlep\u0161enie v\u00e1\u0161ho z\u00e1\u017eitku z prehliadania, zv\u00fd\u0161enie v\u00fdkonu webovej str\u00e1nky a poskytovanie personalizovan\u00e9ho obsahu. S\u00fabory cookie s\u00fa mal\u00e9 textov\u00e9 s\u00fabory, ktor\u00e9 sa ukladaj\u00fa do v\u00e1\u0161ho zariadenia pri n\u00e1v\u0161teve na\u0161ej str\u00e1nky. Pom\u00e1haj\u00fa n\u00e1m pochopi\u0165, ako n\u00e1v\u0161tevn\u00edci interaguj\u00fa s na\u0161ou webovou str\u00e1nkou, [&hellip;]\" \/>\n<meta property=\"og:url\" content=\"https:\/\/www.orynycz.com\/sk\/zasady\/cookie\/\" \/>\n<meta property=\"og:site_name\" content=\"Petro Orynycz\" \/>\n<meta property=\"article:publisher\" content=\"https:\/\/www.facebook.com\/orynycz\" \/>\n<meta property=\"article:modified_time\" content=\"2026-01-23T06:38:32+00:00\" \/>\n<meta name=\"twitter:card\" content=\"summary_large_image\" \/>\n<meta name=\"twitter:label1\" content=\"Predpokladan\u00fd \u010das \u010d\u00edtania\" \/>\n\t<meta name=\"twitter:data1\" content=\"6 min\u00fat\" \/>\n<script type=\"application\/ld+json\" class=\"yoast-schema-graph\">{\"@context\":\"https:\\\/\\\/schema.org\",\"@graph\":[{\"@type\":\"WebPage\",\"@id\":\"https:\\\/\\\/www.orynycz.com\\\/sk\\\/zasady\\\/cookie\\\/\",\"url\":\"https:\\\/\\\/www.orynycz.com\\\/sk\\\/zasady\\\/cookie\\\/\",\"name\":\"Z\u00e1sady pou\u017e\u00edvania s\u00faborov cookie | Petro Orynycz\",\"isPartOf\":{\"@id\":\"https:\\\/\\\/www.orynycz.com\\\/sk\\\/#website\"},\"datePublished\":\"2025-08-15T08:18:03+00:00\",\"dateModified\":\"2026-01-23T06:38:32+00:00\",\"breadcrumb\":{\"@id\":\"https:\\\/\\\/www.orynycz.com\\\/sk\\\/zasady\\\/cookie\\\/#breadcrumb\"},\"inLanguage\":\"sk-SK\",\"potentialAction\":[{\"@type\":\"ReadAction\",\"target\":[\"https:\\\/\\\/www.orynycz.com\\\/sk\\\/zasady\\\/cookie\\\/\"]}]},{\"@type\":\"BreadcrumbList\",\"@id\":\"https:\\\/\\\/www.orynycz.com\\\/sk\\\/zasady\\\/cookie\\\/#breadcrumb\",\"itemListElement\":[{\"@type\":\"ListItem\",\"position\":1,\"name\":\"Domov\",\"item\":\"https:\\\/\\\/www.orynycz.com\\\/sk\\\/\"},{\"@type\":\"ListItem\",\"position\":2,\"name\":\"Z\u00e1sady\",\"item\":\"https:\\\/\\\/www.orynycz.com\\\/sk\\\/policy\\\/\"},{\"@type\":\"ListItem\",\"position\":3,\"name\":\"S\u00fabory cookie\"}]},{\"@type\":\"WebSite\",\"@id\":\"https:\\\/\\\/www.orynycz.com\\\/sk\\\/#website\",\"url\":\"https:\\\/\\\/www.orynycz.com\\\/sk\\\/\",\"name\":\"Orynycz.com\",\"description\":\"Vedec. In\u017einier umelej inteligencie. Lingvista.\",\"publisher\":{\"@id\":\"https:\\\/\\\/www.orynycz.com\\\/#organization\"},\"alternateName\":\"\u041e\u0440\u0438\u043d\u0438\u0447.com\",\"potentialAction\":[{\"@type\":\"SearchAction\",\"target\":{\"@type\":\"EntryPoint\",\"urlTemplate\":\"https:\\\/\\\/www.orynycz.com\\\/sk\\\/?s={search_term_string}\"},\"query-input\":{\"@type\":\"PropertyValueSpecification\",\"valueRequired\":true,\"valueName\":\"search_term_string\"}}],\"inLanguage\":\"sk-SK\"},{\"@type\":\"Organization\",\"@id\":\"https:\\\/\\\/www.orynycz.com\\\/#organization\",\"name\":\"orynycz.com\",\"alternateName\":\"\u041e\u0440\u0438\u043d\u0438\u0447.com\",\"url\":\"https:\\\/\\\/www.orynycz.com\\\/sk\\\/\",\"logo\":{\"@type\":\"ImageObject\",\"inLanguage\":\"sk-SK\",\"@id\":\"https:\\\/\\\/www.orynycz.com\\\/sk\\\/#\\\/schema\\\/logo\\\/image\\\/\",\"url\":\"https:\\\/\\\/www.orynycz.com\\\/wp-content\\\/uploads\\\/2025\\\/12\\\/logo-1.jpg\",\"contentUrl\":\"https:\\\/\\\/www.orynycz.com\\\/wp-content\\\/uploads\\\/2025\\\/12\\\/logo-1.jpg\",\"width\":512,\"height\":512,\"caption\":\"orynycz.com\"},\"image\":{\"@id\":\"https:\\\/\\\/www.orynycz.com\\\/sk\\\/#\\\/schema\\\/logo\\\/image\\\/\"},\"sameAs\":[\"https:\\\/\\\/www.facebook.com\\\/orynycz\"],\"publishingPrinciples\":\"https:\\\/\\\/www.orynycz.com\\\/sk\\\/zasady\\\/\",\"ownershipFundingInfo\":\"https:\\\/\\\/www.orynycz.com\\\/sk\\\/zasady\\\/\",\"actionableFeedbackPolicy\":\"https:\\\/\\\/www.orynycz.com\\\/sk\\\/zasady\\\/\",\"correctionsPolicy\":\"https:\\\/\\\/www.orynycz.com\\\/sk\\\/zasady\\\/\",\"ethicsPolicy\":\"https:\\\/\\\/www.orynycz.com\\\/sk\\\/zasady\\\/\",\"diversityPolicy\":\"https:\\\/\\\/www.orynycz.com\\\/sk\\\/zasady\\\/\",\"diversityStaffingReport\":\"https:\\\/\\\/www.orynycz.com\\\/sk\\\/zasady\\\/\"}]}<\/script>\n<!-- \/ Yoast SEO Premium plugin. -->","yoast_head_json":{"title":"Z\u00e1sady pou\u017e\u00edvania s\u00faborov cookie | Petro Orynycz","robots":{"index":"index","follow":"follow","max-snippet":"max-snippet:-1","max-image-preview":"max-image-preview:large","max-video-preview":"max-video-preview:-1"},"canonical":"https:\/\/www.orynycz.com\/sk\/zasady\/cookie\/","og_locale":"sk_SK","og_type":"article","og_title":"Z\u00e1sady pou\u017e\u00edvania s\u00faborov cookie","og_description":"T\u00e1to str\u00e1nka poskytuje komplexn\u00e9 inform\u00e1cie o tom, ako pou\u017e\u00edvame s\u00fabory cookie na na\u0161ej webovej str\u00e1nke na zlep\u0161enie v\u00e1\u0161ho z\u00e1\u017eitku z prehliadania, zv\u00fd\u0161enie v\u00fdkonu webovej str\u00e1nky a poskytovanie personalizovan\u00e9ho obsahu. S\u00fabory cookie s\u00fa mal\u00e9 textov\u00e9 s\u00fabory, ktor\u00e9 sa ukladaj\u00fa do v\u00e1\u0161ho zariadenia pri n\u00e1v\u0161teve na\u0161ej str\u00e1nky. Pom\u00e1haj\u00fa n\u00e1m pochopi\u0165, ako n\u00e1v\u0161tevn\u00edci interaguj\u00fa s na\u0161ou webovou str\u00e1nkou, [&hellip;]","og_url":"https:\/\/www.orynycz.com\/sk\/zasady\/cookie\/","og_site_name":"Petro Orynycz","article_publisher":"https:\/\/www.facebook.com\/orynycz","article_modified_time":"2026-01-23T06:38:32+00:00","twitter_card":"summary_large_image","twitter_misc":{"Predpokladan\u00fd \u010das \u010d\u00edtania":"6 min\u00fat"},"schema":{"@context":"https:\/\/schema.org","@graph":[{"@type":"WebPage","@id":"https:\/\/www.orynycz.com\/sk\/zasady\/cookie\/","url":"https:\/\/www.orynycz.com\/sk\/zasady\/cookie\/","name":"Z\u00e1sady pou\u017e\u00edvania s\u00faborov cookie | Petro Orynycz","isPartOf":{"@id":"https:\/\/www.orynycz.com\/sk\/#website"},"datePublished":"2025-08-15T08:18:03+00:00","dateModified":"2026-01-23T06:38:32+00:00","breadcrumb":{"@id":"https:\/\/www.orynycz.com\/sk\/zasady\/cookie\/#breadcrumb"},"inLanguage":"sk-SK","potentialAction":[{"@type":"ReadAction","target":["https:\/\/www.orynycz.com\/sk\/zasady\/cookie\/"]}]},{"@type":"BreadcrumbList","@id":"https:\/\/www.orynycz.com\/sk\/zasady\/cookie\/#breadcrumb","itemListElement":[{"@type":"ListItem","position":1,"name":"Domov","item":"https:\/\/www.orynycz.com\/sk\/"},{"@type":"ListItem","position":2,"name":"Z\u00e1sady","item":"https:\/\/www.orynycz.com\/sk\/policy\/"},{"@type":"ListItem","position":3,"name":"S\u00fabory cookie"}]},{"@type":"WebSite","@id":"https:\/\/www.orynycz.com\/sk\/#website","url":"https:\/\/www.orynycz.com\/sk\/","name":"Orynycz.com","description":"Vedec. In\u017einier umelej inteligencie. Lingvista.","publisher":{"@id":"https:\/\/www.orynycz.com\/#organization"},"alternateName":"\u041e\u0440\u0438\u043d\u0438\u0447.com","potentialAction":[{"@type":"SearchAction","target":{"@type":"EntryPoint","urlTemplate":"https:\/\/www.orynycz.com\/sk\/?s={search_term_string}"},"query-input":{"@type":"PropertyValueSpecification","valueRequired":true,"valueName":"search_term_string"}}],"inLanguage":"sk-SK"},{"@type":"Organization","@id":"https:\/\/www.orynycz.com\/#organization","name":"orynycz.com","alternateName":"\u041e\u0440\u0438\u043d\u0438\u0447.com","url":"https:\/\/www.orynycz.com\/sk\/","logo":{"@type":"ImageObject","inLanguage":"sk-SK","@id":"https:\/\/www.orynycz.com\/sk\/#\/schema\/logo\/image\/","url":"https:\/\/www.orynycz.com\/wp-content\/uploads\/2025\/12\/logo-1.jpg","contentUrl":"https:\/\/www.orynycz.com\/wp-content\/uploads\/2025\/12\/logo-1.jpg","width":512,"height":512,"caption":"orynycz.com"},"image":{"@id":"https:\/\/www.orynycz.com\/sk\/#\/schema\/logo\/image\/"},"sameAs":["https:\/\/www.facebook.com\/orynycz"],"publishingPrinciples":"https:\/\/www.orynycz.com\/sk\/zasady\/","ownershipFundingInfo":"https:\/\/www.orynycz.com\/sk\/zasady\/","actionableFeedbackPolicy":"https:\/\/www.orynycz.com\/sk\/zasady\/","correctionsPolicy":"https:\/\/www.orynycz.com\/sk\/zasady\/","ethicsPolicy":"https:\/\/www.orynycz.com\/sk\/zasady\/","diversityPolicy":"https:\/\/www.orynycz.com\/sk\/zasady\/","diversityStaffingReport":"https:\/\/www.orynycz.com\/sk\/zasady\/"}]}},"_links":{"self":[{"href":"https:\/\/www.orynycz.com\/sk\/wp-json\/wp\/v2\/pages\/10938","targetHints":{"allow":["GET"]}}],"collection":[{"href":"https:\/\/www.orynycz.com\/sk\/wp-json\/wp\/v2\/pages"}],"about":[{"href":"https:\/\/www.orynycz.com\/sk\/wp-json\/wp\/v2\/types\/page"}],"author":[{"embeddable":true,"href":"https:\/\/www.orynycz.com\/sk\/wp-json\/wp\/v2\/users\/2"}],"replies":[{"embeddable":true,"href":"https:\/\/www.orynycz.com\/sk\/wp-json\/wp\/v2\/comments?post=10938"}],"version-history":[{"count":3,"href":"https:\/\/www.orynycz.com\/sk\/wp-json\/wp\/v2\/pages\/10938\/revisions"}],"predecessor-version":[{"id":11161,"href":"https:\/\/www.orynycz.com\/sk\/wp-json\/wp\/v2\/pages\/10938\/revisions\/11161"}],"up":[{"embeddable":true,"href":"https:\/\/www.orynycz.com\/sk\/wp-json\/wp\/v2\/pages\/10936"}],"wp:attachment":[{"href":"https:\/\/www.orynycz.com\/sk\/wp-json\/wp\/v2\/media?parent=10938"}],"curies":[{"name":"wp","href":"https:\/\/api.w.org\/{rel}","templated":true}]}}