{"id":10924,"date":"2025-08-18T06:35:19","date_gmt":"2025-08-18T06:35:19","guid":{"rendered":"https:\/\/www.orynycz.com\/obmedzene-jurisdikcie\/"},"modified":"2026-03-25T06:28:44","modified_gmt":"2026-03-25T06:28:44","slug":"obmedzenia","status":"publish","type":"page","link":"https:\/\/www.orynycz.com\/sk\/zasady\/obmedzenia\/","title":{"rendered":"Obmedzen\u00e9 jurisdikcie"},"content":{"rendered":"\n<p>\u017dia\u013e, v s\u00fa\u010dasnosti nem\u00f4\u017eeme poskytova\u0165 slu\u017eby pou\u017e\u00edvate\u013eom nach\u00e1dzaj\u00facim sa v, pristupuj\u00facim z, alebo pracuj\u00facim pre ak\u00fako\u013evek osobu alebo subjekt v nasleduj\u00facich jurisdikci\u00e1ch:<\/p>\n\n<p>Afganistan<br\/>Bielorusko<br\/>Stredoafrick\u00e1 republika<br\/>Krym<br\/>Kuba<br\/>Kon\u017esk\u00e1 demokratick\u00e1 republika<br\/>Doneck\u00e1 \u013eudov\u00e1 republika<br\/>Ir\u00e1n<br\/>Irak<br\/>L\u00edbya<br\/>Luhansk\u00e1 \u013eudov\u00e1 republika<br\/>Mjanmarsko (Barma)<br\/>Severn\u00e1 K\u00f3rea<br\/>Rusko<br\/>Som\u00e1lsko<br\/>Ju\u017en\u00fd Sud\u00e1n<br\/>Sud\u00e1n<br\/><s>S\u00fdria<\/s><br\/>Podnestersko<br\/>Venezuela<br\/>Jemen<\/p>\n","protected":false},"excerpt":{"rendered":"<p>\u017dia\u013e, v s\u00fa\u010dasnosti nem\u00f4\u017eeme poskytova\u0165 slu\u017eby pou\u017e\u00edvate\u013eom nach\u00e1dzaj\u00facim sa v, pristupuj\u00facim z, alebo pracuj\u00facim pre ak\u00fako\u013evek osobu alebo subjekt v nasleduj\u00facich jurisdikci\u00e1ch: AfganistanBieloruskoStredoafrick\u00e1 republikaKrymKubaKon\u017esk\u00e1 demokratick\u00e1 republikaDoneck\u00e1 \u013eudov\u00e1 republikaIr\u00e1nIrakL\u00edbyaLuhansk\u00e1 \u013eudov\u00e1 republikaMjanmarsko (Barma)Severn\u00e1 K\u00f3reaRuskoSom\u00e1lskoJu\u017en\u00fd Sud\u00e1nSud\u00e1nS\u00fdriaPodnesterskoVenezuelaJemen<\/p>\n","protected":false},"author":2,"featured_media":0,"parent":10936,"menu_order":0,"comment_status":"closed","ping_status":"closed","template":"","meta":{"inline_featured_image":false,"footnotes":""},"class_list":["post-10924","page","type-page","status-publish","hentry"],"yoast_head":"<!-- This site is optimized with the Yoast SEO Premium plugin v27.3 (Yoast SEO v27.4) - https:\/\/yoast.com\/product\/yoast-seo-premium-wordpress\/ -->\n<title>Obmedzen\u00e9 jurisdikcie | Petro Orynycz<\/title>\n<meta name=\"robots\" content=\"index, follow, max-snippet:-1, max-image-preview:large, max-video-preview:-1\" \/>\n<link rel=\"canonical\" href=\"https:\/\/www.orynycz.com\/sk\/zasady\/obmedzenia\/\" \/>\n<meta property=\"og:locale\" content=\"sk_SK\" \/>\n<meta property=\"og:type\" content=\"article\" \/>\n<meta property=\"og:title\" content=\"Obmedzen\u00e9 jurisdikcie\" \/>\n<meta property=\"og:description\" content=\"\u017dia\u013e, v s\u00fa\u010dasnosti nem\u00f4\u017eeme poskytova\u0165 slu\u017eby pou\u017e\u00edvate\u013eom nach\u00e1dzaj\u00facim sa v, pristupuj\u00facim z, alebo pracuj\u00facim pre ak\u00fako\u013evek osobu alebo subjekt v nasleduj\u00facich jurisdikci\u00e1ch: AfganistanBieloruskoStredoafrick\u00e1 republikaKrymKubaKon\u017esk\u00e1 demokratick\u00e1 republikaDoneck\u00e1 \u013eudov\u00e1 republikaIr\u00e1nIrakL\u00edbyaLuhansk\u00e1 \u013eudov\u00e1 republikaMjanmarsko (Barma)Severn\u00e1 K\u00f3reaRuskoSom\u00e1lskoJu\u017en\u00fd Sud\u00e1nSud\u00e1nS\u00fdriaPodnesterskoVenezuelaJemen\" \/>\n<meta property=\"og:url\" content=\"https:\/\/www.orynycz.com\/sk\/zasady\/obmedzenia\/\" \/>\n<meta property=\"og:site_name\" content=\"Petro Orynycz\" \/>\n<meta property=\"article:publisher\" content=\"https:\/\/www.facebook.com\/orynycz\" \/>\n<meta property=\"article:modified_time\" content=\"2026-03-25T06:28:44+00:00\" \/>\n<meta name=\"twitter:card\" content=\"summary_large_image\" \/>\n<script type=\"application\/ld+json\" class=\"yoast-schema-graph\">{\"@context\":\"https:\\\/\\\/schema.org\",\"@graph\":[{\"@type\":\"WebPage\",\"@id\":\"https:\\\/\\\/www.orynycz.com\\\/sk\\\/zasady\\\/obmedzenia\\\/\",\"url\":\"https:\\\/\\\/www.orynycz.com\\\/sk\\\/zasady\\\/obmedzenia\\\/\",\"name\":\"Obmedzen\u00e9 jurisdikcie | Petro Orynycz\",\"isPartOf\":{\"@id\":\"https:\\\/\\\/www.orynycz.com\\\/sk\\\/#website\"},\"datePublished\":\"2025-08-18T06:35:19+00:00\",\"dateModified\":\"2026-03-25T06:28:44+00:00\",\"breadcrumb\":{\"@id\":\"https:\\\/\\\/www.orynycz.com\\\/sk\\\/zasady\\\/obmedzenia\\\/#breadcrumb\"},\"inLanguage\":\"sk-SK\",\"potentialAction\":[{\"@type\":\"ReadAction\",\"target\":[\"https:\\\/\\\/www.orynycz.com\\\/sk\\\/zasady\\\/obmedzenia\\\/\"]}]},{\"@type\":\"BreadcrumbList\",\"@id\":\"https:\\\/\\\/www.orynycz.com\\\/sk\\\/zasady\\\/obmedzenia\\\/#breadcrumb\",\"itemListElement\":[{\"@type\":\"ListItem\",\"position\":1,\"name\":\"Domov\",\"item\":\"https:\\\/\\\/www.orynycz.com\\\/sk\\\/\"},{\"@type\":\"ListItem\",\"position\":2,\"name\":\"Z\u00e1sady\",\"item\":\"https:\\\/\\\/www.orynycz.com\\\/sk\\\/policy\\\/\"},{\"@type\":\"ListItem\",\"position\":3,\"name\":\"\u010cierna listina\"}]},{\"@type\":\"WebSite\",\"@id\":\"https:\\\/\\\/www.orynycz.com\\\/sk\\\/#website\",\"url\":\"https:\\\/\\\/www.orynycz.com\\\/sk\\\/\",\"name\":\"Orynycz.com\",\"description\":\"Vedec. In\u017einier umelej inteligencie. Lingvista.\",\"publisher\":{\"@id\":\"https:\\\/\\\/www.orynycz.com\\\/#organization\"},\"alternateName\":\"\u041e\u0440\u0438\u043d\u0438\u0447.com\",\"potentialAction\":[{\"@type\":\"SearchAction\",\"target\":{\"@type\":\"EntryPoint\",\"urlTemplate\":\"https:\\\/\\\/www.orynycz.com\\\/sk\\\/?s={search_term_string}\"},\"query-input\":{\"@type\":\"PropertyValueSpecification\",\"valueRequired\":true,\"valueName\":\"search_term_string\"}}],\"inLanguage\":\"sk-SK\"},{\"@type\":\"Organization\",\"@id\":\"https:\\\/\\\/www.orynycz.com\\\/#organization\",\"name\":\"orynycz.com\",\"alternateName\":\"\u041e\u0440\u0438\u043d\u0438\u0447.com\",\"url\":\"https:\\\/\\\/www.orynycz.com\\\/sk\\\/\",\"logo\":{\"@type\":\"ImageObject\",\"inLanguage\":\"sk-SK\",\"@id\":\"https:\\\/\\\/www.orynycz.com\\\/sk\\\/#\\\/schema\\\/logo\\\/image\\\/\",\"url\":\"https:\\\/\\\/www.orynycz.com\\\/wp-content\\\/uploads\\\/2025\\\/12\\\/logo-1.jpg\",\"contentUrl\":\"https:\\\/\\\/www.orynycz.com\\\/wp-content\\\/uploads\\\/2025\\\/12\\\/logo-1.jpg\",\"width\":512,\"height\":512,\"caption\":\"orynycz.com\"},\"image\":{\"@id\":\"https:\\\/\\\/www.orynycz.com\\\/sk\\\/#\\\/schema\\\/logo\\\/image\\\/\"},\"sameAs\":[\"https:\\\/\\\/www.facebook.com\\\/orynycz\"],\"publishingPrinciples\":\"https:\\\/\\\/www.orynycz.com\\\/sk\\\/zasady\\\/\",\"ownershipFundingInfo\":\"https:\\\/\\\/www.orynycz.com\\\/sk\\\/zasady\\\/\",\"actionableFeedbackPolicy\":\"https:\\\/\\\/www.orynycz.com\\\/sk\\\/zasady\\\/\",\"correctionsPolicy\":\"https:\\\/\\\/www.orynycz.com\\\/sk\\\/zasady\\\/\",\"ethicsPolicy\":\"https:\\\/\\\/www.orynycz.com\\\/sk\\\/zasady\\\/\",\"diversityPolicy\":\"https:\\\/\\\/www.orynycz.com\\\/sk\\\/zasady\\\/\",\"diversityStaffingReport\":\"https:\\\/\\\/www.orynycz.com\\\/sk\\\/zasady\\\/\"}]}<\/script>\n<!-- \/ Yoast SEO Premium plugin. -->","yoast_head_json":{"title":"Obmedzen\u00e9 jurisdikcie | Petro Orynycz","robots":{"index":"index","follow":"follow","max-snippet":"max-snippet:-1","max-image-preview":"max-image-preview:large","max-video-preview":"max-video-preview:-1"},"canonical":"https:\/\/www.orynycz.com\/sk\/zasady\/obmedzenia\/","og_locale":"sk_SK","og_type":"article","og_title":"Obmedzen\u00e9 jurisdikcie","og_description":"\u017dia\u013e, v s\u00fa\u010dasnosti nem\u00f4\u017eeme poskytova\u0165 slu\u017eby pou\u017e\u00edvate\u013eom nach\u00e1dzaj\u00facim sa v, pristupuj\u00facim z, alebo pracuj\u00facim pre ak\u00fako\u013evek osobu alebo subjekt v nasleduj\u00facich jurisdikci\u00e1ch: AfganistanBieloruskoStredoafrick\u00e1 republikaKrymKubaKon\u017esk\u00e1 demokratick\u00e1 republikaDoneck\u00e1 \u013eudov\u00e1 republikaIr\u00e1nIrakL\u00edbyaLuhansk\u00e1 \u013eudov\u00e1 republikaMjanmarsko (Barma)Severn\u00e1 K\u00f3reaRuskoSom\u00e1lskoJu\u017en\u00fd Sud\u00e1nSud\u00e1nS\u00fdriaPodnesterskoVenezuelaJemen","og_url":"https:\/\/www.orynycz.com\/sk\/zasady\/obmedzenia\/","og_site_name":"Petro Orynycz","article_publisher":"https:\/\/www.facebook.com\/orynycz","article_modified_time":"2026-03-25T06:28:44+00:00","twitter_card":"summary_large_image","schema":{"@context":"https:\/\/schema.org","@graph":[{"@type":"WebPage","@id":"https:\/\/www.orynycz.com\/sk\/zasady\/obmedzenia\/","url":"https:\/\/www.orynycz.com\/sk\/zasady\/obmedzenia\/","name":"Obmedzen\u00e9 jurisdikcie | Petro Orynycz","isPartOf":{"@id":"https:\/\/www.orynycz.com\/sk\/#website"},"datePublished":"2025-08-18T06:35:19+00:00","dateModified":"2026-03-25T06:28:44+00:00","breadcrumb":{"@id":"https:\/\/www.orynycz.com\/sk\/zasady\/obmedzenia\/#breadcrumb"},"inLanguage":"sk-SK","potentialAction":[{"@type":"ReadAction","target":["https:\/\/www.orynycz.com\/sk\/zasady\/obmedzenia\/"]}]},{"@type":"BreadcrumbList","@id":"https:\/\/www.orynycz.com\/sk\/zasady\/obmedzenia\/#breadcrumb","itemListElement":[{"@type":"ListItem","position":1,"name":"Domov","item":"https:\/\/www.orynycz.com\/sk\/"},{"@type":"ListItem","position":2,"name":"Z\u00e1sady","item":"https:\/\/www.orynycz.com\/sk\/policy\/"},{"@type":"ListItem","position":3,"name":"\u010cierna listina"}]},{"@type":"WebSite","@id":"https:\/\/www.orynycz.com\/sk\/#website","url":"https:\/\/www.orynycz.com\/sk\/","name":"Orynycz.com","description":"Vedec. In\u017einier umelej inteligencie. Lingvista.","publisher":{"@id":"https:\/\/www.orynycz.com\/#organization"},"alternateName":"\u041e\u0440\u0438\u043d\u0438\u0447.com","potentialAction":[{"@type":"SearchAction","target":{"@type":"EntryPoint","urlTemplate":"https:\/\/www.orynycz.com\/sk\/?s={search_term_string}"},"query-input":{"@type":"PropertyValueSpecification","valueRequired":true,"valueName":"search_term_string"}}],"inLanguage":"sk-SK"},{"@type":"Organization","@id":"https:\/\/www.orynycz.com\/#organization","name":"orynycz.com","alternateName":"\u041e\u0440\u0438\u043d\u0438\u0447.com","url":"https:\/\/www.orynycz.com\/sk\/","logo":{"@type":"ImageObject","inLanguage":"sk-SK","@id":"https:\/\/www.orynycz.com\/sk\/#\/schema\/logo\/image\/","url":"https:\/\/www.orynycz.com\/wp-content\/uploads\/2025\/12\/logo-1.jpg","contentUrl":"https:\/\/www.orynycz.com\/wp-content\/uploads\/2025\/12\/logo-1.jpg","width":512,"height":512,"caption":"orynycz.com"},"image":{"@id":"https:\/\/www.orynycz.com\/sk\/#\/schema\/logo\/image\/"},"sameAs":["https:\/\/www.facebook.com\/orynycz"],"publishingPrinciples":"https:\/\/www.orynycz.com\/sk\/zasady\/","ownershipFundingInfo":"https:\/\/www.orynycz.com\/sk\/zasady\/","actionableFeedbackPolicy":"https:\/\/www.orynycz.com\/sk\/zasady\/","correctionsPolicy":"https:\/\/www.orynycz.com\/sk\/zasady\/","ethicsPolicy":"https:\/\/www.orynycz.com\/sk\/zasady\/","diversityPolicy":"https:\/\/www.orynycz.com\/sk\/zasady\/","diversityStaffingReport":"https:\/\/www.orynycz.com\/sk\/zasady\/"}]}},"_links":{"self":[{"href":"https:\/\/www.orynycz.com\/sk\/wp-json\/wp\/v2\/pages\/10924","targetHints":{"allow":["GET"]}}],"collection":[{"href":"https:\/\/www.orynycz.com\/sk\/wp-json\/wp\/v2\/pages"}],"about":[{"href":"https:\/\/www.orynycz.com\/sk\/wp-json\/wp\/v2\/types\/page"}],"author":[{"embeddable":true,"href":"https:\/\/www.orynycz.com\/sk\/wp-json\/wp\/v2\/users\/2"}],"replies":[{"embeddable":true,"href":"https:\/\/www.orynycz.com\/sk\/wp-json\/wp\/v2\/comments?post=10924"}],"version-history":[{"count":2,"href":"https:\/\/www.orynycz.com\/sk\/wp-json\/wp\/v2\/pages\/10924\/revisions"}],"predecessor-version":[{"id":13498,"href":"https:\/\/www.orynycz.com\/sk\/wp-json\/wp\/v2\/pages\/10924\/revisions\/13498"}],"up":[{"embeddable":true,"href":"https:\/\/www.orynycz.com\/sk\/wp-json\/wp\/v2\/pages\/10936"}],"wp:attachment":[{"href":"https:\/\/www.orynycz.com\/sk\/wp-json\/wp\/v2\/media?parent=10924"}],"curies":[{"name":"wp","href":"https:\/\/api.w.org\/{rel}","templated":true}]}}