{"id":8908,"date":"2025-08-18T06:35:19","date_gmt":"2025-08-18T06:35:19","guid":{"rendered":"https:\/\/www.orynycz.com\/czarna-lista\/"},"modified":"2026-03-25T06:28:54","modified_gmt":"2026-03-25T06:28:54","slug":"banlista","status":"publish","type":"page","link":"https:\/\/www.orynycz.com\/pl\/polityka\/banlista\/","title":{"rendered":"Jurysdykcje Ograniczone"},"content":{"rendered":"\n<p>Niestety, obecnie nie mo\u017cemy obs\u0142ugiwa\u0107 u\u017cytkownik\u00f3w znajduj\u0105cych si\u0119, uzyskuj\u0105cych dost\u0119p lub pracuj\u0105cych dla jakiejkolwiek osoby lub podmiotu w nast\u0119puj\u0105cych jurysdykcjach:<\/p>\n\n<p>Afganistan<br\/>Bia\u0142oru\u015b<br\/>Republika \u015arodkowoafryka\u0144ska<br\/>Krym<br\/>Kuba<br\/>Demokratyczna Republika Konga<br\/>Doniecka Republika Ludowa<br\/>Iran<br\/>Irak<br\/>Libia<br\/>\u0141uga\u0144ska Republika Ludowa<br\/>Mjanma (Birma)<br\/>Korea P\u00f3\u0142nocna<br\/>Rosja<br\/>Somalia<br\/>Sudan Po\u0142udniowy<br\/>Sudan<br\/><s>Syria<\/s><br\/>Naddniestrze<br\/>Wenezuela<br\/>Jemen<\/p>\n","protected":false},"excerpt":{"rendered":"<p>Niestety, obecnie nie mo\u017cemy obs\u0142ugiwa\u0107 u\u017cytkownik\u00f3w znajduj\u0105cych si\u0119, uzyskuj\u0105cych dost\u0119p lub pracuj\u0105cych dla jakiejkolwiek osoby lub podmiotu w nast\u0119puj\u0105cych jurysdykcjach: AfganistanBia\u0142oru\u015bRepublika \u015arodkowoafryka\u0144skaKrymKubaDemokratyczna Republika KongaDoniecka Republika LudowaIranIrakLibia\u0141uga\u0144ska Republika LudowaMjanma (Birma)Korea P\u00f3\u0142nocnaRosjaSomaliaSudan Po\u0142udniowySudanSyriaNaddniestrzeWenezuelaJemen<\/p>\n","protected":false},"author":2,"featured_media":0,"parent":10234,"menu_order":0,"comment_status":"closed","ping_status":"closed","template":"","meta":{"inline_featured_image":false,"footnotes":""},"class_list":["post-8908","page","type-page","status-publish","hentry"],"yoast_head":"<!-- This site is optimized with the Yoast SEO Premium plugin v27.3 (Yoast SEO v27.4) - https:\/\/yoast.com\/product\/yoast-seo-premium-wordpress\/ -->\n<title>Jurysdykcje Ograniczone | Petro Orynycz<\/title>\n<meta name=\"robots\" content=\"index, follow, max-snippet:-1, max-image-preview:large, max-video-preview:-1\" \/>\n<link rel=\"canonical\" href=\"https:\/\/www.orynycz.com\/pl\/polityka\/banlista\/\" \/>\n<meta property=\"og:locale\" content=\"pl_PL\" \/>\n<meta property=\"og:type\" content=\"article\" \/>\n<meta property=\"og:title\" content=\"Jurysdykcje Ograniczone\" \/>\n<meta property=\"og:description\" content=\"Niestety, obecnie nie mo\u017cemy obs\u0142ugiwa\u0107 u\u017cytkownik\u00f3w znajduj\u0105cych si\u0119, uzyskuj\u0105cych dost\u0119p lub pracuj\u0105cych dla jakiejkolwiek osoby lub podmiotu w nast\u0119puj\u0105cych jurysdykcjach: AfganistanBia\u0142oru\u015bRepublika \u015arodkowoafryka\u0144skaKrymKubaDemokratyczna Republika KongaDoniecka Republika LudowaIranIrakLibia\u0141uga\u0144ska Republika LudowaMjanma (Birma)Korea P\u00f3\u0142nocnaRosjaSomaliaSudan Po\u0142udniowySudanSyriaNaddniestrzeWenezuelaJemen\" \/>\n<meta property=\"og:url\" content=\"https:\/\/www.orynycz.com\/pl\/polityka\/banlista\/\" \/>\n<meta property=\"og:site_name\" content=\"Petro Orynycz\" \/>\n<meta property=\"article:publisher\" content=\"https:\/\/www.facebook.com\/orynycz\" \/>\n<meta property=\"article:modified_time\" content=\"2026-03-25T06:28:54+00:00\" \/>\n<meta name=\"twitter:card\" content=\"summary_large_image\" \/>\n<script type=\"application\/ld+json\" class=\"yoast-schema-graph\">{\"@context\":\"https:\\\/\\\/schema.org\",\"@graph\":[{\"@type\":\"WebPage\",\"@id\":\"https:\\\/\\\/www.orynycz.com\\\/pl\\\/polityka\\\/banlista\\\/\",\"url\":\"https:\\\/\\\/www.orynycz.com\\\/pl\\\/polityka\\\/banlista\\\/\",\"name\":\"Jurysdykcje Ograniczone | Petro Orynycz\",\"isPartOf\":{\"@id\":\"https:\\\/\\\/www.orynycz.com\\\/pl\\\/#website\"},\"datePublished\":\"2025-08-18T06:35:19+00:00\",\"dateModified\":\"2026-03-25T06:28:54+00:00\",\"breadcrumb\":{\"@id\":\"https:\\\/\\\/www.orynycz.com\\\/pl\\\/polityka\\\/banlista\\\/#breadcrumb\"},\"inLanguage\":\"pl-PL\",\"potentialAction\":[{\"@type\":\"ReadAction\",\"target\":[\"https:\\\/\\\/www.orynycz.com\\\/pl\\\/polityka\\\/banlista\\\/\"]}]},{\"@type\":\"BreadcrumbList\",\"@id\":\"https:\\\/\\\/www.orynycz.com\\\/pl\\\/polityka\\\/banlista\\\/#breadcrumb\",\"itemListElement\":[{\"@type\":\"ListItem\",\"position\":1,\"name\":\"Strona g\u0142\u00f3wna\",\"item\":\"https:\\\/\\\/www.orynycz.com\\\/pl\\\/\"},{\"@type\":\"ListItem\",\"position\":2,\"name\":\"Polityka\",\"item\":\"https:\\\/\\\/www.orynycz.com\\\/pl\\\/policy\\\/\"},{\"@type\":\"ListItem\",\"position\":3,\"name\":\"Czarna lista\"}]},{\"@type\":\"WebSite\",\"@id\":\"https:\\\/\\\/www.orynycz.com\\\/pl\\\/#website\",\"url\":\"https:\\\/\\\/www.orynycz.com\\\/pl\\\/\",\"name\":\"Orynycz.com\",\"description\":\"Naukowiec. In\u017cynier AI. Lingwista.\",\"publisher\":{\"@id\":\"https:\\\/\\\/www.orynycz.com\\\/#organization\"},\"alternateName\":\"\u041e\u0440\u0438\u043d\u0438\u0447.com\",\"potentialAction\":[{\"@type\":\"SearchAction\",\"target\":{\"@type\":\"EntryPoint\",\"urlTemplate\":\"https:\\\/\\\/www.orynycz.com\\\/pl\\\/?s={search_term_string}\"},\"query-input\":{\"@type\":\"PropertyValueSpecification\",\"valueRequired\":true,\"valueName\":\"search_term_string\"}}],\"inLanguage\":\"pl-PL\"},{\"@type\":\"Organization\",\"@id\":\"https:\\\/\\\/www.orynycz.com\\\/#organization\",\"name\":\"orynycz.com\",\"alternateName\":\"\u041e\u0440\u0438\u043d\u0438\u0447.com\",\"url\":\"https:\\\/\\\/www.orynycz.com\\\/pl\\\/\",\"logo\":{\"@type\":\"ImageObject\",\"inLanguage\":\"pl-PL\",\"@id\":\"https:\\\/\\\/www.orynycz.com\\\/pl\\\/#\\\/schema\\\/logo\\\/image\\\/\",\"url\":\"https:\\\/\\\/www.orynycz.com\\\/wp-content\\\/uploads\\\/2025\\\/12\\\/logo-1.jpg\",\"contentUrl\":\"https:\\\/\\\/www.orynycz.com\\\/wp-content\\\/uploads\\\/2025\\\/12\\\/logo-1.jpg\",\"width\":512,\"height\":512,\"caption\":\"orynycz.com\"},\"image\":{\"@id\":\"https:\\\/\\\/www.orynycz.com\\\/pl\\\/#\\\/schema\\\/logo\\\/image\\\/\"},\"sameAs\":[\"https:\\\/\\\/www.facebook.com\\\/orynycz\"],\"publishingPrinciples\":\"https:\\\/\\\/www.orynycz.com\\\/pl\\\/polityka\\\/\",\"ownershipFundingInfo\":\"https:\\\/\\\/www.orynycz.com\\\/pl\\\/polityka\\\/\",\"actionableFeedbackPolicy\":\"https:\\\/\\\/www.orynycz.com\\\/pl\\\/polityka\\\/\",\"correctionsPolicy\":\"https:\\\/\\\/www.orynycz.com\\\/pl\\\/polityka\\\/\",\"ethicsPolicy\":\"https:\\\/\\\/www.orynycz.com\\\/pl\\\/polityka\\\/\",\"diversityPolicy\":\"https:\\\/\\\/www.orynycz.com\\\/pl\\\/polityka\\\/\",\"diversityStaffingReport\":\"https:\\\/\\\/www.orynycz.com\\\/pl\\\/polityka\\\/\"}]}<\/script>\n<!-- \/ Yoast SEO Premium plugin. -->","yoast_head_json":{"title":"Jurysdykcje Ograniczone | Petro Orynycz","robots":{"index":"index","follow":"follow","max-snippet":"max-snippet:-1","max-image-preview":"max-image-preview:large","max-video-preview":"max-video-preview:-1"},"canonical":"https:\/\/www.orynycz.com\/pl\/polityka\/banlista\/","og_locale":"pl_PL","og_type":"article","og_title":"Jurysdykcje Ograniczone","og_description":"Niestety, obecnie nie mo\u017cemy obs\u0142ugiwa\u0107 u\u017cytkownik\u00f3w znajduj\u0105cych si\u0119, uzyskuj\u0105cych dost\u0119p lub pracuj\u0105cych dla jakiejkolwiek osoby lub podmiotu w nast\u0119puj\u0105cych jurysdykcjach: AfganistanBia\u0142oru\u015bRepublika \u015arodkowoafryka\u0144skaKrymKubaDemokratyczna Republika KongaDoniecka Republika LudowaIranIrakLibia\u0141uga\u0144ska Republika LudowaMjanma (Birma)Korea P\u00f3\u0142nocnaRosjaSomaliaSudan Po\u0142udniowySudanSyriaNaddniestrzeWenezuelaJemen","og_url":"https:\/\/www.orynycz.com\/pl\/polityka\/banlista\/","og_site_name":"Petro Orynycz","article_publisher":"https:\/\/www.facebook.com\/orynycz","article_modified_time":"2026-03-25T06:28:54+00:00","twitter_card":"summary_large_image","schema":{"@context":"https:\/\/schema.org","@graph":[{"@type":"WebPage","@id":"https:\/\/www.orynycz.com\/pl\/polityka\/banlista\/","url":"https:\/\/www.orynycz.com\/pl\/polityka\/banlista\/","name":"Jurysdykcje Ograniczone | Petro Orynycz","isPartOf":{"@id":"https:\/\/www.orynycz.com\/pl\/#website"},"datePublished":"2025-08-18T06:35:19+00:00","dateModified":"2026-03-25T06:28:54+00:00","breadcrumb":{"@id":"https:\/\/www.orynycz.com\/pl\/polityka\/banlista\/#breadcrumb"},"inLanguage":"pl-PL","potentialAction":[{"@type":"ReadAction","target":["https:\/\/www.orynycz.com\/pl\/polityka\/banlista\/"]}]},{"@type":"BreadcrumbList","@id":"https:\/\/www.orynycz.com\/pl\/polityka\/banlista\/#breadcrumb","itemListElement":[{"@type":"ListItem","position":1,"name":"Strona g\u0142\u00f3wna","item":"https:\/\/www.orynycz.com\/pl\/"},{"@type":"ListItem","position":2,"name":"Polityka","item":"https:\/\/www.orynycz.com\/pl\/policy\/"},{"@type":"ListItem","position":3,"name":"Czarna lista"}]},{"@type":"WebSite","@id":"https:\/\/www.orynycz.com\/pl\/#website","url":"https:\/\/www.orynycz.com\/pl\/","name":"Orynycz.com","description":"Naukowiec. In\u017cynier AI. Lingwista.","publisher":{"@id":"https:\/\/www.orynycz.com\/#organization"},"alternateName":"\u041e\u0440\u0438\u043d\u0438\u0447.com","potentialAction":[{"@type":"SearchAction","target":{"@type":"EntryPoint","urlTemplate":"https:\/\/www.orynycz.com\/pl\/?s={search_term_string}"},"query-input":{"@type":"PropertyValueSpecification","valueRequired":true,"valueName":"search_term_string"}}],"inLanguage":"pl-PL"},{"@type":"Organization","@id":"https:\/\/www.orynycz.com\/#organization","name":"orynycz.com","alternateName":"\u041e\u0440\u0438\u043d\u0438\u0447.com","url":"https:\/\/www.orynycz.com\/pl\/","logo":{"@type":"ImageObject","inLanguage":"pl-PL","@id":"https:\/\/www.orynycz.com\/pl\/#\/schema\/logo\/image\/","url":"https:\/\/www.orynycz.com\/wp-content\/uploads\/2025\/12\/logo-1.jpg","contentUrl":"https:\/\/www.orynycz.com\/wp-content\/uploads\/2025\/12\/logo-1.jpg","width":512,"height":512,"caption":"orynycz.com"},"image":{"@id":"https:\/\/www.orynycz.com\/pl\/#\/schema\/logo\/image\/"},"sameAs":["https:\/\/www.facebook.com\/orynycz"],"publishingPrinciples":"https:\/\/www.orynycz.com\/pl\/polityka\/","ownershipFundingInfo":"https:\/\/www.orynycz.com\/pl\/polityka\/","actionableFeedbackPolicy":"https:\/\/www.orynycz.com\/pl\/polityka\/","correctionsPolicy":"https:\/\/www.orynycz.com\/pl\/polityka\/","ethicsPolicy":"https:\/\/www.orynycz.com\/pl\/polityka\/","diversityPolicy":"https:\/\/www.orynycz.com\/pl\/polityka\/","diversityStaffingReport":"https:\/\/www.orynycz.com\/pl\/polityka\/"}]}},"_links":{"self":[{"href":"https:\/\/www.orynycz.com\/pl\/wp-json\/wp\/v2\/pages\/8908","targetHints":{"allow":["GET"]}}],"collection":[{"href":"https:\/\/www.orynycz.com\/pl\/wp-json\/wp\/v2\/pages"}],"about":[{"href":"https:\/\/www.orynycz.com\/pl\/wp-json\/wp\/v2\/types\/page"}],"author":[{"embeddable":true,"href":"https:\/\/www.orynycz.com\/pl\/wp-json\/wp\/v2\/users\/2"}],"replies":[{"embeddable":true,"href":"https:\/\/www.orynycz.com\/pl\/wp-json\/wp\/v2\/comments?post=8908"}],"version-history":[{"count":16,"href":"https:\/\/www.orynycz.com\/pl\/wp-json\/wp\/v2\/pages\/8908\/revisions"}],"predecessor-version":[{"id":13501,"href":"https:\/\/www.orynycz.com\/pl\/wp-json\/wp\/v2\/pages\/8908\/revisions\/13501"}],"up":[{"embeddable":true,"href":"https:\/\/www.orynycz.com\/pl\/wp-json\/wp\/v2\/pages\/10234"}],"wp:attachment":[{"href":"https:\/\/www.orynycz.com\/pl\/wp-json\/wp\/v2\/media?parent=8908"}],"curies":[{"name":"wp","href":"https:\/\/api.w.org\/{rel}","templated":true}]}}