{"id":8899,"date":"2025-08-15T08:18:03","date_gmt":"2025-08-15T08:18:03","guid":{"rendered":"https:\/\/www.orynycz.com\/polityka-plikow-cookie\/"},"modified":"2026-01-23T04:58:01","modified_gmt":"2026-01-23T04:58:01","slug":"cookies","status":"publish","type":"page","link":"https:\/\/www.orynycz.com\/pl\/polityka\/cookies\/","title":{"rendered":"Polityka plik\u00f3w cookie"},"content":{"rendered":"\n<p>Ta strona zawiera wyczerpuj\u0105ce informacje o tym, jak u\u017cywamy plik\u00f3w cookie na naszej witrynie internetowej w celu poprawy Pa\u0144stwa do\u015bwiadcze\u0144 podczas przegl\u0105dania, zwi\u0119kszenia wydajno\u015bci witryny i dostarczania spersonalizowanych tre\u015bci. Pliki cookie to ma\u0142e pliki tekstowe, kt\u00f3re s\u0105 przechowywane na Pa\u0144stwa urz\u0105dzeniu podczas odwiedzania naszej witryny. Pomagaj\u0105 nam zrozumie\u0107, w jaki spos\u00f3b odwiedzaj\u0105cy korzystaj\u0105 z naszej witryny internetowej, umo\u017cliwiaj\u0105c nam oferowanie p\u0142ynniejszego i bardziej efektywnego do\u015bwiadczenia u\u017cytkownika. W poni\u017cszej tabeli znajd\u0105 Pa\u0144stwo szczeg\u00f3\u0142owe informacje o ka\u017cdym rodzaju pliku cookie, kt\u00f3rego u\u017cywamy, jego przeznaczeniu oraz o tym, jak d\u0142ugo pozostaje na Pa\u0144stwa urz\u0105dzeniu. Jeste\u015bmy zobowi\u0105zani do poszanowania Pa\u0144stwa prywatno\u015bci i zapewnienia przejrzysto\u015bci w zakresie danych, kt\u00f3re gromadzimy za pomoc\u0105 plik\u00f3w cookie. Aby uzyska\u0107 wi\u0119cej informacji o tym, jak przetwarzamy Pa\u0144stwa dane osobowe, prosimy zapozna\u0107 si\u0119 z nasz\u0105 Polityk\u0105 Prywatno\u015bci.<\/p>\n\n\n\n<h2 class=\"wp-block-heading\" id=\"h-niezbedne\">Niezb\u0119dne<\/h2>\n\n\n\n<p>Niezb\u0119dne pliki cookie umo\u017cliwiaj\u0105 podstawowe funkcje i s\u0105 konieczne do prawid\u0142owego dzia\u0142ania strony internetowej.<\/p>\n\n\n\n<figure class=\"wp-block-table\"><table class=\"has-fixed-layout\"><tbody><tr><th>Identyfikator pliku cookie<\/th><th>Cel<\/th><th>Czas trwania<\/th><\/tr><tr><td>wpconsent_preferences<\/td><td>Ten plik cookie s\u0142u\u017cy do przechowywania preferencji u\u017cytkownika dotycz\u0105cych zgody na pliki cookie.<\/td><td>30 dni<\/td><\/tr><\/tbody><\/table><\/figure>\n\n\n\n<h3 class=\"wp-block-heading\" id=\"h-komentarze\">Komentarze<\/h3>\n\n\n\n<p>Te pliki cookie s\u0105 niezb\u0119dne do dodawania komentarzy na tej stronie internetowej.<\/p>\n\n\n\n<figure class=\"wp-block-table\"><table class=\"has-fixed-layout\"><tbody><tr><th>Identyfikator pliku cookie<\/th><th>Cel<\/th><th>Czas trwania<\/th><\/tr><tr><td>comment_author<\/td><td>U\u017cywany do \u015bledzenia u\u017cytkownika w wielu sesjach.<\/td><td>Sesja<\/td><\/tr><tr><td>comment_author_email<\/td><td>U\u017cywany do \u015bledzenia u\u017cytkownika w wielu sesjach.<\/td><td>Sesja<\/td><\/tr><tr><td>comment_author_url<\/td><td>U\u017cywany do \u015bledzenia u\u017cytkownika w wielu sesjach.<\/td><td>Sesja<\/td><\/tr><\/tbody><\/table><\/figure>\n\n\n\n<h3 class=\"wp-block-heading\" id=\"h-google-recaptcha\">Google reCAPTCHA<\/h3>\n\n\n\n<p>Google reCAPTCHA pomaga chroni\u0107 strony internetowe przed spamem i nadu\u017cyciami poprzez weryfikacj\u0119 interakcji u\u017cytkownik\u00f3w za pomoc\u0105 wyzwa\u0144.<\/p>\n\n\n\n<figure class=\"wp-block-table\"><table class=\"has-fixed-layout\"><tbody><tr><th>Identyfikator pliku cookie<\/th><th>Cel<\/th><th>Czas trwania<\/th><\/tr><tr><td>_GRECAPTCHA<\/td><td>Google reCAPTCHA ustawia niezb\u0119dny plik cookie (_GRECAPTCHA) podczas wykonywania w celu przeprowadzenia analizy ryzyka.<\/td><td>179 dni<\/td><\/tr><\/tbody><\/table><\/figure>\n\n\n\n<h3 class=\"wp-block-heading\" id=\"h-logowanie\">Logowanie<\/h3>\n\n\n\n<p>Te pliki cookie s\u0105 u\u017cywane do zarz\u0105dzania funkcjonalno\u015bci\u0105 logowania na tej stronie internetowej.<\/p>\n\n\n\n<figure class=\"wp-block-table\"><table class=\"has-fixed-layout\"><tbody><tr><th>Identyfikator pliku cookie<\/th><th>Cel<\/th><th>Czas trwania<\/th><\/tr><tr><td>wordpress_logged_in<\/td><td>U\u017cywany do przechowywania zalogowanych u\u017cytkownik\u00f3w.<\/td><td>Trwa\u0142y<\/td><\/tr><tr><td>wordpress_sec<\/td><td>U\u017cywany do \u015bledzenia u\u017cytkownika w wielu sesjach.<\/td><td>15 dni<\/td><\/tr><tr><td>wordpress_test_cookie<\/td><td>U\u017cywany do okre\u015blenia, czy pliki cookie s\u0105 w\u0142\u0105czone.<\/td><td>Sesja<\/td><\/tr><\/tbody><\/table><\/figure>\n\n\n\n<h2 class=\"wp-block-heading\" id=\"h-statystyki\">Statystyki<\/h2>\n\n\n\n<p>Statystyczne pliki cookie zbieraj\u0105 informacje anonimowo. Te informacje pomagaj\u0105 nam zrozumie\u0107, jak odwiedzaj\u0105cy korzystaj\u0105 z naszej strony. <\/p>\n\n\n\n<h3 class=\"wp-block-heading\" id=\"h-google-analytics\">Google Analytics<\/h3>\n\n\n\n<p>Google Analytics to pot\u0119\u017cne narz\u0119dzie, kt\u00f3re \u015bledzi i analizuje ruch na stronie internetowej w celu podejmowania \u015bwiadomych decyzji marketingowych. <a href=\"https:\/\/policies.google.com\/privacy?hl=pl\" type=\"link\" id=\"https:\/\/policies.google.com\/privacy?hl=pl\" rel=\"nofollow\">Dowiedz si\u0119 wi\u0119cej<\/a><\/p>\n\n\n\n<figure class=\"wp-block-table\"><table class=\"has-fixed-layout\"><tbody><tr><th>Identyfikator pliku cookie<\/th><th>Cel<\/th><th>Czas trwania<\/th><\/tr><tr><td>_gac_<\/td><td>Zawiera informacje zwi\u0105zane z kampaniami marketingowymi u\u017cytkownika. S\u0105 one udost\u0119pniane Google AdWords \/ Google Ads, gdy konta Google Ads i Google Analytics s\u0105 po\u0142\u0105czone. <\/td><td>90 dni<\/td><\/tr><tr><td>__utma<\/td><td>Identyfikator u\u017cywany do identyfikacji u\u017cytkownik\u00f3w i sesji<\/td><td>2 lata po ostatniej aktywno\u015bci<\/td><\/tr><tr><td>__utmt<\/td><td>U\u017cywany do monitorowania liczby \u017c\u0105da\u0144 serwera Google Analytics<\/td><td>10 minut<\/td><\/tr><tr><td>__utmb<\/td><td>U\u017cywany do rozr\u00f3\u017cniania nowych sesji i wizyt. Ten plik cookie jest ustawiany, gdy biblioteka javascript GA.js jest \u0142adowana i nie istnieje istniej\u0105cy plik cookie __utmb. Plik cookie jest aktualizowany za ka\u017cdym razem, gdy dane s\u0105 wysy\u0142ane na serwer Google Analytics.  <\/td><td>30 minut po ostatniej aktywno\u015bci<\/td><\/tr><tr><td>__utmc<\/td><td>U\u017cywany tylko ze starymi wersjami Urchin Google Analytics, a nie z GA.js. By\u0142 u\u017cywany do rozr\u00f3\u017cniania mi\u0119dzy nowymi sesjami a wizytami na ko\u0144cu sesji. <\/td><td>Koniec sesji (przegl\u0105darka)<\/td><\/tr><tr><td>__utmz<\/td><td>Zawiera informacje o \u017ar\u00f3dle ruchu lub kampanii, kt\u00f3ra skierowa\u0142a u\u017cytkownika na stron\u0119 internetow\u0105. Plik cookie jest ustawiany, gdy javascript GA.js jest \u0142adowany i aktualizowany, gdy dane s\u0105 wysy\u0142ane na serwer Google Analytics <\/td><td>6 miesi\u0119cy po ostatniej aktywno\u015bci<\/td><\/tr><tr><td>__utmv<\/td><td>Zawiera niestandardowe informacje ustawione przez programist\u0119 internetowego za pomoc\u0105 metody _setCustomVar w Google Analytics. Ten plik cookie jest aktualizowany za ka\u017cdym razem, gdy nowe dane s\u0105 wysy\u0142ane na serwer Google Analytics. <\/td><td>2 lata po ostatniej aktywno\u015bci<\/td><\/tr><tr><td>__utmx<\/td><td>U\u017cywany do okre\u015blenia, czy u\u017cytkownik jest uwzgl\u0119dniony w te\u015bcie A\/B lub wielowariantowym.<\/td><td>18 miesi\u0119cy<\/td><\/tr><tr><td>_ga<\/td><td>Identyfikator u\u017cywany do identyfikacji u\u017cytkownik\u00f3w<\/td><td>2 lata<\/td><\/tr><tr><td>_gali<\/td><td>U\u017cywany przez Google Analytics do okre\u015blenia, kt\u00f3re linki na stronie s\u0105 klikane<\/td><td>30 sekund<\/td><\/tr><tr><td>_ga_<\/td><td>Identyfikator u\u017cywany do identyfikacji u\u017cytkownik\u00f3w<\/td><td>2 lata<\/td><\/tr><tr><td>_gid<\/td><td>Identyfikator u\u017cywany do identyfikacji u\u017cytkownik\u00f3w przez 24 godziny po ostatniej aktywno\u015bci<\/td><td>24 godziny<\/td><\/tr><tr><td>_gat<\/td><td>U\u017cywany do monitorowania liczby \u017c\u0105da\u0144 serwera Google Analytics podczas korzystania z Google Tag Manager<\/td><td>1 minuta<\/td><\/tr><\/tbody><\/table><\/figure>\n\n\n\n<h2 class=\"wp-block-heading\" id=\"h-marketing\">Marketing<\/h2>\n\n\n\n<p>Marketingowe pliki cookie s\u0105 u\u017cywane do \u015bledzenia odwiedzaj\u0105cych na stronach internetowych. Celem jest wy\u015bwietlanie reklam, kt\u00f3re s\u0105 odpowiednie i anga\u017cuj\u0105ce dla indywidualnego u\u017cytkownika. <\/p>\n\n\n\n<h3 class=\"wp-block-heading\" id=\"h-x-dawniej-twitter-pixel\">X (dawniej Twitter) Pixel<\/h3>\n\n\n\n<p>X Pixel umo\u017cliwia firmom \u015bledzenie interakcji u\u017cytkownik\u00f3w i optymalizacj\u0119 wydajno\u015bci reklam na platformie X w skuteczny spos\u00f3b. <a href=\"https:\/\/x.com\/pl\/privacy\" type=\"link\" id=\"https:\/\/x.com\/pl\/privacy\" rel=\"nofollow\">Dowiedz si\u0119 wi\u0119cej<\/a><\/p>\n\n\n\n<figure class=\"wp-block-table\"><table class=\"has-fixed-layout\"><tbody><tr><th>Identyfikator pliku cookie<\/th><th>Cel<\/th><th>Czas trwania<\/th><\/tr><tr><td>guest_id<\/td><td>Ten plik cookie jest ustawiany przez X w celu identyfikacji i \u015bledzenia odwiedzaj\u0105cego stron\u0119 internetow\u0105. Rejestruje, czy u\u017cytkownik jest zalogowany na platformie X i zbiera informacje o preferencjach reklamowych. <\/td><td>2 lata<\/td><\/tr><tr><td>personalization_id<\/td><td>Unikalna warto\u015b\u0107, za pomoc\u0105 kt\u00f3rej u\u017cytkownicy mog\u0105 by\u0107 identyfikowani przez X. Zebrane informacje s\u0105 u\u017cywane do personalizacji us\u0142ug X, w tym trend\u00f3w X, historii, reklam i sugestii.<\/td><td>2 lata<\/td><\/tr><tr><td>external_referer<\/td><td>Nasza strona internetowa u\u017cywa przycisk\u00f3w X, aby umo\u017cliwi\u0107 naszym odwiedzaj\u0105cym \u015bledzenie naszych promocyjnych kana\u0142\u00f3w X, a czasami osadzanie kana\u0142\u00f3w na naszej stronie internetowej.<\/td><td>2 lata<\/td><\/tr><\/tbody><\/table><\/figure>\n\n\n\n<h3 class=\"wp-block-heading\" id=\"h-youtube\">Youtube<\/h3>\n\n\n\n<p>Platforma do udost\u0119pniania film\u00f3w, na kt\u00f3rej u\u017cytkownicy mog\u0105 przesy\u0142a\u0107, ogl\u0105da\u0107 i udost\u0119pnia\u0107 filmy z r\u00f3\u017cnych gatunk\u00f3w i temat\u00f3w. <a href=\"https:\/\/www.youtube.com\/intl\/ALL_pl\/howyoutubeworks\/privacy\/\" rel=\"nofollow\">Dowiedz si\u0119 wi\u0119cej<\/a><\/p>\n\n\n\n<figure class=\"wp-block-table\"><table class=\"has-fixed-layout\"><tbody><tr><th>Identyfikator pliku cookie<\/th><th>Cel<\/th><th>Czas trwania<\/th><\/tr><tr><td>GPS<\/td><td>Rejestruje unikalny identyfikator na urz\u0105dzeniach mobilnych, aby umo\u017cliwi\u0107 \u015bledzenie na podstawie geograficznej lokalizacji GPS.<\/td><td>1 dzie\u0144<\/td><\/tr><tr><td>VISITOR_INFO1_LIVE<\/td><td>Pr\u00f3buje oszacowa\u0107 przepustowo\u015b\u0107 u\u017cytkownik\u00f3w na stronach ze zintegrowanymi filmami YouTube. U\u017cywany r\u00f3wnie\u017c do cel\u00f3w marketingowych <\/td><td>179 dni<\/td><\/tr><tr><td>PREF<\/td><td>Ten plik cookie przechowuje Pa\u0144stwa preferencje i inne informacje, w szczeg\u00f3lno\u015bci preferowany j\u0119zyk, ile wynik\u00f3w wyszukiwania chc\u0105 Pa\u0144stwo wy\u015bwietla\u0107 na swojej stronie oraz czy chc\u0105 Pa\u0144stwo mie\u0107 w\u0142\u0105czony filtr SafeSearch Google.<\/td><td>10 lat od ustawienia\/aktualizacji<\/td><\/tr><tr><td>YSC<\/td><td>Rejestruje unikalny identyfikator w celu prowadzenia statystyk dotycz\u0105cych tego, jakie filmy z YouTube obejrza\u0142 u\u017cytkownik.<\/td><td>Sesja<\/td><\/tr><tr><td>DEVICE_INFO<\/td><td>U\u017cywany do wykrycia, czy odwiedzaj\u0105cy zaakceptowa\u0142 kategori\u0119 marketingow\u0105 w banerze plik\u00f3w cookie. Ten plik cookie jest niezb\u0119dny dla zgodno\u015bci strony internetowej z RODO. <\/td><td>179 dni<\/td><\/tr><tr><td>LOGIN_INFO<\/td><td>Ten plik cookie jest u\u017cywany do odtwarzania film\u00f3w YouTube osadzonych na stronie internetowej.<\/td><td>2 lata<\/td><\/tr><tr><td>VISITOR_PRIVACY_METADATA<\/td><td>Plik cookie metadanych prywatno\u015bci odwiedzaj\u0105cych Youtube<\/td><td>180 dni<\/td><\/tr><\/tbody><\/table><\/figure>\n","protected":false},"excerpt":{"rendered":"<p>Ta strona zawiera wyczerpuj\u0105ce informacje o tym, jak u\u017cywamy plik\u00f3w cookie na naszej witrynie internetowej w celu poprawy Pa\u0144stwa do\u015bwiadcze\u0144 podczas przegl\u0105dania, zwi\u0119kszenia wydajno\u015bci witryny i dostarczania spersonalizowanych tre\u015bci. Pliki cookie to ma\u0142e pliki tekstowe, kt\u00f3re s\u0105 przechowywane na Pa\u0144stwa urz\u0105dzeniu podczas odwiedzania naszej witryny. Pomagaj\u0105 nam zrozumie\u0107, w jaki spos\u00f3b odwiedzaj\u0105cy korzystaj\u0105 z naszej [&hellip;]<\/p>\n","protected":false},"author":2,"featured_media":0,"parent":10234,"menu_order":0,"comment_status":"closed","ping_status":"closed","template":"","meta":{"inline_featured_image":false,"footnotes":""},"class_list":["post-8899","page","type-page","status-publish","hentry"],"yoast_head":"<!-- This site is optimized with the Yoast SEO Premium plugin v27.3 (Yoast SEO v27.4) - https:\/\/yoast.com\/product\/yoast-seo-premium-wordpress\/ -->\n<title>Polityka plik\u00f3w cookie | Petro Orynycz<\/title>\n<meta name=\"robots\" content=\"index, follow, max-snippet:-1, max-image-preview:large, max-video-preview:-1\" \/>\n<link rel=\"canonical\" href=\"https:\/\/www.orynycz.com\/pl\/polityka\/cookies\/\" \/>\n<meta property=\"og:locale\" content=\"pl_PL\" \/>\n<meta property=\"og:type\" content=\"article\" \/>\n<meta property=\"og:title\" content=\"Polityka plik\u00f3w cookie\" \/>\n<meta property=\"og:description\" content=\"Ta strona zawiera wyczerpuj\u0105ce informacje o tym, jak u\u017cywamy plik\u00f3w cookie na naszej witrynie internetowej w celu poprawy Pa\u0144stwa do\u015bwiadcze\u0144 podczas przegl\u0105dania, zwi\u0119kszenia wydajno\u015bci witryny i dostarczania spersonalizowanych tre\u015bci. Pliki cookie to ma\u0142e pliki tekstowe, kt\u00f3re s\u0105 przechowywane na Pa\u0144stwa urz\u0105dzeniu podczas odwiedzania naszej witryny. Pomagaj\u0105 nam zrozumie\u0107, w jaki spos\u00f3b odwiedzaj\u0105cy korzystaj\u0105 z naszej [&hellip;]\" \/>\n<meta property=\"og:url\" content=\"https:\/\/www.orynycz.com\/pl\/polityka\/cookies\/\" \/>\n<meta property=\"og:site_name\" content=\"Petro Orynycz\" \/>\n<meta property=\"article:publisher\" content=\"https:\/\/www.facebook.com\/orynycz\" \/>\n<meta property=\"article:modified_time\" content=\"2026-01-23T04:58:01+00:00\" \/>\n<meta name=\"twitter:card\" content=\"summary_large_image\" \/>\n<meta name=\"twitter:label1\" content=\"Szacowany czas czytania\" \/>\n\t<meta name=\"twitter:data1\" content=\"5 minut\" \/>\n<script type=\"application\/ld+json\" class=\"yoast-schema-graph\">{\"@context\":\"https:\\\/\\\/schema.org\",\"@graph\":[{\"@type\":\"WebPage\",\"@id\":\"https:\\\/\\\/www.orynycz.com\\\/pl\\\/polityka\\\/cookies\\\/\",\"url\":\"https:\\\/\\\/www.orynycz.com\\\/pl\\\/polityka\\\/cookies\\\/\",\"name\":\"Polityka plik\u00f3w cookie | Petro Orynycz\",\"isPartOf\":{\"@id\":\"https:\\\/\\\/www.orynycz.com\\\/pl\\\/#website\"},\"datePublished\":\"2025-08-15T08:18:03+00:00\",\"dateModified\":\"2026-01-23T04:58:01+00:00\",\"breadcrumb\":{\"@id\":\"https:\\\/\\\/www.orynycz.com\\\/pl\\\/polityka\\\/cookies\\\/#breadcrumb\"},\"inLanguage\":\"pl-PL\",\"potentialAction\":[{\"@type\":\"ReadAction\",\"target\":[\"https:\\\/\\\/www.orynycz.com\\\/pl\\\/polityka\\\/cookies\\\/\"]}]},{\"@type\":\"BreadcrumbList\",\"@id\":\"https:\\\/\\\/www.orynycz.com\\\/pl\\\/polityka\\\/cookies\\\/#breadcrumb\",\"itemListElement\":[{\"@type\":\"ListItem\",\"position\":1,\"name\":\"Strona g\u0142\u00f3wna\",\"item\":\"https:\\\/\\\/www.orynycz.com\\\/pl\\\/\"},{\"@type\":\"ListItem\",\"position\":2,\"name\":\"Polityka\",\"item\":\"https:\\\/\\\/www.orynycz.com\\\/pl\\\/policy\\\/\"},{\"@type\":\"ListItem\",\"position\":3,\"name\":\"Pliki cookie\"}]},{\"@type\":\"WebSite\",\"@id\":\"https:\\\/\\\/www.orynycz.com\\\/pl\\\/#website\",\"url\":\"https:\\\/\\\/www.orynycz.com\\\/pl\\\/\",\"name\":\"Orynycz.com\",\"description\":\"Naukowiec. In\u017cynier AI. Lingwista.\",\"publisher\":{\"@id\":\"https:\\\/\\\/www.orynycz.com\\\/#organization\"},\"alternateName\":\"\u041e\u0440\u0438\u043d\u0438\u0447.com\",\"potentialAction\":[{\"@type\":\"SearchAction\",\"target\":{\"@type\":\"EntryPoint\",\"urlTemplate\":\"https:\\\/\\\/www.orynycz.com\\\/pl\\\/?s={search_term_string}\"},\"query-input\":{\"@type\":\"PropertyValueSpecification\",\"valueRequired\":true,\"valueName\":\"search_term_string\"}}],\"inLanguage\":\"pl-PL\"},{\"@type\":\"Organization\",\"@id\":\"https:\\\/\\\/www.orynycz.com\\\/#organization\",\"name\":\"orynycz.com\",\"alternateName\":\"\u041e\u0440\u0438\u043d\u0438\u0447.com\",\"url\":\"https:\\\/\\\/www.orynycz.com\\\/pl\\\/\",\"logo\":{\"@type\":\"ImageObject\",\"inLanguage\":\"pl-PL\",\"@id\":\"https:\\\/\\\/www.orynycz.com\\\/pl\\\/#\\\/schema\\\/logo\\\/image\\\/\",\"url\":\"https:\\\/\\\/www.orynycz.com\\\/wp-content\\\/uploads\\\/2025\\\/12\\\/logo-1.jpg\",\"contentUrl\":\"https:\\\/\\\/www.orynycz.com\\\/wp-content\\\/uploads\\\/2025\\\/12\\\/logo-1.jpg\",\"width\":512,\"height\":512,\"caption\":\"orynycz.com\"},\"image\":{\"@id\":\"https:\\\/\\\/www.orynycz.com\\\/pl\\\/#\\\/schema\\\/logo\\\/image\\\/\"},\"sameAs\":[\"https:\\\/\\\/www.facebook.com\\\/orynycz\"],\"publishingPrinciples\":\"https:\\\/\\\/www.orynycz.com\\\/pl\\\/polityka\\\/\",\"ownershipFundingInfo\":\"https:\\\/\\\/www.orynycz.com\\\/pl\\\/polityka\\\/\",\"actionableFeedbackPolicy\":\"https:\\\/\\\/www.orynycz.com\\\/pl\\\/polityka\\\/\",\"correctionsPolicy\":\"https:\\\/\\\/www.orynycz.com\\\/pl\\\/polityka\\\/\",\"ethicsPolicy\":\"https:\\\/\\\/www.orynycz.com\\\/pl\\\/polityka\\\/\",\"diversityPolicy\":\"https:\\\/\\\/www.orynycz.com\\\/pl\\\/polityka\\\/\",\"diversityStaffingReport\":\"https:\\\/\\\/www.orynycz.com\\\/pl\\\/polityka\\\/\"}]}<\/script>\n<!-- \/ Yoast SEO Premium plugin. -->","yoast_head_json":{"title":"Polityka plik\u00f3w cookie | Petro Orynycz","robots":{"index":"index","follow":"follow","max-snippet":"max-snippet:-1","max-image-preview":"max-image-preview:large","max-video-preview":"max-video-preview:-1"},"canonical":"https:\/\/www.orynycz.com\/pl\/polityka\/cookies\/","og_locale":"pl_PL","og_type":"article","og_title":"Polityka plik\u00f3w cookie","og_description":"Ta strona zawiera wyczerpuj\u0105ce informacje o tym, jak u\u017cywamy plik\u00f3w cookie na naszej witrynie internetowej w celu poprawy Pa\u0144stwa do\u015bwiadcze\u0144 podczas przegl\u0105dania, zwi\u0119kszenia wydajno\u015bci witryny i dostarczania spersonalizowanych tre\u015bci. Pliki cookie to ma\u0142e pliki tekstowe, kt\u00f3re s\u0105 przechowywane na Pa\u0144stwa urz\u0105dzeniu podczas odwiedzania naszej witryny. Pomagaj\u0105 nam zrozumie\u0107, w jaki spos\u00f3b odwiedzaj\u0105cy korzystaj\u0105 z naszej [&hellip;]","og_url":"https:\/\/www.orynycz.com\/pl\/polityka\/cookies\/","og_site_name":"Petro Orynycz","article_publisher":"https:\/\/www.facebook.com\/orynycz","article_modified_time":"2026-01-23T04:58:01+00:00","twitter_card":"summary_large_image","twitter_misc":{"Szacowany czas czytania":"5 minut"},"schema":{"@context":"https:\/\/schema.org","@graph":[{"@type":"WebPage","@id":"https:\/\/www.orynycz.com\/pl\/polityka\/cookies\/","url":"https:\/\/www.orynycz.com\/pl\/polityka\/cookies\/","name":"Polityka plik\u00f3w cookie | Petro Orynycz","isPartOf":{"@id":"https:\/\/www.orynycz.com\/pl\/#website"},"datePublished":"2025-08-15T08:18:03+00:00","dateModified":"2026-01-23T04:58:01+00:00","breadcrumb":{"@id":"https:\/\/www.orynycz.com\/pl\/polityka\/cookies\/#breadcrumb"},"inLanguage":"pl-PL","potentialAction":[{"@type":"ReadAction","target":["https:\/\/www.orynycz.com\/pl\/polityka\/cookies\/"]}]},{"@type":"BreadcrumbList","@id":"https:\/\/www.orynycz.com\/pl\/polityka\/cookies\/#breadcrumb","itemListElement":[{"@type":"ListItem","position":1,"name":"Strona g\u0142\u00f3wna","item":"https:\/\/www.orynycz.com\/pl\/"},{"@type":"ListItem","position":2,"name":"Polityka","item":"https:\/\/www.orynycz.com\/pl\/policy\/"},{"@type":"ListItem","position":3,"name":"Pliki cookie"}]},{"@type":"WebSite","@id":"https:\/\/www.orynycz.com\/pl\/#website","url":"https:\/\/www.orynycz.com\/pl\/","name":"Orynycz.com","description":"Naukowiec. In\u017cynier AI. Lingwista.","publisher":{"@id":"https:\/\/www.orynycz.com\/#organization"},"alternateName":"\u041e\u0440\u0438\u043d\u0438\u0447.com","potentialAction":[{"@type":"SearchAction","target":{"@type":"EntryPoint","urlTemplate":"https:\/\/www.orynycz.com\/pl\/?s={search_term_string}"},"query-input":{"@type":"PropertyValueSpecification","valueRequired":true,"valueName":"search_term_string"}}],"inLanguage":"pl-PL"},{"@type":"Organization","@id":"https:\/\/www.orynycz.com\/#organization","name":"orynycz.com","alternateName":"\u041e\u0440\u0438\u043d\u0438\u0447.com","url":"https:\/\/www.orynycz.com\/pl\/","logo":{"@type":"ImageObject","inLanguage":"pl-PL","@id":"https:\/\/www.orynycz.com\/pl\/#\/schema\/logo\/image\/","url":"https:\/\/www.orynycz.com\/wp-content\/uploads\/2025\/12\/logo-1.jpg","contentUrl":"https:\/\/www.orynycz.com\/wp-content\/uploads\/2025\/12\/logo-1.jpg","width":512,"height":512,"caption":"orynycz.com"},"image":{"@id":"https:\/\/www.orynycz.com\/pl\/#\/schema\/logo\/image\/"},"sameAs":["https:\/\/www.facebook.com\/orynycz"],"publishingPrinciples":"https:\/\/www.orynycz.com\/pl\/polityka\/","ownershipFundingInfo":"https:\/\/www.orynycz.com\/pl\/polityka\/","actionableFeedbackPolicy":"https:\/\/www.orynycz.com\/pl\/polityka\/","correctionsPolicy":"https:\/\/www.orynycz.com\/pl\/polityka\/","ethicsPolicy":"https:\/\/www.orynycz.com\/pl\/polityka\/","diversityPolicy":"https:\/\/www.orynycz.com\/pl\/polityka\/","diversityStaffingReport":"https:\/\/www.orynycz.com\/pl\/polityka\/"}]}},"_links":{"self":[{"href":"https:\/\/www.orynycz.com\/pl\/wp-json\/wp\/v2\/pages\/8899","targetHints":{"allow":["GET"]}}],"collection":[{"href":"https:\/\/www.orynycz.com\/pl\/wp-json\/wp\/v2\/pages"}],"about":[{"href":"https:\/\/www.orynycz.com\/pl\/wp-json\/wp\/v2\/types\/page"}],"author":[{"embeddable":true,"href":"https:\/\/www.orynycz.com\/pl\/wp-json\/wp\/v2\/users\/2"}],"replies":[{"embeddable":true,"href":"https:\/\/www.orynycz.com\/pl\/wp-json\/wp\/v2\/comments?post=8899"}],"version-history":[{"count":11,"href":"https:\/\/www.orynycz.com\/pl\/wp-json\/wp\/v2\/pages\/8899\/revisions"}],"predecessor-version":[{"id":10829,"href":"https:\/\/www.orynycz.com\/pl\/wp-json\/wp\/v2\/pages\/8899\/revisions\/10829"}],"up":[{"embeddable":true,"href":"https:\/\/www.orynycz.com\/pl\/wp-json\/wp\/v2\/pages\/10234"}],"wp:attachment":[{"href":"https:\/\/www.orynycz.com\/pl\/wp-json\/wp\/v2\/media?parent=8899"}],"curies":[{"name":"wp","href":"https:\/\/api.w.org\/{rel}","templated":true}]}}