{"id":8463,"date":"2025-07-07T19:55:12","date_gmt":"2025-07-07T19:55:12","guid":{"rendered":"https:\/\/www.orynycz.com\/polityka-zwrotow\/"},"modified":"2026-02-06T10:34:41","modified_gmt":"2026-02-06T10:34:41","slug":"zwroty","status":"publish","type":"page","link":"https:\/\/www.orynycz.com\/pl\/polityka\/zwroty\/","title":{"rendered":"Polityka zwrot\u00f3w"},"content":{"rendered":"\n<p>Ostatnia aktualizacja: 6 lutego 2026 roku<\/p>\n\n<p>Niniejsza Polityka Zwrot\u00f3w dotyczy zakup\u00f3w dokonanych za po\u015brednictwem Orynycz.com, w tym subskrypcji (Pro, Max, Ultra), pobierania cyfrowego (np. listy pakowania) oraz kurs\u00f3w online samoobs\u0142ugowych.<\/p>\n\n<h2 class=\"wp-block-heading\" id=\"h-subscriptions-pro-max-ultra\">Subskrypcje (Pro, Max, Ultra)<\/h2>\n\n<p>Je\u015bli nie jest Pan\/Pani zadowolony\/a z jakiegokolwiek p\u0142atnego planu (Pro, Max lub Ultra), mo\u017ce Pan\/Pani za\u017c\u0105da\u0107 pe\u0142nego zwrotu koszt\u00f3w w ci\u0105gu 7 dni od pierwszego zakupu.<\/p>\n\n<h2 class=\"wp-block-heading\" id=\"h-digital-downloads-and-self-serve-courses\">Pobieranie cyfrowe i kursy samoobs\u0142ugowe<\/h2>\n\n<p>Poniewa\u017c pobieranie cyfrowe i dost\u0119p do kurs\u00f3w s\u0105 dostarczane natychmiast, \u017c\u0105dania zwrotu koszt\u00f3w musz\u0105 zosta\u0107 z\u0142o\u017cone w ci\u0105gu 7 dni od zakupu i mog\u0105 zosta\u0107 odrzucone, je\u015bli produkt zosta\u0142 ju\u017c pobrany, udost\u0119pniony lub u\u017cyty.<\/p>\n\n<h2 class=\"wp-block-heading\" id=\"h-how-to-request-a-refund\">Jak za\u017c\u0105da\u0107 zwrotu koszt\u00f3w<\/h2>\n\n<p>Prosz\u0119 napisa\u0107 na adres <a href=\"mailto:support@orynycz.com\">support@orynycz.com<\/a> z informacjami o zam\u00f3wieniu (adres e-mail u\u017cyty przy zakupie i\/lub paragon).<\/p>\n\n<p>Po up\u0142ywie tego okresu zwroty koszt\u00f3w s\u0105 rozpatrywane indywidualnie i nie s\u0105 gwarantowane. Zwroty koszt\u00f3w mog\u0105 r\u00f3wnie\u017c podlega\u0107 zasadom spor\u00f3w i obci\u0105\u017ce\u0144 zwrotnych dostawcy p\u0142atno\u015bci. Mo\u017cemy odm\u00f3wi\u0107 \u017c\u0105da\u0144 zwrotu koszt\u00f3w w przypadkach oszustwa, nadu\u017cycia lub naruszenia naszych <a href=\"https:\/\/www.orynycz.com\/pl\/polityka\/regulamin\/\" type=\"page\" id=\"8448\">Warunk\u00f3w U\u017cytkowania<\/a>.  <\/p>\n","protected":false},"excerpt":{"rendered":"<p>Ostatnia aktualizacja: 6 lutego 2026 roku Niniejsza Polityka Zwrot\u00f3w dotyczy zakup\u00f3w dokonanych za po\u015brednictwem Orynycz.com, w tym subskrypcji (Pro, Max, Ultra), pobierania cyfrowego (np. listy pakowania) oraz kurs\u00f3w online samoobs\u0142ugowych. Subskrypcje (Pro, Max, Ultra) Je\u015bli nie jest Pan\/Pani zadowolony\/a z jakiegokolwiek p\u0142atnego planu (Pro, Max lub Ultra), mo\u017ce Pan\/Pani za\u017c\u0105da\u0107 pe\u0142nego zwrotu koszt\u00f3w w ci\u0105gu [&hellip;]<\/p>\n","protected":false},"author":2,"featured_media":0,"parent":10234,"menu_order":0,"comment_status":"closed","ping_status":"closed","template":"","meta":{"inline_featured_image":false,"footnotes":""},"class_list":["post-8463","page","type-page","status-publish","hentry"],"yoast_head":"<!-- This site is optimized with the Yoast SEO Premium plugin v27.3 (Yoast SEO v27.4) - https:\/\/yoast.com\/product\/yoast-seo-premium-wordpress\/ -->\n<title>Polityka zwrot\u00f3w | Petro Orynycz<\/title>\n<meta name=\"robots\" content=\"index, follow, max-snippet:-1, max-image-preview:large, max-video-preview:-1\" \/>\n<link rel=\"canonical\" href=\"https:\/\/www.orynycz.com\/pl\/polityka\/zwroty\/\" \/>\n<meta property=\"og:locale\" content=\"pl_PL\" \/>\n<meta property=\"og:type\" content=\"article\" \/>\n<meta property=\"og:title\" content=\"Polityka zwrot\u00f3w\" \/>\n<meta property=\"og:description\" content=\"Ostatnia aktualizacja: 6 lutego 2026 roku Niniejsza Polityka Zwrot\u00f3w dotyczy zakup\u00f3w dokonanych za po\u015brednictwem Orynycz.com, w tym subskrypcji (Pro, Max, Ultra), pobierania cyfrowego (np. listy pakowania) oraz kurs\u00f3w online samoobs\u0142ugowych. Subskrypcje (Pro, Max, Ultra) Je\u015bli nie jest Pan\/Pani zadowolony\/a z jakiegokolwiek p\u0142atnego planu (Pro, Max lub Ultra), mo\u017ce Pan\/Pani za\u017c\u0105da\u0107 pe\u0142nego zwrotu koszt\u00f3w w ci\u0105gu [&hellip;]\" \/>\n<meta property=\"og:url\" content=\"https:\/\/www.orynycz.com\/pl\/polityka\/zwroty\/\" \/>\n<meta property=\"og:site_name\" content=\"Petro Orynycz\" \/>\n<meta property=\"article:publisher\" content=\"https:\/\/www.facebook.com\/orynycz\" \/>\n<meta property=\"article:modified_time\" content=\"2026-02-06T10:34:41+00:00\" \/>\n<meta name=\"twitter:card\" content=\"summary_large_image\" \/>\n<meta name=\"twitter:label1\" content=\"Szacowany czas czytania\" \/>\n\t<meta name=\"twitter:data1\" content=\"1 minuta\" \/>\n<script type=\"application\/ld+json\" class=\"yoast-schema-graph\">{\"@context\":\"https:\\\/\\\/schema.org\",\"@graph\":[{\"@type\":\"WebPage\",\"@id\":\"https:\\\/\\\/www.orynycz.com\\\/pl\\\/polityka\\\/zwroty\\\/\",\"url\":\"https:\\\/\\\/www.orynycz.com\\\/pl\\\/polityka\\\/zwroty\\\/\",\"name\":\"Polityka zwrot\u00f3w | Petro Orynycz\",\"isPartOf\":{\"@id\":\"https:\\\/\\\/www.orynycz.com\\\/pl\\\/#website\"},\"datePublished\":\"2025-07-07T19:55:12+00:00\",\"dateModified\":\"2026-02-06T10:34:41+00:00\",\"breadcrumb\":{\"@id\":\"https:\\\/\\\/www.orynycz.com\\\/pl\\\/polityka\\\/zwroty\\\/#breadcrumb\"},\"inLanguage\":\"pl-PL\",\"potentialAction\":[{\"@type\":\"ReadAction\",\"target\":[\"https:\\\/\\\/www.orynycz.com\\\/pl\\\/polityka\\\/zwroty\\\/\"]}]},{\"@type\":\"BreadcrumbList\",\"@id\":\"https:\\\/\\\/www.orynycz.com\\\/pl\\\/polityka\\\/zwroty\\\/#breadcrumb\",\"itemListElement\":[{\"@type\":\"ListItem\",\"position\":1,\"name\":\"Strona g\u0142\u00f3wna\",\"item\":\"https:\\\/\\\/www.orynycz.com\\\/pl\\\/\"},{\"@type\":\"ListItem\",\"position\":2,\"name\":\"Polityka\",\"item\":\"https:\\\/\\\/www.orynycz.com\\\/pl\\\/policy\\\/\"},{\"@type\":\"ListItem\",\"position\":3,\"name\":\"Zwroty\"}]},{\"@type\":\"WebSite\",\"@id\":\"https:\\\/\\\/www.orynycz.com\\\/pl\\\/#website\",\"url\":\"https:\\\/\\\/www.orynycz.com\\\/pl\\\/\",\"name\":\"Orynycz.com\",\"description\":\"Naukowiec. In\u017cynier AI. Lingwista.\",\"publisher\":{\"@id\":\"https:\\\/\\\/www.orynycz.com\\\/#organization\"},\"alternateName\":\"\u041e\u0440\u0438\u043d\u0438\u0447.com\",\"potentialAction\":[{\"@type\":\"SearchAction\",\"target\":{\"@type\":\"EntryPoint\",\"urlTemplate\":\"https:\\\/\\\/www.orynycz.com\\\/pl\\\/?s={search_term_string}\"},\"query-input\":{\"@type\":\"PropertyValueSpecification\",\"valueRequired\":true,\"valueName\":\"search_term_string\"}}],\"inLanguage\":\"pl-PL\"},{\"@type\":\"Organization\",\"@id\":\"https:\\\/\\\/www.orynycz.com\\\/#organization\",\"name\":\"orynycz.com\",\"alternateName\":\"\u041e\u0440\u0438\u043d\u0438\u0447.com\",\"url\":\"https:\\\/\\\/www.orynycz.com\\\/pl\\\/\",\"logo\":{\"@type\":\"ImageObject\",\"inLanguage\":\"pl-PL\",\"@id\":\"https:\\\/\\\/www.orynycz.com\\\/pl\\\/#\\\/schema\\\/logo\\\/image\\\/\",\"url\":\"https:\\\/\\\/www.orynycz.com\\\/wp-content\\\/uploads\\\/2025\\\/12\\\/logo-1.jpg\",\"contentUrl\":\"https:\\\/\\\/www.orynycz.com\\\/wp-content\\\/uploads\\\/2025\\\/12\\\/logo-1.jpg\",\"width\":512,\"height\":512,\"caption\":\"orynycz.com\"},\"image\":{\"@id\":\"https:\\\/\\\/www.orynycz.com\\\/pl\\\/#\\\/schema\\\/logo\\\/image\\\/\"},\"sameAs\":[\"https:\\\/\\\/www.facebook.com\\\/orynycz\"],\"publishingPrinciples\":\"https:\\\/\\\/www.orynycz.com\\\/pl\\\/polityka\\\/\",\"ownershipFundingInfo\":\"https:\\\/\\\/www.orynycz.com\\\/pl\\\/polityka\\\/\",\"actionableFeedbackPolicy\":\"https:\\\/\\\/www.orynycz.com\\\/pl\\\/polityka\\\/\",\"correctionsPolicy\":\"https:\\\/\\\/www.orynycz.com\\\/pl\\\/polityka\\\/\",\"ethicsPolicy\":\"https:\\\/\\\/www.orynycz.com\\\/pl\\\/polityka\\\/\",\"diversityPolicy\":\"https:\\\/\\\/www.orynycz.com\\\/pl\\\/polityka\\\/\",\"diversityStaffingReport\":\"https:\\\/\\\/www.orynycz.com\\\/pl\\\/polityka\\\/\"}]}<\/script>\n<!-- \/ Yoast SEO Premium plugin. -->","yoast_head_json":{"title":"Polityka zwrot\u00f3w | Petro Orynycz","robots":{"index":"index","follow":"follow","max-snippet":"max-snippet:-1","max-image-preview":"max-image-preview:large","max-video-preview":"max-video-preview:-1"},"canonical":"https:\/\/www.orynycz.com\/pl\/polityka\/zwroty\/","og_locale":"pl_PL","og_type":"article","og_title":"Polityka zwrot\u00f3w","og_description":"Ostatnia aktualizacja: 6 lutego 2026 roku Niniejsza Polityka Zwrot\u00f3w dotyczy zakup\u00f3w dokonanych za po\u015brednictwem Orynycz.com, w tym subskrypcji (Pro, Max, Ultra), pobierania cyfrowego (np. listy pakowania) oraz kurs\u00f3w online samoobs\u0142ugowych. Subskrypcje (Pro, Max, Ultra) Je\u015bli nie jest Pan\/Pani zadowolony\/a z jakiegokolwiek p\u0142atnego planu (Pro, Max lub Ultra), mo\u017ce Pan\/Pani za\u017c\u0105da\u0107 pe\u0142nego zwrotu koszt\u00f3w w ci\u0105gu [&hellip;]","og_url":"https:\/\/www.orynycz.com\/pl\/polityka\/zwroty\/","og_site_name":"Petro Orynycz","article_publisher":"https:\/\/www.facebook.com\/orynycz","article_modified_time":"2026-02-06T10:34:41+00:00","twitter_card":"summary_large_image","twitter_misc":{"Szacowany czas czytania":"1 minuta"},"schema":{"@context":"https:\/\/schema.org","@graph":[{"@type":"WebPage","@id":"https:\/\/www.orynycz.com\/pl\/polityka\/zwroty\/","url":"https:\/\/www.orynycz.com\/pl\/polityka\/zwroty\/","name":"Polityka zwrot\u00f3w | Petro Orynycz","isPartOf":{"@id":"https:\/\/www.orynycz.com\/pl\/#website"},"datePublished":"2025-07-07T19:55:12+00:00","dateModified":"2026-02-06T10:34:41+00:00","breadcrumb":{"@id":"https:\/\/www.orynycz.com\/pl\/polityka\/zwroty\/#breadcrumb"},"inLanguage":"pl-PL","potentialAction":[{"@type":"ReadAction","target":["https:\/\/www.orynycz.com\/pl\/polityka\/zwroty\/"]}]},{"@type":"BreadcrumbList","@id":"https:\/\/www.orynycz.com\/pl\/polityka\/zwroty\/#breadcrumb","itemListElement":[{"@type":"ListItem","position":1,"name":"Strona g\u0142\u00f3wna","item":"https:\/\/www.orynycz.com\/pl\/"},{"@type":"ListItem","position":2,"name":"Polityka","item":"https:\/\/www.orynycz.com\/pl\/policy\/"},{"@type":"ListItem","position":3,"name":"Zwroty"}]},{"@type":"WebSite","@id":"https:\/\/www.orynycz.com\/pl\/#website","url":"https:\/\/www.orynycz.com\/pl\/","name":"Orynycz.com","description":"Naukowiec. In\u017cynier AI. Lingwista.","publisher":{"@id":"https:\/\/www.orynycz.com\/#organization"},"alternateName":"\u041e\u0440\u0438\u043d\u0438\u0447.com","potentialAction":[{"@type":"SearchAction","target":{"@type":"EntryPoint","urlTemplate":"https:\/\/www.orynycz.com\/pl\/?s={search_term_string}"},"query-input":{"@type":"PropertyValueSpecification","valueRequired":true,"valueName":"search_term_string"}}],"inLanguage":"pl-PL"},{"@type":"Organization","@id":"https:\/\/www.orynycz.com\/#organization","name":"orynycz.com","alternateName":"\u041e\u0440\u0438\u043d\u0438\u0447.com","url":"https:\/\/www.orynycz.com\/pl\/","logo":{"@type":"ImageObject","inLanguage":"pl-PL","@id":"https:\/\/www.orynycz.com\/pl\/#\/schema\/logo\/image\/","url":"https:\/\/www.orynycz.com\/wp-content\/uploads\/2025\/12\/logo-1.jpg","contentUrl":"https:\/\/www.orynycz.com\/wp-content\/uploads\/2025\/12\/logo-1.jpg","width":512,"height":512,"caption":"orynycz.com"},"image":{"@id":"https:\/\/www.orynycz.com\/pl\/#\/schema\/logo\/image\/"},"sameAs":["https:\/\/www.facebook.com\/orynycz"],"publishingPrinciples":"https:\/\/www.orynycz.com\/pl\/polityka\/","ownershipFundingInfo":"https:\/\/www.orynycz.com\/pl\/polityka\/","actionableFeedbackPolicy":"https:\/\/www.orynycz.com\/pl\/polityka\/","correctionsPolicy":"https:\/\/www.orynycz.com\/pl\/polityka\/","ethicsPolicy":"https:\/\/www.orynycz.com\/pl\/polityka\/","diversityPolicy":"https:\/\/www.orynycz.com\/pl\/polityka\/","diversityStaffingReport":"https:\/\/www.orynycz.com\/pl\/polityka\/"}]}},"_links":{"self":[{"href":"https:\/\/www.orynycz.com\/pl\/wp-json\/wp\/v2\/pages\/8463","targetHints":{"allow":["GET"]}}],"collection":[{"href":"https:\/\/www.orynycz.com\/pl\/wp-json\/wp\/v2\/pages"}],"about":[{"href":"https:\/\/www.orynycz.com\/pl\/wp-json\/wp\/v2\/types\/page"}],"author":[{"embeddable":true,"href":"https:\/\/www.orynycz.com\/pl\/wp-json\/wp\/v2\/users\/2"}],"replies":[{"embeddable":true,"href":"https:\/\/www.orynycz.com\/pl\/wp-json\/wp\/v2\/comments?post=8463"}],"version-history":[{"count":3,"href":"https:\/\/www.orynycz.com\/pl\/wp-json\/wp\/v2\/pages\/8463\/revisions"}],"predecessor-version":[{"id":12498,"href":"https:\/\/www.orynycz.com\/pl\/wp-json\/wp\/v2\/pages\/8463\/revisions\/12498"}],"up":[{"embeddable":true,"href":"https:\/\/www.orynycz.com\/pl\/wp-json\/wp\/v2\/pages\/10234"}],"wp:attachment":[{"href":"https:\/\/www.orynycz.com\/pl\/wp-json\/wp\/v2\/media?parent=8463"}],"curies":[{"name":"wp","href":"https:\/\/api.w.org\/{rel}","templated":true}]}}