{"id":8451,"date":"2025-07-07T19:52:34","date_gmt":"2025-07-07T19:52:34","guid":{"rendered":"https:\/\/www.orynycz.com\/warunki-uzytkowania\/"},"modified":"2026-03-25T07:32:51","modified_gmt":"2026-03-25T07:32:51","slug":"regulamin","status":"publish","type":"page","link":"https:\/\/www.orynycz.com\/pl\/polityka\/regulamin\/","title":{"rendered":"Warunki u\u017cytkowania"},"content":{"rendered":"\n<p>Ostatnia aktualizacja: 6 lutego 2026 roku<\/p>\n\n<div class=\"wp-block-yoast-seo-table-of-contents yoast-table-of-contents\"><h2>Spis tre\u015bci<\/h2><ul><li><a href=\"#h-use-of-the-service\" data-level=\"2\">Korzystanie z us\u0142ugi<\/a><\/li><li><a href=\"#h-acceptable-use\" data-level=\"2\">Dozwolone u\u017cytkowanie<\/a><\/li><li><a href=\"#h-plans-and-paid-features\" data-level=\"2\">Plany i funkcje p\u0142atne<\/a><\/li><li><a href=\"#h-payments-cancellation-and-refunds\" data-level=\"2\">P\u0142atno\u015bci, anulowanie i zwroty<\/a><\/li><li><a href=\"#h-sanctions-and-restricted-jurisdictions\" data-level=\"2\">Sankcje i jurysdykcje ograniczone<\/a><\/li><li><a href=\"#h-intellectual-property\" data-level=\"2\">W\u0142asno\u015b\u0107 intelektualna<\/a><\/li><li><a href=\"#h-links-to-other-websites\" data-level=\"2\">Linki do innych stron internetowych<\/a><\/li><li><a href=\"#h-termination\" data-level=\"2\">Zako\u0144czenie<\/a><\/li><li><a href=\"#h-disclaimers\" data-level=\"2\">Zastrze\u017cenia<\/a><\/li><li><a href=\"#h-limitation-of-liability\" data-level=\"2\">Ograniczenie odpowiedzialno\u015bci<\/a><\/li><li><a href=\"#h-governing-law\" data-level=\"2\">Prawo w\u0142a\u015bciwe<\/a><\/li><li><a href=\"#h-changes\" data-level=\"2\">Zmiany<\/a><\/li><li><a href=\"#h-contact-us\" data-level=\"2\">Kontakt z nami<\/a><\/li><\/ul><\/div>\n\n<p>Przeczytaj uwa\u017cnie niniejsze Warunki u\u017cytkowania (\u201eWarunki\u201d) przed rozpocz\u0119ciem korzystania ze strony Orynycz.com pod adresem https:\/\/www.orynycz.com (\u201eUs\u0142uga\u201d).<\/p>\n\n<p>Strona Orynycz.com nale\u017cy do Petra Orynycza i jest przez niego zarz\u0105dzana (\u201emy\u201d, \u201enas\u201d albo \u201enasze\u201d).<\/p>\n\n<p>Uzyskuj\u0105c dost\u0119p do Us\u0142ugi lub korzystaj\u0105c z niej, zgadzasz si\u0119 przestrzega\u0107 niniejszych Warunk\u00f3w. Je\u015bli nie zgadzasz si\u0119 z jak\u0105kolwiek cz\u0119\u015bci\u0105 Warunk\u00f3w, nie mo\u017cesz uzyska\u0107 dost\u0119pu do Us\u0142ugi ani z niej korzysta\u0107. <\/p>\n\n<h2 class=\"wp-block-heading\" id=\"h-use-of-the-service\">Korzystanie z us\u0142ugi<\/h2>\n\n<p>Nale\u017cy poda\u0107 dok\u0142adne, aktualne i kompletne informacje rejestracyjne oraz rozliczeniowe.<\/p>\n\n<p>Jeste\u015b odpowiedzialny za korzystanie z Us\u0142ugi oraz za wszelk\u0105 aktywno\u015b\u0107, kt\u00f3ra ma miejsce na Twoim koncie (je\u015bli dotyczy). Musisz zachowa\u0107 poufno\u015b\u0107 danych uwierzytelniaj\u0105cych do swojego konta.  Nale\u017cy niezw\u0142ocznie powiadomi\u0107 nas o jakimkolwiek nieautoryzowanym u\u017cyciu swojego konta.<\/p>\n\n<h2 class=\"wp-block-heading\" id=\"h-acceptable-use\">Dozwolone u\u017cytkowanie<\/h2>\n\n<p>Zobowi\u0105zujesz si\u0119 nie podejmowa\u0107 ani nie pr\u00f3bowa\u0107:<\/p>\n\n<ul class=\"wp-block-list\">\n<li>uzyskiwa\u0107 dost\u0119pu, sondowa\u0107, skanowa\u0107 lub testowa\u0107 podatno\u015bci Us\u0142ugi lub jej system\u00f3w;<\/li>\n\n\n\n<li>omija\u0107 lub obchodzi\u0107 kontrole dost\u0119pu, limity szybko\u015bci lub \u015brodki bezpiecze\u0144stwa;<\/li>\n\n\n\n<li>zeskrobywa\u0107, zbiera\u0107 lub gromadzi\u0107 danych z Us\u0142ugi w spos\u00f3b, kt\u00f3ry szkodzi, obci\u0105\u017ca lub zak\u0142\u00f3ca dzia\u0142anie Us\u0142ugi;<\/li>\n\n\n\n<li>dokonywa\u0107 in\u017cynierii wstecznej, dekompilowa\u0107 lub pr\u00f3bowa\u0107 wyodr\u0119bni\u0107 kod \u017ar\u00f3d\u0142owy, modele, podpowiedzi lub podstawowe metody z Us\u0142ugi (z wyj\u0105tkiem zakresu, w jakim takie ograniczenie jest zabronione przez prawo);<\/li>\n\n\n\n<li>u\u017cywa\u0107 Us\u0142ugi do przesy\u0142ania z\u0142o\u015bliwego oprogramowania, spamu lub innych szkodliwych tre\u015bci;<\/li>\n\n\n\n<li>podszywa\u0107 si\u0119 pod inn\u0105 osob\u0119 lub fa\u0142szywie przedstawia\u0107 swoje powi\u0105zania;<\/li>\n\n\n\n<li>u\u017cywa\u0107 Us\u0142ugi w spos\u00f3b naruszaj\u0105cy obowi\u0105zuj\u0105ce prawo;<\/li>\n\n\n\n<li>przesy\u0142a\u0107 wra\u017cliwe dane osobowe (np. numery dokument\u00f3w to\u017csamo\u015bci wydanych przez rz\u0105d, dane kont finansowych lub informacje medyczne), chyba \u017ce wyra\u017anie stwierdzimy inaczej.<\/li>\n<\/ul>\n\n<h2 class=\"wp-block-heading\" id=\"h-plans-and-paid-features\">Plany i funkcje p\u0142atne<\/h2>\n\n<p>Je\u015bli zakupisz, uzyskasz dost\u0119p lub b\u0119dziesz korzysta\u0107 z jakichkolwiek plan\u00f3w Orynycz.com lub p\u0142atnych funkcji (w tym subskrypcji, pobierania cyfrowego i samodzielnych kurs\u00f3w online), zgadzasz si\u0119 u\u017cywa\u0107 ich wy\u0142\u0105cznie w celach zgodnych z prawem i zgodnie z niniejszymi Warunkami. Nie mo\u017cesz nadu\u017cywa\u0107 Us\u0142ugi, omija\u0107 ogranicze\u0144, pobiera\u0107, wyodr\u0119bnia\u0107 ani zbiera\u0107 danych (w tym za pomoc\u0105 automatyzacji) lub dokonywa\u0107 in\u017cynierii wstecznej jakiejkolwiek cz\u0119\u015bci platformy (w tym podpowiedzi, modeli lub podstawowych metod). Mo\u017cemy zawiesi\u0107 lub zako\u0144czy\u0107 dost\u0119p w przypadku nadu\u017cycia, naruszenia zasad lub podejrzenia oszustwa. Funkcje, ograniczenia, tre\u015bci, ceny i dost\u0119pno\u015b\u0107 mog\u0105 si\u0119 zmienia\u0107 w czasie.   <\/p>\n\n<p>Plany zapewniaj\u0105 dost\u0119p do Us\u0142ugi i jej funkcji; nie \u015bwiadczymy us\u0142ug doradczych ani wdro\u017ceniowych w ramach \u017cadnego planu.<\/p>\n\n<h2 class=\"wp-block-heading\" id=\"h-payments-cancellation-and-refunds\">P\u0142atno\u015bci, anulowanie i zwroty<\/h2>\n\n<p>Je\u015bli zakupisz subskrypcj\u0119 lub inny p\u0142atny produkt\/funkcj\u0119, zgadzasz si\u0119 poda\u0107 dok\u0142adne informacje rozliczeniowe i upowa\u017cniasz nas (lub naszego procesora p\u0142atno\u015bci) do pobierania odpowiednich op\u0142at i podatk\u00f3w.<\/p>\n\n<p>Mo\u017cesz anulowa\u0107 w dowolnym momencie. O ile nie okre\u015blono inaczej, anulowanie wchodzi w \u017cycie z ko\u0144cem bie\u017c\u0105cego okresu rozliczeniowego. <\/p>\n\n<p>Zwroty s\u0105 regulowane przez nasz\u0105 <a href=\"https:\/\/www.orynycz.com\/pl\/polityka\/zwroty\/\" type=\"page\" id=\"8457\">Polityk\u0119 zwrot\u00f3w<\/a> i mog\u0105 r\u00f3wnie\u017c podlega\u0107 zasadom spor\u00f3w i obci\u0105\u017ce\u0144 zwrotnych dostawcy p\u0142atno\u015bci.<\/p>\n\n<h2 class=\"wp-block-heading\" id=\"h-sanctions-and-restricted-jurisdictions\">Sankcje i jurysdykcje ograniczone<\/h2>\n\n<p>Nie mo\u017cna korzysta\u0107 z Us\u0142ugi, je\u015bli narusza\u0142oby to obowi\u0105zuj\u0105ce sankcje, kontrole eksportowe, zasady operator\u00f3w p\u0142atno\u015bci lub inne przepisy prawa. Nie mo\u017cna uzyskiwa\u0107 dost\u0119pu do Us\u0142ugi ani z niej korzysta\u0107 z zakazanej jurysdykcji, w imieniu osoby zablokowanej lub obj\u0119tej sankcjami lub z naruszeniem jakichkolwiek obowi\u0105zuj\u0105cych ogranicze\u0144. Mo\u017cemy sprawdza\u0107 ograniczone informacje rejestracyjne lub transakcyjne w celach zapewnienia zgodno\u015bci z przepisami i mo\u017cemy odm\u00f3wi\u0107, zawiesi\u0107, ograniczy\u0107 lub zako\u0144czy\u0107 dost\u0119p, gdy jest to racjonalnie konieczne w celu zapewnienia zgodno\u015bci z wymogami prawnymi, zasadami operator\u00f3w p\u0142atno\u015bci, zapobieganiem oszustwom lub potrzebami bezpiecze\u0144stwa. OFAC zaleca podej\u015bcie do zgodno\u015bci oparte na ryzyku i mo\u017ce uwzgl\u0119dnia\u0107 istnienie i adekwatno\u015b\u0107 takiego programu podczas oceny widocznych narusze\u0144.   <\/p>\n\n<h2 class=\"wp-block-heading\" id=\"h-intellectual-property\">W\u0142asno\u015b\u0107 intelektualna<\/h2>\n\n<p>Us\u0142uga oraz jej oryginalne tre\u015bci, funkcje i funkcjonalno\u015b\u0107 s\u0105 i pozostan\u0105 wy\u0142\u0105czn\u0105 w\u0142asno\u015bci\u0105 Orynycz.com i jego licencjodawc\u00f3w. Nie wolno kopiowa\u0107, modyfikowa\u0107, rozpowszechnia\u0107, sprzedawa\u0107 ani wynajmowa\u0107 jakiejkolwiek cz\u0119\u015bci Us\u0142ugi, z wyj\u0105tkiem przypadk\u00f3w wyra\u017anie przez nas dozwolonych na pi\u015bmie. <\/p>\n\n<h2 class=\"wp-block-heading\" id=\"h-links-to-other-websites\">Linki do innych stron internetowych<\/h2>\n\n<p>Us\u0142uga mo\u017ce zawiera\u0107 linki do stron internetowych lub us\u0142ug stron trzecich, kt\u00f3re nie s\u0105 w\u0142asno\u015bci\u0105 ani nie s\u0105 kontrolowane przez nas. Nie ponosimy odpowiedzialno\u015bci za tre\u015b\u0107, polityki prywatno\u015bci ani praktyki jakichkolwiek stron internetowych lub us\u0142ug stron trzecich. Przyjmujesz do wiadomo\u015bci i zgadzasz si\u0119, \u017ce nie ponosimy odpowiedzialno\u015bci, bezpo\u015bredniej ani po\u015bredniej, za jakiekolwiek szkody lub straty spowodowane lub rzekomo spowodowane przez korzystanie z takich tre\u015bci, towar\u00f3w lub us\u0142ug lub poleganie na nich.  <\/p>\n\n<p>Zdecydowanie zalecamy zapoznanie si\u0119 z warunkami i politykami prywatno\u015bci wszelkich odwiedzanych stron internetowych lub us\u0142ug stron trzecich.<\/p>\n\n<h2 class=\"wp-block-heading\" id=\"h-termination\">Zako\u0144czenie<\/h2>\n\n<p>Mo\u017cemy zako\u0144czy\u0107 lub zawiesi\u0107 dost\u0119p do Us\u0142ugi, w zakresie dozwolonym przez prawo, z dowolnego powodu, w tym je\u015bli naruszysz niniejsze Warunki.<\/p>\n\n<p>Wszystkie postanowienia Warunk\u00f3w, kt\u00f3re ze swojej natury powinny pozosta\u0107 w mocy po rozwi\u0105zaniu umowy, pozostaj\u0105 w mocy po rozwi\u0105zaniu, w tym postanowienia dotycz\u0105ce w\u0142asno\u015bci, wy\u0142\u0105czenia gwarancji, odszkodowania i ograniczenia odpowiedzialno\u015bci.<\/p>\n\n<h2 class=\"wp-block-heading\" id=\"h-disclaimers\">Zastrze\u017cenia<\/h2>\n\n<p>Korzystasz z Us\u0142ugi na w\u0142asne ryzyko. Us\u0142uga jest \u015bwiadczona na zasadzie \u201eTAK JAK JEST\u201d i \u201eTAK JAK JEST DOST\u0118PNA\u201d, bez jakichkolwiek gwarancji, wyra\u017anych lub dorozumianych, w tym dorozumianych gwarancji przydatno\u015bci handlowej, przydatno\u015bci do okre\u015blonego celu, nienaruszalno\u015bci lub przebiegu realizacji. <\/p>\n\n<p>Nie gwarantujemy, \u017ce Us\u0142uga b\u0119dzie nieprzerwana, wolna od b\u0142\u0119d\u00f3w lub dost\u0119pna przez ca\u0142y czas. Wyniki s\u0105 dostarczane w celach informacyjnych i mog\u0105 zawiera\u0107 b\u0142\u0119dy. Jeste\u015b odpowiedzialny za spos\u00f3b ich wykorzystania.  <\/p>\n\n<p>Us\u0142uga mo\u017ce polega\u0107 na us\u0142ugach stron trzecich. Nie jeste\u015bmy odpowiedzialni za awarie lub zmiany w tych us\u0142ugach. <\/p>\n\n<p>O\u015bwiadczasz i gwarantujesz, \u017ce posiadasz prawa do przes\u0142ania wszelkich tre\u015bci, kt\u00f3re przekazujesz do Us\u0142ugi.<\/p>\n\n<h2 class=\"wp-block-heading\" id=\"h-limitation-of-liability\">Ograniczenie odpowiedzialno\u015bci<\/h2>\n\n<p>W maksymalnym zakresie dozwolonym przez prawo, nie ponosimy odpowiedzialno\u015bci za jakiekolwiek szkody po\u015brednie, przypadkowe, szczeg\u00f3lne, wynikowe lub karne, ani za utrat\u0119 zysk\u00f3w, przychod\u00f3w, danych, mo\u017cliwo\u015bci u\u017cytkowania, warto\u015bci firmy lub inne straty niematerialne, wynikaj\u0105ce z dost\u0119pu do lub korzystania z Us\u0142ugi (lub niemo\u017cno\u015bci dost\u0119pu lub korzystania z niej).<\/p>\n\n<h2 class=\"wp-block-heading\" id=\"h-governing-law\">Prawo w\u0142a\u015bciwe<\/h2>\n\n<p>Niniejsze Warunki podlegaj\u0105 prawu stanu Maryland i obowi\u0105zuj\u0105cemu prawu federalnemu Stan\u00f3w Zjednoczonych i b\u0119d\u0105 interpretowane zgodnie z nim, bez wzgl\u0119du na zasady kolizyjne.<\/p>\n\n<p>Wszelkie spory wynikaj\u0105ce z niniejszych Warunk\u00f3w b\u0119d\u0105 rozstrzygane wy\u0142\u0105cznie przez s\u0105dy stanowe lub federalne w stanie Maryland, gdzie w\u0142a\u015bciwa jest jurysdykcja.<\/p>\n\n<p>Nic w niniejszych Warunkach nie ogranicza \u017cadnych praw konsumenckich, z kt\u00f3rych nie mo\u017cna zrezygnowa\u0107 zgodnie z obowi\u0105zuj\u0105cym prawem.<\/p>\n\n<h2 class=\"wp-block-heading\" id=\"h-changes\">Zmiany<\/h2>\n\n<p>Zastrzegamy sobie prawo do modyfikacji lub zast\u0105pienia niniejszych Warunk\u00f3w w dowolnym czasie wed\u0142ug w\u0142asnego uznania. Je\u015bli zmiana b\u0119dzie istotna, postaramy si\u0119 zapewni\u0107 co najmniej 15 dni wyprzedzenia przed wej\u015bciem w \u017cycie nowych warunk\u00f3w. <\/p>\n\n<p>Kontynuuj\u0105c dost\u0119p do Us\u0142ugi lub korzystanie z niej po wej\u015bciu w \u017cycie zmian, zgadzasz si\u0119 przestrzega\u0107 zmienionych Warunk\u00f3w. Je\u015bli nie zgadzasz si\u0119 z nowymi Warunkami, prosimy o zaprzestanie korzystania z Us\u0142ugi. <\/p>\n\n<h2 class=\"wp-block-heading\" id=\"h-contact-us\">Kontakt z nami<\/h2>\n\n<p>Je\u015bli masz pytania dotycz\u0105ce niniejszych Warunk\u00f3w, skontaktuj si\u0119 z nami za po\u015brednictwem strony <a href=\"https:\/\/www.orynycz.com\/pl\/kontakt\/\" type=\"page\" id=\"11203\">Kontakt<\/a> na tej witrynie.<\/p>\n","protected":false},"excerpt":{"rendered":"<p>Ostatnia aktualizacja: 6 lutego 2026 roku Przeczytaj uwa\u017cnie niniejsze Warunki u\u017cytkowania (\u201eWarunki\u201d) przed rozpocz\u0119ciem korzystania ze strony Orynycz.com pod adresem https:\/\/www.orynycz.com (\u201eUs\u0142uga\u201d). Strona Orynycz.com nale\u017cy do Petra Orynycza i jest przez niego zarz\u0105dzana (\u201emy\u201d, \u201enas\u201d albo \u201enasze\u201d). Uzyskuj\u0105c dost\u0119p do Us\u0142ugi lub korzystaj\u0105c z niej, zgadzasz si\u0119 przestrzega\u0107 niniejszych Warunk\u00f3w. Je\u015bli nie zgadzasz si\u0119 z [&hellip;]<\/p>\n","protected":false},"author":2,"featured_media":0,"parent":10234,"menu_order":0,"comment_status":"closed","ping_status":"closed","template":"","meta":{"inline_featured_image":false,"footnotes":""},"class_list":["post-8451","page","type-page","status-publish","hentry"],"yoast_head":"<!-- This site is optimized with the Yoast SEO Premium plugin v27.3 (Yoast SEO v27.4) - https:\/\/yoast.com\/product\/yoast-seo-premium-wordpress\/ -->\n<title>Warunki u\u017cytkowania | Petro Orynycz<\/title>\n<meta name=\"robots\" content=\"index, follow, max-snippet:-1, max-image-preview:large, max-video-preview:-1\" \/>\n<link rel=\"canonical\" href=\"https:\/\/www.orynycz.com\/pl\/polityka\/regulamin\/\" \/>\n<meta property=\"og:locale\" content=\"pl_PL\" \/>\n<meta property=\"og:type\" content=\"article\" \/>\n<meta property=\"og:title\" content=\"Warunki u\u017cytkowania\" \/>\n<meta property=\"og:description\" content=\"Ostatnia aktualizacja: 6 lutego 2026 roku Przeczytaj uwa\u017cnie niniejsze Warunki u\u017cytkowania (\u201eWarunki\u201d) przed rozpocz\u0119ciem korzystania ze strony Orynycz.com pod adresem https:\/\/www.orynycz.com (\u201eUs\u0142uga\u201d). Strona Orynycz.com nale\u017cy do Petra Orynycza i jest przez niego zarz\u0105dzana (\u201emy\u201d, \u201enas\u201d albo \u201enasze\u201d). Uzyskuj\u0105c dost\u0119p do Us\u0142ugi lub korzystaj\u0105c z niej, zgadzasz si\u0119 przestrzega\u0107 niniejszych Warunk\u00f3w. Je\u015bli nie zgadzasz si\u0119 z [&hellip;]\" \/>\n<meta property=\"og:url\" content=\"https:\/\/www.orynycz.com\/pl\/polityka\/regulamin\/\" \/>\n<meta property=\"og:site_name\" content=\"Petro Orynycz\" \/>\n<meta property=\"article:publisher\" content=\"https:\/\/www.facebook.com\/orynycz\" \/>\n<meta property=\"article:modified_time\" content=\"2026-03-25T07:32:51+00:00\" \/>\n<meta name=\"twitter:card\" content=\"summary_large_image\" \/>\n<meta name=\"twitter:label1\" content=\"Szacowany czas czytania\" \/>\n\t<meta name=\"twitter:data1\" content=\"7 minut\" \/>\n<script type=\"application\/ld+json\" class=\"yoast-schema-graph\">{\"@context\":\"https:\\\/\\\/schema.org\",\"@graph\":[{\"@type\":\"WebPage\",\"@id\":\"https:\\\/\\\/www.orynycz.com\\\/pl\\\/polityka\\\/regulamin\\\/\",\"url\":\"https:\\\/\\\/www.orynycz.com\\\/pl\\\/polityka\\\/regulamin\\\/\",\"name\":\"Warunki u\u017cytkowania | Petro Orynycz\",\"isPartOf\":{\"@id\":\"https:\\\/\\\/www.orynycz.com\\\/pl\\\/#website\"},\"datePublished\":\"2025-07-07T19:52:34+00:00\",\"dateModified\":\"2026-03-25T07:32:51+00:00\",\"breadcrumb\":{\"@id\":\"https:\\\/\\\/www.orynycz.com\\\/pl\\\/polityka\\\/regulamin\\\/#breadcrumb\"},\"inLanguage\":\"pl-PL\",\"potentialAction\":[{\"@type\":\"ReadAction\",\"target\":[\"https:\\\/\\\/www.orynycz.com\\\/pl\\\/polityka\\\/regulamin\\\/\"]}],\"accessibilityFeature\":[\"tableOfContents\"]},{\"@type\":\"BreadcrumbList\",\"@id\":\"https:\\\/\\\/www.orynycz.com\\\/pl\\\/polityka\\\/regulamin\\\/#breadcrumb\",\"itemListElement\":[{\"@type\":\"ListItem\",\"position\":1,\"name\":\"Strona g\u0142\u00f3wna\",\"item\":\"https:\\\/\\\/www.orynycz.com\\\/pl\\\/\"},{\"@type\":\"ListItem\",\"position\":2,\"name\":\"Polityka\",\"item\":\"https:\\\/\\\/www.orynycz.com\\\/pl\\\/policy\\\/\"},{\"@type\":\"ListItem\",\"position\":3,\"name\":\"Warunki\"}]},{\"@type\":\"WebSite\",\"@id\":\"https:\\\/\\\/www.orynycz.com\\\/pl\\\/#website\",\"url\":\"https:\\\/\\\/www.orynycz.com\\\/pl\\\/\",\"name\":\"Orynycz.com\",\"description\":\"Naukowiec. In\u017cynier AI. Lingwista.\",\"publisher\":{\"@id\":\"https:\\\/\\\/www.orynycz.com\\\/#organization\"},\"alternateName\":\"\u041e\u0440\u0438\u043d\u0438\u0447.com\",\"potentialAction\":[{\"@type\":\"SearchAction\",\"target\":{\"@type\":\"EntryPoint\",\"urlTemplate\":\"https:\\\/\\\/www.orynycz.com\\\/pl\\\/?s={search_term_string}\"},\"query-input\":{\"@type\":\"PropertyValueSpecification\",\"valueRequired\":true,\"valueName\":\"search_term_string\"}}],\"inLanguage\":\"pl-PL\"},{\"@type\":\"Organization\",\"@id\":\"https:\\\/\\\/www.orynycz.com\\\/#organization\",\"name\":\"orynycz.com\",\"alternateName\":\"\u041e\u0440\u0438\u043d\u0438\u0447.com\",\"url\":\"https:\\\/\\\/www.orynycz.com\\\/pl\\\/\",\"logo\":{\"@type\":\"ImageObject\",\"inLanguage\":\"pl-PL\",\"@id\":\"https:\\\/\\\/www.orynycz.com\\\/pl\\\/#\\\/schema\\\/logo\\\/image\\\/\",\"url\":\"https:\\\/\\\/www.orynycz.com\\\/wp-content\\\/uploads\\\/2025\\\/12\\\/logo-1.jpg\",\"contentUrl\":\"https:\\\/\\\/www.orynycz.com\\\/wp-content\\\/uploads\\\/2025\\\/12\\\/logo-1.jpg\",\"width\":512,\"height\":512,\"caption\":\"orynycz.com\"},\"image\":{\"@id\":\"https:\\\/\\\/www.orynycz.com\\\/pl\\\/#\\\/schema\\\/logo\\\/image\\\/\"},\"sameAs\":[\"https:\\\/\\\/www.facebook.com\\\/orynycz\"],\"publishingPrinciples\":\"https:\\\/\\\/www.orynycz.com\\\/pl\\\/polityka\\\/\",\"ownershipFundingInfo\":\"https:\\\/\\\/www.orynycz.com\\\/pl\\\/polityka\\\/\",\"actionableFeedbackPolicy\":\"https:\\\/\\\/www.orynycz.com\\\/pl\\\/polityka\\\/\",\"correctionsPolicy\":\"https:\\\/\\\/www.orynycz.com\\\/pl\\\/polityka\\\/\",\"ethicsPolicy\":\"https:\\\/\\\/www.orynycz.com\\\/pl\\\/polityka\\\/\",\"diversityPolicy\":\"https:\\\/\\\/www.orynycz.com\\\/pl\\\/polityka\\\/\",\"diversityStaffingReport\":\"https:\\\/\\\/www.orynycz.com\\\/pl\\\/polityka\\\/\"}]}<\/script>\n<!-- \/ Yoast SEO Premium plugin. -->","yoast_head_json":{"title":"Warunki u\u017cytkowania | Petro Orynycz","robots":{"index":"index","follow":"follow","max-snippet":"max-snippet:-1","max-image-preview":"max-image-preview:large","max-video-preview":"max-video-preview:-1"},"canonical":"https:\/\/www.orynycz.com\/pl\/polityka\/regulamin\/","og_locale":"pl_PL","og_type":"article","og_title":"Warunki u\u017cytkowania","og_description":"Ostatnia aktualizacja: 6 lutego 2026 roku Przeczytaj uwa\u017cnie niniejsze Warunki u\u017cytkowania (\u201eWarunki\u201d) przed rozpocz\u0119ciem korzystania ze strony Orynycz.com pod adresem https:\/\/www.orynycz.com (\u201eUs\u0142uga\u201d). Strona Orynycz.com nale\u017cy do Petra Orynycza i jest przez niego zarz\u0105dzana (\u201emy\u201d, \u201enas\u201d albo \u201enasze\u201d). Uzyskuj\u0105c dost\u0119p do Us\u0142ugi lub korzystaj\u0105c z niej, zgadzasz si\u0119 przestrzega\u0107 niniejszych Warunk\u00f3w. Je\u015bli nie zgadzasz si\u0119 z [&hellip;]","og_url":"https:\/\/www.orynycz.com\/pl\/polityka\/regulamin\/","og_site_name":"Petro Orynycz","article_publisher":"https:\/\/www.facebook.com\/orynycz","article_modified_time":"2026-03-25T07:32:51+00:00","twitter_card":"summary_large_image","twitter_misc":{"Szacowany czas czytania":"7 minut"},"schema":{"@context":"https:\/\/schema.org","@graph":[{"@type":"WebPage","@id":"https:\/\/www.orynycz.com\/pl\/polityka\/regulamin\/","url":"https:\/\/www.orynycz.com\/pl\/polityka\/regulamin\/","name":"Warunki u\u017cytkowania | Petro Orynycz","isPartOf":{"@id":"https:\/\/www.orynycz.com\/pl\/#website"},"datePublished":"2025-07-07T19:52:34+00:00","dateModified":"2026-03-25T07:32:51+00:00","breadcrumb":{"@id":"https:\/\/www.orynycz.com\/pl\/polityka\/regulamin\/#breadcrumb"},"inLanguage":"pl-PL","potentialAction":[{"@type":"ReadAction","target":["https:\/\/www.orynycz.com\/pl\/polityka\/regulamin\/"]}],"accessibilityFeature":["tableOfContents"]},{"@type":"BreadcrumbList","@id":"https:\/\/www.orynycz.com\/pl\/polityka\/regulamin\/#breadcrumb","itemListElement":[{"@type":"ListItem","position":1,"name":"Strona g\u0142\u00f3wna","item":"https:\/\/www.orynycz.com\/pl\/"},{"@type":"ListItem","position":2,"name":"Polityka","item":"https:\/\/www.orynycz.com\/pl\/policy\/"},{"@type":"ListItem","position":3,"name":"Warunki"}]},{"@type":"WebSite","@id":"https:\/\/www.orynycz.com\/pl\/#website","url":"https:\/\/www.orynycz.com\/pl\/","name":"Orynycz.com","description":"Naukowiec. In\u017cynier AI. Lingwista.","publisher":{"@id":"https:\/\/www.orynycz.com\/#organization"},"alternateName":"\u041e\u0440\u0438\u043d\u0438\u0447.com","potentialAction":[{"@type":"SearchAction","target":{"@type":"EntryPoint","urlTemplate":"https:\/\/www.orynycz.com\/pl\/?s={search_term_string}"},"query-input":{"@type":"PropertyValueSpecification","valueRequired":true,"valueName":"search_term_string"}}],"inLanguage":"pl-PL"},{"@type":"Organization","@id":"https:\/\/www.orynycz.com\/#organization","name":"orynycz.com","alternateName":"\u041e\u0440\u0438\u043d\u0438\u0447.com","url":"https:\/\/www.orynycz.com\/pl\/","logo":{"@type":"ImageObject","inLanguage":"pl-PL","@id":"https:\/\/www.orynycz.com\/pl\/#\/schema\/logo\/image\/","url":"https:\/\/www.orynycz.com\/wp-content\/uploads\/2025\/12\/logo-1.jpg","contentUrl":"https:\/\/www.orynycz.com\/wp-content\/uploads\/2025\/12\/logo-1.jpg","width":512,"height":512,"caption":"orynycz.com"},"image":{"@id":"https:\/\/www.orynycz.com\/pl\/#\/schema\/logo\/image\/"},"sameAs":["https:\/\/www.facebook.com\/orynycz"],"publishingPrinciples":"https:\/\/www.orynycz.com\/pl\/polityka\/","ownershipFundingInfo":"https:\/\/www.orynycz.com\/pl\/polityka\/","actionableFeedbackPolicy":"https:\/\/www.orynycz.com\/pl\/polityka\/","correctionsPolicy":"https:\/\/www.orynycz.com\/pl\/polityka\/","ethicsPolicy":"https:\/\/www.orynycz.com\/pl\/polityka\/","diversityPolicy":"https:\/\/www.orynycz.com\/pl\/polityka\/","diversityStaffingReport":"https:\/\/www.orynycz.com\/pl\/polityka\/"}]}},"_links":{"self":[{"href":"https:\/\/www.orynycz.com\/pl\/wp-json\/wp\/v2\/pages\/8451","targetHints":{"allow":["GET"]}}],"collection":[{"href":"https:\/\/www.orynycz.com\/pl\/wp-json\/wp\/v2\/pages"}],"about":[{"href":"https:\/\/www.orynycz.com\/pl\/wp-json\/wp\/v2\/types\/page"}],"author":[{"embeddable":true,"href":"https:\/\/www.orynycz.com\/pl\/wp-json\/wp\/v2\/users\/2"}],"replies":[{"embeddable":true,"href":"https:\/\/www.orynycz.com\/pl\/wp-json\/wp\/v2\/comments?post=8451"}],"version-history":[{"count":20,"href":"https:\/\/www.orynycz.com\/pl\/wp-json\/wp\/v2\/pages\/8451\/revisions"}],"predecessor-version":[{"id":13510,"href":"https:\/\/www.orynycz.com\/pl\/wp-json\/wp\/v2\/pages\/8451\/revisions\/13510"}],"up":[{"embeddable":true,"href":"https:\/\/www.orynycz.com\/pl\/wp-json\/wp\/v2\/pages\/10234"}],"wp:attachment":[{"href":"https:\/\/www.orynycz.com\/pl\/wp-json\/wp\/v2\/media?parent=8451"}],"curies":[{"name":"wp","href":"https:\/\/api.w.org\/{rel}","templated":true}]}}