{"id":7776,"date":"2024-01-19T14:09:26","date_gmt":"2024-01-19T14:09:26","guid":{"rendered":"https:\/\/www.orynycz.com\/o-mnie\/"},"modified":"2026-02-08T13:43:40","modified_gmt":"2026-02-08T13:43:40","slug":"petro","status":"publish","type":"page","link":"https:\/\/www.orynycz.com\/pl\/","title":{"rendered":"Petro Orynycz: In\u017cynier AI i lingwista komputerowy"},"content":{"rendered":"<figure class=\"alignfull fullbleed wp-block-post-featured-image\"><img loading=\"lazy\" decoding=\"async\" width=\"1920\" height=\"1080\" src=\"https:\/\/www.orynycz.com\/wp-content\/uploads\/2026\/02\/about-me.pl_.jpg\" class=\"attachment-post-thumbnail size-post-thumbnail wp-post-image\" alt=\"Petro Orynycz\" style=\"object-fit:cover;\" srcset=\"https:\/\/www.orynycz.com\/wp-content\/uploads\/2026\/02\/about-me.pl_.jpg 1920w, https:\/\/www.orynycz.com\/wp-content\/uploads\/2026\/02\/about-me.pl_-300x169.jpg 300w, https:\/\/www.orynycz.com\/wp-content\/uploads\/2026\/02\/about-me.pl_-1024x576.jpg 1024w, https:\/\/www.orynycz.com\/wp-content\/uploads\/2026\/02\/about-me.pl_-768x432.jpg 768w, https:\/\/www.orynycz.com\/wp-content\/uploads\/2026\/02\/about-me.pl_-1536x864.jpg 1536w\" sizes=\"auto, (max-width: 1920px) 100vw, 1920px\" \/><\/figure>\n<p class=\"wp-container-content-0733e5d0\">Jestem <strong>Petro Orynycz<\/strong> (\u041f\u0435\u0442\u0440\u043e \u041e\u0440\u0438\u043d\u0438\u0447), <strong>in\u017cynierem AI<\/strong> i lingwist\u0105 komputerowym, podw\u00f3jnym obywatelem o \u0142emkowskich korzeniach. <strong>Trenuj\u0119, dostrajam i wdra\u017cam LLM-y<\/strong> dla spo\u0142eczno\u015bci j\u0119zyk\u00f3w dziedzictwa i rdzennych, szczeg\u00f3lnie w warunkach ograniczonych zasob\u00f3w danych. Pochodz\u0119 z Waszyngtonu. Moje korzenie si\u0119gaj\u0105 wiosek Torysky, Medzilaborce i Zahoczewie (dzisiejsza Polska i S\u0142owacja). To transatlantycka historia diaspory \u2014 od Andy\u2019ego Warhola po <em>\u0141owc\u0119 jeleni<\/em>.    <\/p>\n<div class=\"wp-block-post-time-to-read\">2\u20133 minut<\/div>\n<div class=\"wp-block-yoast-seo-table-of-contents yoast-table-of-contents\"><h2>Spis tre\u015bci<\/h2><ul><li><a href=\"#h-path\" data-level=\"2\">\u015acie\u017cka<\/a><\/li><li><a href=\"#h-results\" data-level=\"2\">Wyniki<\/a><\/li><li><a href=\"#h-now\" data-level=\"2\">Obecnie<\/a><\/li><li><a href=\"#h-education\" data-level=\"2\">Edukacja<\/a><\/li><li><a href=\"#h-how-i-work\" data-level=\"2\">Jak dzia\u0142am<\/a><\/li><li><a href=\"#h-connect\" data-level=\"2\">Kontakt<\/a><\/li><\/ul><\/div>\n\n<h2 class=\"wp-block-heading\" id=\"h-path\">\u015acie\u017cka<\/h2>\n\n<p>Moja kariera rozpocz\u0119\u0142a si\u0119 od hakowania Apple II w przys\u0142owiowej piwnicy lat 90. Wiod\u0142a przez przemys\u0142 ci\u0119\u017cki, w tym przez huty i elektrociep\u0142owni\u0119, gdzie pracowa\u0142em jako specjalista j\u0119zykowy. Nast\u0119pnie przenios\u0142a si\u0119 do biurowca w Waszyngtonie, gdzie zajmowa\u0142em si\u0119 prac\u0105 \u015bledcz\u0105 w postsowieckiej bran\u017cy naftowo-gazowej, wykorzystuj\u0105c moje umiej\u0119tno\u015bci j\u0119zykowe. Potem podr\u00f3\u017cowa\u0142em po \u015bwiecie, prowadz\u0105c globalne przedsi\u0119biorstwo t\u0142umaczeniowe, obs\u0142uguj\u0105c takie firmy jak BMW, Mercedes i Siemens. Wa\u017cnym momentem by\u0142 udzia\u0142 w projekcie Google Translate w czasie prze\u0142omu w t\u0142umaczeniu neuronowym. Nast\u0119pnie, jako kierownik projektu i in\u017cynier lokalizacji, kierowa\u0142em setkami lingwist\u00f3w u waszyngto\u0144skiego kontraktora obronnego. Wreszcie, od sze\u015bciu lat jestem starszym in\u017cynierem oprogramowania w przedsi\u0119biorstwie w Wirginii.      <\/p>\n\n<h2 class=\"wp-block-heading\" id=\"h-results\">Wyniki<\/h2>\n\n<p>Zbudowa\u0142em i wdro\u017cy\u0142em <a href=\"https:\/\/www.orynycz.com\/pl\/tlumacz-lemkowski\/\" type=\"page\" id=\"104\">pierwszy na \u015bwiecie silnik t\u0142umaczenia \u0142emkowskiego<\/a>, osi\u0105gaj\u0105c opublikowane wyniki jako\u015bci metryki BLEU wspieranej przez DARPA sze\u015bciokrotnie wy\u017csze ni\u017c us\u0142uga ukrai\u0144ska Google Translate. Dziel\u0119 si\u0119 swoimi wynikami z innymi naukowcami w <a href=\"https:\/\/www.orynycz.com\/pl\/prace\/\" type=\"page\" id=\"7940\">publikacjach<\/a> Springer Nature i prezentowa\u0142em je na flagowej konferencji I\/ITSEC National Defense Industrial Association, najwi\u0119kszym na \u015bwiecie wydarzeniu dotycz\u0105cym modelowania, symulacji i szkole\u0144.<\/p>\n\n<h2 class=\"wp-block-heading\" id=\"h-now\">Obecnie<\/h2>\n\n<p>Obecnie pracuj\u0119 nad dostrajaniem du\u017cych modeli j\u0119zykowych, aby wspiera\u0107 j\u0119zyki o ograniczonych zasobach, rdzenne, zagro\u017cone, klasyczne i u\u015bpione, a tak\u017ce rozwijam bootcamp dla in\u017cynier\u00f3w AI, skupiaj\u0105cy si\u0119 na praktycznych umiej\u0119tno\u015bciach, rzeczywistych systemach i dostarczaniu dzia\u0142aj\u0105cych rozwi\u0105za\u0144. Poza ekranem organizuj\u0119 spotkania dotycz\u0105ce j\u0119zyk\u00f3w dziedzictwa i trenuj\u0119 street workout. <\/p>\n\n<h2 class=\"wp-block-heading\" id=\"h-education\">Edukacja<\/h2>\n\n<p>Uko\u0144czy\u0142em studia w Instytucie Filologii Wschodnios\u0142owia\u0144skiej na Uniwersytecie Jagiello\u0144skim w Krakowie, alma mater papie\u017ca Jana Paw\u0142a II i Miko\u0142aja Kopernika. J\u0119zykami wyk\u0142adowymi by\u0142y polski i rosyjski, kt\u00f3re opanowa\u0142em od podstaw. <\/p>\n\n<h2 class=\"wp-block-heading\" id=\"h-how-i-work\">Jak dzia\u0142am<\/h2>\n\n<p>Wsp\u00f3\u0142pracuj\u0105c ze mn\u0105, mo\u017cesz oczekiwa\u0107 spokojnego dowo\u017cenia, wysokich standard\u00f3w, in\u017cynierii opartej na testach i realnego wdra\u017cania, a tak\u017ce lojalno\u015bci i klarowno\u015bci wobec os\u00f3b, kt\u00f3re si\u0119 anga\u017cuj\u0105.<\/p>\n\n<h2 class=\"wp-block-heading\" id=\"h-connect\">Kontakt<\/h2>\n\n<p>Zawsze ch\u0119tnie poznaj\u0119 ludzi, kt\u00f3rzy dowo\u017c\u0105 i maj\u0105 wysok\u0105 konsekwencj\u0119 w dzia\u0142aniu. Je\u015bli tworzysz i dostarczasz dzia\u0142aj\u0105ce rozwi\u0105zania z obszaru AI, j\u0119zyka lub szkole\u0144, <a href=\"https:\/\/www.orynycz.com\/pl\/kontakt\/\" type=\"page\" id=\"11203\">odezwij si\u0119 do mnie<\/a>. <\/p>\n","protected":false},"excerpt":{"rendered":"<p>Jestem Petro Orynycz (\u041f\u0435\u0442\u0440\u043e \u041e\u0440\u0438\u043d\u0438\u0447), in\u017cynierem AI i lingwist\u0105 komputerowym, podw\u00f3jnym obywatelem o \u0142emkowskich korzeniach. Trenuj\u0119, dostrajam i wdra\u017cam LLM-y dla spo\u0142eczno\u015bci j\u0119zyk\u00f3w dziedzictwa i rdzennych, szczeg\u00f3lnie w warunkach ograniczonych zasob\u00f3w danych. Pochodz\u0119 z Waszyngtonu. Moje korzenie si\u0119gaj\u0105 wiosek Torysky, Medzilaborce i Zahoczewie (dzisiejsza Polska i S\u0142owacja). To transatlantycka historia diaspory \u2014 od Andy\u2019ego Warhola [&hellip;]<\/p>\n","protected":false},"author":2,"featured_media":12766,"parent":0,"menu_order":0,"comment_status":"open","ping_status":"closed","template":"petro-bare-tight","meta":{"inline_featured_image":false,"footnotes":""},"class_list":["post-7776","page","type-page","status-publish","has-post-thumbnail","hentry"],"yoast_head":"<!-- This site is optimized with the Yoast SEO Premium plugin v27.3 (Yoast SEO v27.4) - https:\/\/yoast.com\/product\/yoast-seo-premium-wordpress\/ -->\n<title>In\u017cynier AI: Moja podr\u00f3\u017c przez j\u0119zyki i technologi\u0119 | Petro Orynycz<\/title>\n<meta name=\"description\" content=\"Poznaj Petra Orynycza, in\u017cyniera AI i lingwist\u0119, kt\u00f3ry zbudowa\u0142 pierwszy neuronowy silnik t\u0142umaczeniowy dla j\u0119zyka \u0142emkowskiego i trenuje modele LLM dla j\u0119zyk\u00f3w pomijanych.\" \/>\n<meta name=\"robots\" content=\"index, follow, max-snippet:-1, max-image-preview:large, max-video-preview:-1\" \/>\n<link rel=\"canonical\" href=\"https:\/\/www.orynycz.com\/pl\/\" \/>\n<meta property=\"og:locale\" content=\"pl_PL\" \/>\n<meta property=\"og:type\" content=\"article\" \/>\n<meta property=\"og:title\" content=\"In\u017cynier AI: Moja podr\u00f3\u017c przez j\u0119zyk i technologi\u0119\" \/>\n<meta property=\"og:description\" content=\"Poznaj Petra Orynycza, in\u017cyniera AI, kt\u00f3ry buduje i wdra\u017ca systemy dla ekosystem\u00f3w j\u0119zykowych, trenuj\u0105c modele dla j\u0119zyk\u00f3w rdzennych i dziedzictwa.\" \/>\n<meta property=\"og:url\" content=\"https:\/\/www.orynycz.com\/pl\/\" \/>\n<meta property=\"og:site_name\" content=\"Petro Orynycz\" \/>\n<meta property=\"article:publisher\" content=\"https:\/\/www.facebook.com\/orynycz\" \/>\n<meta property=\"article:modified_time\" content=\"2026-02-08T13:43:40+00:00\" \/>\n<meta property=\"og:image\" content=\"https:\/\/www.orynycz.com\/wp-content\/uploads\/2026\/02\/about-me.jpg\" \/>\n\t<meta property=\"og:image:width\" content=\"1920\" \/>\n\t<meta property=\"og:image:height\" content=\"1080\" \/>\n\t<meta property=\"og:image:type\" content=\"image\/jpeg\" \/>\n<meta name=\"twitter:card\" content=\"summary_large_image\" \/>\n<meta name=\"twitter:title\" content=\"In\u017cynier AI o j\u0119zyku i technologii\" \/>\n<meta name=\"twitter:description\" content=\"Poznaj Petra Orynycza, in\u017cyniera AI, kt\u00f3ry trenuje modele j\u0119zykowe dla j\u0119zyk\u00f3w rdzennych i dziedzictwa.\" \/>\n<meta name=\"twitter:label1\" content=\"Szacowany czas czytania\" \/>\n\t<meta name=\"twitter:data1\" content=\"2 minut\" \/>\n<script type=\"application\/ld+json\" class=\"yoast-schema-graph\">{\"@context\":\"https:\\\/\\\/schema.org\",\"@graph\":[{\"@type\":[\"WebPage\",\"ProfilePage\"],\"@id\":\"https:\\\/\\\/www.orynycz.com\\\/pl\\\/\",\"url\":\"https:\\\/\\\/www.orynycz.com\\\/pl\\\/\",\"name\":\"In\u017cynier AI: Moja podr\u00f3\u017c przez j\u0119zyki i technologi\u0119 | Petro Orynycz\",\"isPartOf\":{\"@id\":\"https:\\\/\\\/www.orynycz.com\\\/pl\\\/#website\"},\"primaryImageOfPage\":{\"@id\":\"https:\\\/\\\/www.orynycz.com\\\/pl\\\/#primaryimage\"},\"image\":{\"@id\":\"https:\\\/\\\/www.orynycz.com\\\/pl\\\/#primaryimage\"},\"thumbnailUrl\":\"https:\\\/\\\/www.orynycz.com\\\/wp-content\\\/uploads\\\/2026\\\/02\\\/about-me.pl_.jpg\",\"datePublished\":\"2024-01-19T14:09:26+00:00\",\"dateModified\":\"2026-02-08T13:43:40+00:00\",\"description\":\"Poznaj Petra Orynycza, in\u017cyniera AI i lingwist\u0119, kt\u00f3ry zbudowa\u0142 pierwszy neuronowy silnik t\u0142umaczeniowy dla j\u0119zyka \u0142emkowskiego i trenuje modele LLM dla j\u0119zyk\u00f3w pomijanych.\",\"breadcrumb\":{\"@id\":\"https:\\\/\\\/www.orynycz.com\\\/pl\\\/#breadcrumb\"},\"inLanguage\":\"pl-PL\",\"potentialAction\":[{\"@type\":\"ReadAction\",\"target\":[\"https:\\\/\\\/www.orynycz.com\\\/pl\\\/\"]}],\"accessibilityFeature\":[\"tableOfContents\"]},{\"@type\":\"ImageObject\",\"inLanguage\":\"pl-PL\",\"@id\":\"https:\\\/\\\/www.orynycz.com\\\/pl\\\/#primaryimage\",\"url\":\"https:\\\/\\\/www.orynycz.com\\\/wp-content\\\/uploads\\\/2026\\\/02\\\/about-me.pl_.jpg\",\"contentUrl\":\"https:\\\/\\\/www.orynycz.com\\\/wp-content\\\/uploads\\\/2026\\\/02\\\/about-me.pl_.jpg\",\"width\":1920,\"height\":1080,\"caption\":\"Petro Orynycz\"},{\"@type\":\"BreadcrumbList\",\"@id\":\"https:\\\/\\\/www.orynycz.com\\\/pl\\\/#breadcrumb\",\"itemListElement\":[{\"@type\":\"ListItem\",\"position\":1,\"name\":\"Strona g\u0142\u00f3wna\",\"item\":\"https:\\\/\\\/www.orynycz.com\\\/pl\\\/\"},{\"@type\":\"ListItem\",\"position\":2,\"name\":\"Petro Orynycz: In\u017cynier AI i lingwista komputerowy\"}]},{\"@type\":\"WebSite\",\"@id\":\"https:\\\/\\\/www.orynycz.com\\\/pl\\\/#website\",\"url\":\"https:\\\/\\\/www.orynycz.com\\\/pl\\\/\",\"name\":\"Orynycz.com\",\"description\":\"Naukowiec. In\u017cynier AI. Lingwista.\",\"publisher\":{\"@id\":\"https:\\\/\\\/www.orynycz.com\\\/#organization\"},\"alternateName\":\"\u041e\u0440\u0438\u043d\u0438\u0447.com\",\"potentialAction\":[{\"@type\":\"SearchAction\",\"target\":{\"@type\":\"EntryPoint\",\"urlTemplate\":\"https:\\\/\\\/www.orynycz.com\\\/pl\\\/?s={search_term_string}\"},\"query-input\":{\"@type\":\"PropertyValueSpecification\",\"valueRequired\":true,\"valueName\":\"search_term_string\"}}],\"inLanguage\":\"pl-PL\"},{\"@type\":\"Organization\",\"@id\":\"https:\\\/\\\/www.orynycz.com\\\/#organization\",\"name\":\"orynycz.com\",\"alternateName\":\"\u041e\u0440\u0438\u043d\u0438\u0447.com\",\"url\":\"https:\\\/\\\/www.orynycz.com\\\/pl\\\/\",\"logo\":{\"@type\":\"ImageObject\",\"inLanguage\":\"pl-PL\",\"@id\":\"https:\\\/\\\/www.orynycz.com\\\/pl\\\/#\\\/schema\\\/logo\\\/image\\\/\",\"url\":\"https:\\\/\\\/www.orynycz.com\\\/wp-content\\\/uploads\\\/2025\\\/12\\\/logo-1.jpg\",\"contentUrl\":\"https:\\\/\\\/www.orynycz.com\\\/wp-content\\\/uploads\\\/2025\\\/12\\\/logo-1.jpg\",\"width\":512,\"height\":512,\"caption\":\"orynycz.com\"},\"image\":{\"@id\":\"https:\\\/\\\/www.orynycz.com\\\/pl\\\/#\\\/schema\\\/logo\\\/image\\\/\"},\"sameAs\":[\"https:\\\/\\\/www.facebook.com\\\/orynycz\"],\"mainEntityOfPage\":{\"@id\":\"https:\\\/\\\/www.orynycz.com\\\/pl\\\/\"},\"publishingPrinciples\":\"https:\\\/\\\/www.orynycz.com\\\/pl\\\/polityka\\\/\",\"ownershipFundingInfo\":\"https:\\\/\\\/www.orynycz.com\\\/pl\\\/polityka\\\/\",\"actionableFeedbackPolicy\":\"https:\\\/\\\/www.orynycz.com\\\/pl\\\/polityka\\\/\",\"correctionsPolicy\":\"https:\\\/\\\/www.orynycz.com\\\/pl\\\/polityka\\\/\",\"ethicsPolicy\":\"https:\\\/\\\/www.orynycz.com\\\/pl\\\/polityka\\\/\",\"diversityPolicy\":\"https:\\\/\\\/www.orynycz.com\\\/pl\\\/polityka\\\/\",\"diversityStaffingReport\":\"https:\\\/\\\/www.orynycz.com\\\/pl\\\/polityka\\\/\"}]}<\/script>\n<!-- \/ Yoast SEO Premium plugin. -->","yoast_head_json":{"title":"In\u017cynier AI: Moja podr\u00f3\u017c przez j\u0119zyki i technologi\u0119 | Petro Orynycz","description":"Poznaj Petra Orynycza, in\u017cyniera AI i lingwist\u0119, kt\u00f3ry zbudowa\u0142 pierwszy neuronowy silnik t\u0142umaczeniowy dla j\u0119zyka \u0142emkowskiego i trenuje modele LLM dla j\u0119zyk\u00f3w pomijanych.","robots":{"index":"index","follow":"follow","max-snippet":"max-snippet:-1","max-image-preview":"max-image-preview:large","max-video-preview":"max-video-preview:-1"},"canonical":"https:\/\/www.orynycz.com\/pl\/","og_locale":"pl_PL","og_type":"article","og_title":"In\u017cynier AI: Moja podr\u00f3\u017c przez j\u0119zyk i technologi\u0119","og_description":"Poznaj Petra Orynycza, in\u017cyniera AI, kt\u00f3ry buduje i wdra\u017ca systemy dla ekosystem\u00f3w j\u0119zykowych, trenuj\u0105c modele dla j\u0119zyk\u00f3w rdzennych i dziedzictwa.","og_url":"https:\/\/www.orynycz.com\/pl\/","og_site_name":"Petro Orynycz","article_publisher":"https:\/\/www.facebook.com\/orynycz","article_modified_time":"2026-02-08T13:43:40+00:00","og_image":[{"width":1920,"height":1080,"url":"https:\/\/www.orynycz.com\/wp-content\/uploads\/2026\/02\/about-me.jpg","type":"image\/jpeg"}],"twitter_card":"summary_large_image","twitter_title":"In\u017cynier AI o j\u0119zyku i technologii","twitter_description":"Poznaj Petra Orynycza, in\u017cyniera AI, kt\u00f3ry trenuje modele j\u0119zykowe dla j\u0119zyk\u00f3w rdzennych i dziedzictwa.","twitter_misc":{"Szacowany czas czytania":"2 minut"},"schema":{"@context":"https:\/\/schema.org","@graph":[{"@type":["WebPage","ProfilePage"],"@id":"https:\/\/www.orynycz.com\/pl\/","url":"https:\/\/www.orynycz.com\/pl\/","name":"In\u017cynier AI: Moja podr\u00f3\u017c przez j\u0119zyki i technologi\u0119 | Petro Orynycz","isPartOf":{"@id":"https:\/\/www.orynycz.com\/pl\/#website"},"primaryImageOfPage":{"@id":"https:\/\/www.orynycz.com\/pl\/#primaryimage"},"image":{"@id":"https:\/\/www.orynycz.com\/pl\/#primaryimage"},"thumbnailUrl":"https:\/\/www.orynycz.com\/wp-content\/uploads\/2026\/02\/about-me.pl_.jpg","datePublished":"2024-01-19T14:09:26+00:00","dateModified":"2026-02-08T13:43:40+00:00","description":"Poznaj Petra Orynycza, in\u017cyniera AI i lingwist\u0119, kt\u00f3ry zbudowa\u0142 pierwszy neuronowy silnik t\u0142umaczeniowy dla j\u0119zyka \u0142emkowskiego i trenuje modele LLM dla j\u0119zyk\u00f3w pomijanych.","breadcrumb":{"@id":"https:\/\/www.orynycz.com\/pl\/#breadcrumb"},"inLanguage":"pl-PL","potentialAction":[{"@type":"ReadAction","target":["https:\/\/www.orynycz.com\/pl\/"]}],"accessibilityFeature":["tableOfContents"]},{"@type":"ImageObject","inLanguage":"pl-PL","@id":"https:\/\/www.orynycz.com\/pl\/#primaryimage","url":"https:\/\/www.orynycz.com\/wp-content\/uploads\/2026\/02\/about-me.pl_.jpg","contentUrl":"https:\/\/www.orynycz.com\/wp-content\/uploads\/2026\/02\/about-me.pl_.jpg","width":1920,"height":1080,"caption":"Petro Orynycz"},{"@type":"BreadcrumbList","@id":"https:\/\/www.orynycz.com\/pl\/#breadcrumb","itemListElement":[{"@type":"ListItem","position":1,"name":"Strona g\u0142\u00f3wna","item":"https:\/\/www.orynycz.com\/pl\/"},{"@type":"ListItem","position":2,"name":"Petro Orynycz: In\u017cynier AI i lingwista komputerowy"}]},{"@type":"WebSite","@id":"https:\/\/www.orynycz.com\/pl\/#website","url":"https:\/\/www.orynycz.com\/pl\/","name":"Orynycz.com","description":"Naukowiec. In\u017cynier AI. Lingwista.","publisher":{"@id":"https:\/\/www.orynycz.com\/#organization"},"alternateName":"\u041e\u0440\u0438\u043d\u0438\u0447.com","potentialAction":[{"@type":"SearchAction","target":{"@type":"EntryPoint","urlTemplate":"https:\/\/www.orynycz.com\/pl\/?s={search_term_string}"},"query-input":{"@type":"PropertyValueSpecification","valueRequired":true,"valueName":"search_term_string"}}],"inLanguage":"pl-PL"},{"@type":"Organization","@id":"https:\/\/www.orynycz.com\/#organization","name":"orynycz.com","alternateName":"\u041e\u0440\u0438\u043d\u0438\u0447.com","url":"https:\/\/www.orynycz.com\/pl\/","logo":{"@type":"ImageObject","inLanguage":"pl-PL","@id":"https:\/\/www.orynycz.com\/pl\/#\/schema\/logo\/image\/","url":"https:\/\/www.orynycz.com\/wp-content\/uploads\/2025\/12\/logo-1.jpg","contentUrl":"https:\/\/www.orynycz.com\/wp-content\/uploads\/2025\/12\/logo-1.jpg","width":512,"height":512,"caption":"orynycz.com"},"image":{"@id":"https:\/\/www.orynycz.com\/pl\/#\/schema\/logo\/image\/"},"sameAs":["https:\/\/www.facebook.com\/orynycz"],"mainEntityOfPage":{"@id":"https:\/\/www.orynycz.com\/pl\/"},"publishingPrinciples":"https:\/\/www.orynycz.com\/pl\/polityka\/","ownershipFundingInfo":"https:\/\/www.orynycz.com\/pl\/polityka\/","actionableFeedbackPolicy":"https:\/\/www.orynycz.com\/pl\/polityka\/","correctionsPolicy":"https:\/\/www.orynycz.com\/pl\/polityka\/","ethicsPolicy":"https:\/\/www.orynycz.com\/pl\/polityka\/","diversityPolicy":"https:\/\/www.orynycz.com\/pl\/polityka\/","diversityStaffingReport":"https:\/\/www.orynycz.com\/pl\/polityka\/"}]}},"_links":{"self":[{"href":"https:\/\/www.orynycz.com\/pl\/wp-json\/wp\/v2\/pages\/7776","targetHints":{"allow":["GET"]}}],"collection":[{"href":"https:\/\/www.orynycz.com\/pl\/wp-json\/wp\/v2\/pages"}],"about":[{"href":"https:\/\/www.orynycz.com\/pl\/wp-json\/wp\/v2\/types\/page"}],"author":[{"embeddable":true,"href":"https:\/\/www.orynycz.com\/pl\/wp-json\/wp\/v2\/users\/2"}],"replies":[{"embeddable":true,"href":"https:\/\/www.orynycz.com\/pl\/wp-json\/wp\/v2\/comments?post=7776"}],"version-history":[{"count":43,"href":"https:\/\/www.orynycz.com\/pl\/wp-json\/wp\/v2\/pages\/7776\/revisions"}],"predecessor-version":[{"id":12776,"href":"https:\/\/www.orynycz.com\/pl\/wp-json\/wp\/v2\/pages\/7776\/revisions\/12776"}],"wp:featuredmedia":[{"embeddable":true,"href":"https:\/\/www.orynycz.com\/pl\/wp-json\/wp\/v2\/media\/12766"}],"wp:attachment":[{"href":"https:\/\/www.orynycz.com\/pl\/wp-json\/wp\/v2\/media?parent=7776"}],"curies":[{"name":"wp","href":"https:\/\/api.w.org\/{rel}","templated":true}]}}