{"id":10254,"date":"2025-12-07T16:42:11","date_gmt":"2025-12-07T16:42:11","guid":{"rendered":"https:\/\/www.orynycz.com\/polityka-prywatnosci\/"},"modified":"2026-03-25T07:29:38","modified_gmt":"2026-03-25T07:29:38","slug":"prywatnosc","status":"publish","type":"page","link":"https:\/\/www.orynycz.com\/pl\/polityka\/prywatnosc\/","title":{"rendered":"Polityka prywatno\u015bci"},"content":{"rendered":"\n<p>Orynycz.com (\u201emy\u201d, \u201enas\u201d lub \u201enasz\u201d) prowadzi stron\u0119 internetow\u0105 Orynycz.com (dalej \u201eUs\u0142uga\u201d).<\/p>\n\n<p>Ta strona informuje o naszych zasadach dotycz\u0105cych gromadzenia, wykorzystywania i ujawniania Danych Osobowych podczas korzystania z naszej Us\u0142ugi.<\/p>\n\n<p>Nie b\u0119dziemy wykorzystywa\u0107 ani udost\u0119pnia\u0107 Pa\u0144stwa informacji nikomu, z wyj\u0105tkiem przypadk\u00f3w opisanych w niniejszej Polityce Prywatno\u015bci.<\/p>\n\n<p>Wykorzystujemy Pa\u0144stwa Dane Osobowe w celu \u015bwiadczenia i ulepszania Us\u0142ugi. Korzystaj\u0105c z Us\u0142ugi, wyra\u017caj\u0105 Pa\u0144stwo zgod\u0119 na gromadzenie i wykorzystywanie informacji zgodnie z niniejsz\u0105 polityk\u0105. O ile nie okre\u015blono inaczej w niniejszej Polityce Prywatno\u015bci, terminy u\u017cyte w Polityce Prywatno\u015bci maj\u0105 takie samo znaczenie jak w naszym Regulaminie, dost\u0119pnym pod adresem https:\/\/www.orynycz.com  <\/p>\n\n<div class=\"wp-block-yoast-seo-table-of-contents yoast-table-of-contents\"><h2>Spis tre\u015bci<\/h2><ul><li><a href=\"#h-account-compliance-and-fraud-prevention-checks\" data-level=\"2\">Kontrole konta, zgodno\u015bci i przeciwdzia\u0142ania oszustwom<\/a><\/li><li><a href=\"#h-data-retention\" data-level=\"2\">Przechowywanie danych<\/a><\/li><li><a href=\"#h-information-collection-and-use\" data-level=\"2\">Gromadzenie i wykorzystywanie informacji<\/a><\/li><li><a href=\"#h-log-data\" data-level=\"2\">Dane logowania<\/a><\/li><li><a href=\"#h-cookies\" data-level=\"2\">Pliki cookie<\/a><\/li><li><a href=\"#h-service-providers\" data-level=\"2\">Dostawcy us\u0142ug<\/a><\/li><li><a href=\"#h-security\" data-level=\"2\">Bezpiecze\u0144stwo<\/a><\/li><li><a href=\"#h-links-to-other-sites\" data-level=\"2\">Linki do innych stron<\/a><\/li><li><a href=\"#h-children-s-privacy\" data-level=\"2\">Prywatno\u015b\u0107 Dzieci<\/a><\/li><li><a href=\"#h-compliance-with-laws\" data-level=\"2\">Zgodno\u015b\u0107 z prawem<\/a><\/li><li><a href=\"#h-changes-to-this-privacy-policy\" data-level=\"2\">Zmiany w niniejszej Polityce Prywatno\u015bci<\/a><\/li><li><a href=\"#h-contact-us\" data-level=\"2\">Kontakt z nami<\/a><\/li><\/ul><\/div>\n\n<h2 class=\"wp-block-heading\" id=\"h-account-compliance-and-fraud-prevention-checks\">Kontrole konta, zgodno\u015bci i przeciwdzia\u0142ania oszustwom<\/h2>\n\n<p>Je\u015bli utworzysz konto, zakupisz p\u0142atn\u0105 funkcj\u0119 lub uzyskasz dost\u0119p do niekt\u00f3rych cz\u0119\u015bci Us\u0142ugi, mo\u017cemy gromadzi\u0107 i wykorzystywa\u0107 informacje o koncie i transakcjach, takie jak imi\u0119 i nazwisko, adres e-mail, informacje profilowe, odpowiedzi na o\u015bwiadczenia oraz ograniczone dane techniczne. Mo\u017cemy wykorzystywa\u0107 te informacje do \u015bwiadczenia Us\u0142ugi, zabezpieczania kont, zapobiegania oszustwom i nadu\u017cyciom, przetwarzania p\u0142atno\u015bci, egzekwowania naszych zasad oraz przestrzegania zobowi\u0105za\u0144 prawnych. <\/p>\n\n<p>Mo\u017cemy weryfikowa\u0107 ograniczone informacje rejestracyjne lub transakcyjne w por\u00f3wnaniu z oficjalnymi sankcjami lub listami podmiot\u00f3w obj\u0119tych ograniczeniami w celach zgodno\u015bci, zapobiegania oszustwom i bezpiecze\u0144stwa konta. Prowadzimy minimalne rejestry tych kontroli i powi\u0105zanych decyzji w celach rozliczalno\u015bci i zgodno\u015bci. Domy\u015blnie nie przechowujemy pe\u0142nych, surowych odpowiedzi z weryfikacji.  <\/p>\n\n<p>W stosownych przypadkach opieramy si\u0119 na podstawach prawnych, takich jak wykonanie umowy, uzasadnione interesy i zgodno\u015b\u0107 z zobowi\u0105zaniami prawnymi. Nasze uzasadnione interesy obejmuj\u0105 zabezpieczanie Us\u0142ugi, zapobieganie oszustwom i nadu\u017cyciom, egzekwowanie naszych Warunk\u00f3w oraz przestrzeganie sankcji i innych wymog\u00f3w prawnych. <\/p>\n\n<h2 class=\"wp-block-heading\" id=\"h-data-retention\">Przechowywanie danych<\/h2>\n\n<p>Przechowujemy dane osobowe tylko tak d\u0142ugo, jak jest to racjonalnie konieczne do cel\u00f3w opisanych w niniejszej Polityce prywatno\u015bci, w tym w celu zapewnienia bezpiecze\u0144stwa, zapobiegania oszustwom, zgodno\u015bci z przepisami prawa, rozwi\u0105zywania spor\u00f3w i egzekwowania naszych um\u00f3w. Niekt\u00f3re dokumenty zwi\u0105zane ze zgodno\u015bci\u0105 mog\u0105 by\u0107 przechowywane d\u0142u\u017cej, je\u015bli jest to wymagane lub uzasadnione prawem. Przepisy OFAC dotycz\u0105ce prowadzenia dokumentacji mog\u0105 wymaga\u0107 przechowywania pe\u0142nych i dok\u0142adnych rejestr\u00f3w przez co najmniej 10 lat w przypadku obj\u0119tych transakcji.  <\/p>\n\n<h2 class=\"wp-block-heading\" id=\"h-information-collection-and-use\">Gromadzenie i wykorzystywanie informacji<\/h2>\n\n<p>Korzystaj\u0105c z naszej Us\u0142ugi, mo\u017cemy poprosi\u0107 Ci\u0119 o podanie pewnych danych osobowych, kt\u00f3re mog\u0105 by\u0107 u\u017cyte do kontaktu lub identyfikacji. Dane osobowe (\u201eInformacje osobiste\u201d) mog\u0105 obejmowa\u0107, ale nie ograniczaj\u0105 si\u0119 do: <\/p>\n\n<h2 class=\"wp-block-heading\" id=\"h-log-data\">Dane logowania<\/h2>\n\n<p>Zbieramy informacje, kt\u00f3re Twoja przegl\u0105darka wysy\u0142a za ka\u017cdym razem, gdy odwiedzasz nasz\u0105 Us\u0142ug\u0119 (\u201eDane dziennika\u201d). Te Dane dziennika mog\u0105 zawiera\u0107 informacje takie jak adres protoko\u0142u internetowego (\u201eIP\u201d) Twojego komputera, typ przegl\u0105darki, wersja przegl\u0105darki, strony naszej Us\u0142ugi, kt\u00f3re odwiedzasz, czas i data Twojej wizyty, czas sp\u0119dzony na tych stronach oraz inne statystyki. <\/p>\n\n<h2 class=\"wp-block-heading\" id=\"h-cookies\">Pliki cookie<\/h2>\n\n<p>Pliki cookie to pliki zawieraj\u0105ce niewielk\u0105 ilo\u015b\u0107 danych, kt\u00f3re mog\u0105 zawiera\u0107 anonimowy unikalny identyfikator. Pliki cookie s\u0105 wysy\u0142ane do Pa\u0144stwa przegl\u0105darki ze strony internetowej i przechowywane na dysku twardym komputera. <\/p>\n\n<p>U\u017cywamy \u201eciasteczek\u201d do zbierania informacji. Mo\u017cesz ustawi\u0107 swoj\u0105 przegl\u0105dark\u0119 tak, aby odrzuca\u0142a wszystkie ciasteczka lub wskazywa\u0142a, kiedy ciasteczko jest wysy\u0142ane. Jednak\u017ce, je\u015bli nie zaakceptujesz ciasteczek, mo\u017cesz nie by\u0107 w stanie korzysta\u0107 z niekt\u00f3rych cz\u0119\u015bci naszej Us\u0142ugi.  <\/p>\n\n<h2 class=\"wp-block-heading\" id=\"h-service-providers\">Dostawcy us\u0142ug<\/h2>\n\n<p>Mo\u017cemy zatrudnia\u0107 firmy zewn\u0119trzne i osoby fizyczne w celu u\u0142atwienia \u015bwiadczenia naszej Us\u0142ugi, \u015bwiadczenia Us\u0142ugi w naszym imieniu, wykonywania us\u0142ug zwi\u0105zanych z Us\u0142ug\u0105 lub pomocy nam w analizie sposobu korzystania z naszej Us\u0142ugi.<\/p>\n\n<p>Strony trzecie maj\u0105 dost\u0119p do Pa\u0144stwa Danych Osobowych tylko w celu wykonywania tych zada\u0144 w naszym imieniu i s\u0105 zobowi\u0105zane do nieujawniania ani niewykorzystywania ich w \u017cadnym innym celu.<\/p>\n\n<h2 class=\"wp-block-heading\" id=\"h-security\">Bezpiecze\u0144stwo<\/h2>\n\n<p>Bezpiecze\u0144stwo Pa\u0144stwa Danych Osobowych jest dla nas wa\u017cne, ale pami\u0119tajmy, \u017ce \u017cadna metoda transmisji przez Internet ani metoda elektronicznego przechowywania nie jest w 100% bezpieczna. Chocia\u017c staramy si\u0119 u\u017cywa\u0107 komercyjnie akceptowalnych \u015brodk\u00f3w ochrony Pa\u0144stwa Danych Osobowych, nie mo\u017cemy zagwarantowa\u0107 ich absolutnego bezpiecze\u0144stwa. <\/p>\n\n<h2 class=\"wp-block-heading\" id=\"h-links-to-other-sites\">Linki do innych stron<\/h2>\n\n<p>Nasza Us\u0142uga mo\u017ce zawiera\u0107 \u0142\u0105cza do innych stron, kt\u00f3re nie s\u0105 przez nas obs\u0142ugiwane. Je\u015bli klikn\u0105 Pa\u0144stwo \u0142\u0105cze strony trzeciej, zostan\u0105 Pa\u0144stwo przekierowani na stron\u0119 tej strony trzeciej. Zdecydowanie zalecamy zapoznanie si\u0119 z Polityk\u0105 Prywatno\u015bci ka\u017cdej odwiedzanej strony.  <\/p>\n\n<p>Nie mamy kontroli nad tre\u015bci\u0105, politykami prywatno\u015bci ani praktykami jakichkolwiek stron trzecich lub us\u0142ug i nie ponosimy za nie odpowiedzialno\u015bci.<\/p>\n\n<h2 class=\"wp-block-heading\" id=\"h-children-s-privacy\">Prywatno\u015b\u0107 Dzieci<\/h2>\n\n<p>Nasza Us\u0142uga nie jest skierowana do os\u00f3b poni\u017cej 18 roku \u017cycia (\u201eDzieci\u201d).<\/p>\n\n<p>Nie gromadzimy \u015bwiadomie danych osobowych od dzieci poni\u017cej 18 roku \u017cycia. Je\u015bli s\u0105 Pa\u0144stwo rodzicem lub opiekunem i wiedz\u0105 Pa\u0144stwo, \u017ce Pa\u0144stwa dziecko przekaza\u0142o nam Dane Osobowe, prosimy o kontakt z nami. Je\u015bli dowiemy si\u0119, \u017ce zebrali\u015bmy Dane Osobowe od dziecka poni\u017cej 18 roku \u017cycia, natychmiast usuniemy takie informacje z naszych serwer\u00f3w.  <\/p>\n\n<h2 class=\"wp-block-heading\" id=\"h-compliance-with-laws\">Zgodno\u015b\u0107 z prawem<\/h2>\n\n<p>Ujawnimy Pa\u0144stwa Dane Osobowe, gdy b\u0119dzie to wymagane przez prawo lub nakaz s\u0105dowy.<\/p>\n\n<h2 class=\"wp-block-heading\" id=\"h-changes-to-this-privacy-policy\">Zmiany w niniejszej Polityce Prywatno\u015bci<\/h2>\n\n<p>Mo\u017cemy od czasu do czasu aktualizowa\u0107 nasz\u0105 Polityk\u0119 Prywatno\u015bci. Powiadomimy Pa\u0144stwa o wszelkich zmianach, publikuj\u0105c now\u0105 Polityk\u0119 Prywatno\u015bci na tej stronie. <\/p>\n\n<p>Zaleca si\u0119 okresowe przegl\u0105danie niniejszej Polityki Prywatno\u015bci pod k\u0105tem ewentualnych zmian. Zmiany w niniejszej Polityce Prywatno\u015bci s\u0105 skuteczne z chwil\u0105 ich opublikowania na tej stronie. <\/p>\n\n<h2 class=\"wp-block-heading\" id=\"h-contact-us\">Kontakt z nami<\/h2>\n\n<p>W przypadku jakichkolwiek pyta\u0144 dotycz\u0105cych niniejszej Polityki Prywatno\u015bci, prosimy o kontakt z nami.<\/p>\n","protected":false},"excerpt":{"rendered":"<p>Orynycz.com (\u201emy\u201d, \u201enas\u201d lub \u201enasz\u201d) prowadzi stron\u0119 internetow\u0105 Orynycz.com (dalej \u201eUs\u0142uga\u201d). Ta strona informuje o naszych zasadach dotycz\u0105cych gromadzenia, wykorzystywania i ujawniania Danych Osobowych podczas korzystania z naszej Us\u0142ugi. Nie b\u0119dziemy wykorzystywa\u0107 ani udost\u0119pnia\u0107 Pa\u0144stwa informacji nikomu, z wyj\u0105tkiem przypadk\u00f3w opisanych w niniejszej Polityce Prywatno\u015bci. Wykorzystujemy Pa\u0144stwa Dane Osobowe w celu \u015bwiadczenia i ulepszania Us\u0142ugi. [&hellip;]<\/p>\n","protected":false},"author":2,"featured_media":0,"parent":10234,"menu_order":0,"comment_status":"closed","ping_status":"closed","template":"","meta":{"inline_featured_image":false,"footnotes":""},"class_list":["post-10254","page","type-page","status-publish","hentry"],"yoast_head":"<!-- This site is optimized with the Yoast SEO Premium plugin v27.3 (Yoast SEO v27.4) - https:\/\/yoast.com\/product\/yoast-seo-premium-wordpress\/ -->\n<title>Polityka prywatno\u015bci | Petro Orynycz<\/title>\n<meta name=\"robots\" content=\"index, follow, max-snippet:-1, max-image-preview:large, max-video-preview:-1\" \/>\n<link rel=\"canonical\" href=\"https:\/\/www.orynycz.com\/pl\/polityka\/prywatnosc\/\" \/>\n<meta property=\"og:locale\" content=\"pl_PL\" \/>\n<meta property=\"og:type\" content=\"article\" \/>\n<meta property=\"og:title\" content=\"Polityka prywatno\u015bci\" \/>\n<meta property=\"og:description\" content=\"Orynycz.com (\u201emy\u201d, \u201enas\u201d lub \u201enasz\u201d) prowadzi stron\u0119 internetow\u0105 Orynycz.com (dalej \u201eUs\u0142uga\u201d). Ta strona informuje o naszych zasadach dotycz\u0105cych gromadzenia, wykorzystywania i ujawniania Danych Osobowych podczas korzystania z naszej Us\u0142ugi. Nie b\u0119dziemy wykorzystywa\u0107 ani udost\u0119pnia\u0107 Pa\u0144stwa informacji nikomu, z wyj\u0105tkiem przypadk\u00f3w opisanych w niniejszej Polityce Prywatno\u015bci. Wykorzystujemy Pa\u0144stwa Dane Osobowe w celu \u015bwiadczenia i ulepszania Us\u0142ugi. [&hellip;]\" \/>\n<meta property=\"og:url\" content=\"https:\/\/www.orynycz.com\/pl\/polityka\/prywatnosc\/\" \/>\n<meta property=\"og:site_name\" content=\"Petro Orynycz\" \/>\n<meta property=\"article:publisher\" content=\"https:\/\/www.facebook.com\/orynycz\" \/>\n<meta property=\"article:modified_time\" content=\"2026-03-25T07:29:38+00:00\" \/>\n<meta name=\"twitter:card\" content=\"summary_large_image\" \/>\n<meta name=\"twitter:label1\" content=\"Szacowany czas czytania\" \/>\n\t<meta name=\"twitter:data1\" content=\"5 minut\" \/>\n<script type=\"application\/ld+json\" class=\"yoast-schema-graph\">{\"@context\":\"https:\\\/\\\/schema.org\",\"@graph\":[{\"@type\":\"WebPage\",\"@id\":\"https:\\\/\\\/www.orynycz.com\\\/pl\\\/polityka\\\/prywatnosc\\\/\",\"url\":\"https:\\\/\\\/www.orynycz.com\\\/pl\\\/polityka\\\/prywatnosc\\\/\",\"name\":\"Polityka prywatno\u015bci | Petro Orynycz\",\"isPartOf\":{\"@id\":\"https:\\\/\\\/www.orynycz.com\\\/pl\\\/#website\"},\"datePublished\":\"2025-12-07T16:42:11+00:00\",\"dateModified\":\"2026-03-25T07:29:38+00:00\",\"breadcrumb\":{\"@id\":\"https:\\\/\\\/www.orynycz.com\\\/pl\\\/polityka\\\/prywatnosc\\\/#breadcrumb\"},\"inLanguage\":\"pl-PL\",\"potentialAction\":[{\"@type\":\"ReadAction\",\"target\":[\"https:\\\/\\\/www.orynycz.com\\\/pl\\\/polityka\\\/prywatnosc\\\/\"]}],\"accessibilityFeature\":[\"tableOfContents\"]},{\"@type\":\"BreadcrumbList\",\"@id\":\"https:\\\/\\\/www.orynycz.com\\\/pl\\\/polityka\\\/prywatnosc\\\/#breadcrumb\",\"itemListElement\":[{\"@type\":\"ListItem\",\"position\":1,\"name\":\"Strona g\u0142\u00f3wna\",\"item\":\"https:\\\/\\\/www.orynycz.com\\\/pl\\\/\"},{\"@type\":\"ListItem\",\"position\":2,\"name\":\"Polityka\",\"item\":\"https:\\\/\\\/www.orynycz.com\\\/pl\\\/policy\\\/\"},{\"@type\":\"ListItem\",\"position\":3,\"name\":\"Prywatno\u015b\u0107\"}]},{\"@type\":\"WebSite\",\"@id\":\"https:\\\/\\\/www.orynycz.com\\\/pl\\\/#website\",\"url\":\"https:\\\/\\\/www.orynycz.com\\\/pl\\\/\",\"name\":\"Orynycz.com\",\"description\":\"Naukowiec. In\u017cynier AI. Lingwista.\",\"publisher\":{\"@id\":\"https:\\\/\\\/www.orynycz.com\\\/#organization\"},\"alternateName\":\"\u041e\u0440\u0438\u043d\u0438\u0447.com\",\"potentialAction\":[{\"@type\":\"SearchAction\",\"target\":{\"@type\":\"EntryPoint\",\"urlTemplate\":\"https:\\\/\\\/www.orynycz.com\\\/pl\\\/?s={search_term_string}\"},\"query-input\":{\"@type\":\"PropertyValueSpecification\",\"valueRequired\":true,\"valueName\":\"search_term_string\"}}],\"inLanguage\":\"pl-PL\"},{\"@type\":\"Organization\",\"@id\":\"https:\\\/\\\/www.orynycz.com\\\/#organization\",\"name\":\"orynycz.com\",\"alternateName\":\"\u041e\u0440\u0438\u043d\u0438\u0447.com\",\"url\":\"https:\\\/\\\/www.orynycz.com\\\/pl\\\/\",\"logo\":{\"@type\":\"ImageObject\",\"inLanguage\":\"pl-PL\",\"@id\":\"https:\\\/\\\/www.orynycz.com\\\/pl\\\/#\\\/schema\\\/logo\\\/image\\\/\",\"url\":\"https:\\\/\\\/www.orynycz.com\\\/wp-content\\\/uploads\\\/2025\\\/12\\\/logo-1.jpg\",\"contentUrl\":\"https:\\\/\\\/www.orynycz.com\\\/wp-content\\\/uploads\\\/2025\\\/12\\\/logo-1.jpg\",\"width\":512,\"height\":512,\"caption\":\"orynycz.com\"},\"image\":{\"@id\":\"https:\\\/\\\/www.orynycz.com\\\/pl\\\/#\\\/schema\\\/logo\\\/image\\\/\"},\"sameAs\":[\"https:\\\/\\\/www.facebook.com\\\/orynycz\"],\"publishingPrinciples\":\"https:\\\/\\\/www.orynycz.com\\\/pl\\\/polityka\\\/\",\"ownershipFundingInfo\":\"https:\\\/\\\/www.orynycz.com\\\/pl\\\/polityka\\\/\",\"actionableFeedbackPolicy\":\"https:\\\/\\\/www.orynycz.com\\\/pl\\\/polityka\\\/\",\"correctionsPolicy\":\"https:\\\/\\\/www.orynycz.com\\\/pl\\\/polityka\\\/\",\"ethicsPolicy\":\"https:\\\/\\\/www.orynycz.com\\\/pl\\\/polityka\\\/\",\"diversityPolicy\":\"https:\\\/\\\/www.orynycz.com\\\/pl\\\/polityka\\\/\",\"diversityStaffingReport\":\"https:\\\/\\\/www.orynycz.com\\\/pl\\\/polityka\\\/\"}]}<\/script>\n<!-- \/ Yoast SEO Premium plugin. -->","yoast_head_json":{"title":"Polityka prywatno\u015bci | Petro Orynycz","robots":{"index":"index","follow":"follow","max-snippet":"max-snippet:-1","max-image-preview":"max-image-preview:large","max-video-preview":"max-video-preview:-1"},"canonical":"https:\/\/www.orynycz.com\/pl\/polityka\/prywatnosc\/","og_locale":"pl_PL","og_type":"article","og_title":"Polityka prywatno\u015bci","og_description":"Orynycz.com (\u201emy\u201d, \u201enas\u201d lub \u201enasz\u201d) prowadzi stron\u0119 internetow\u0105 Orynycz.com (dalej \u201eUs\u0142uga\u201d). Ta strona informuje o naszych zasadach dotycz\u0105cych gromadzenia, wykorzystywania i ujawniania Danych Osobowych podczas korzystania z naszej Us\u0142ugi. Nie b\u0119dziemy wykorzystywa\u0107 ani udost\u0119pnia\u0107 Pa\u0144stwa informacji nikomu, z wyj\u0105tkiem przypadk\u00f3w opisanych w niniejszej Polityce Prywatno\u015bci. Wykorzystujemy Pa\u0144stwa Dane Osobowe w celu \u015bwiadczenia i ulepszania Us\u0142ugi. [&hellip;]","og_url":"https:\/\/www.orynycz.com\/pl\/polityka\/prywatnosc\/","og_site_name":"Petro Orynycz","article_publisher":"https:\/\/www.facebook.com\/orynycz","article_modified_time":"2026-03-25T07:29:38+00:00","twitter_card":"summary_large_image","twitter_misc":{"Szacowany czas czytania":"5 minut"},"schema":{"@context":"https:\/\/schema.org","@graph":[{"@type":"WebPage","@id":"https:\/\/www.orynycz.com\/pl\/polityka\/prywatnosc\/","url":"https:\/\/www.orynycz.com\/pl\/polityka\/prywatnosc\/","name":"Polityka prywatno\u015bci | Petro Orynycz","isPartOf":{"@id":"https:\/\/www.orynycz.com\/pl\/#website"},"datePublished":"2025-12-07T16:42:11+00:00","dateModified":"2026-03-25T07:29:38+00:00","breadcrumb":{"@id":"https:\/\/www.orynycz.com\/pl\/polityka\/prywatnosc\/#breadcrumb"},"inLanguage":"pl-PL","potentialAction":[{"@type":"ReadAction","target":["https:\/\/www.orynycz.com\/pl\/polityka\/prywatnosc\/"]}],"accessibilityFeature":["tableOfContents"]},{"@type":"BreadcrumbList","@id":"https:\/\/www.orynycz.com\/pl\/polityka\/prywatnosc\/#breadcrumb","itemListElement":[{"@type":"ListItem","position":1,"name":"Strona g\u0142\u00f3wna","item":"https:\/\/www.orynycz.com\/pl\/"},{"@type":"ListItem","position":2,"name":"Polityka","item":"https:\/\/www.orynycz.com\/pl\/policy\/"},{"@type":"ListItem","position":3,"name":"Prywatno\u015b\u0107"}]},{"@type":"WebSite","@id":"https:\/\/www.orynycz.com\/pl\/#website","url":"https:\/\/www.orynycz.com\/pl\/","name":"Orynycz.com","description":"Naukowiec. In\u017cynier AI. Lingwista.","publisher":{"@id":"https:\/\/www.orynycz.com\/#organization"},"alternateName":"\u041e\u0440\u0438\u043d\u0438\u0447.com","potentialAction":[{"@type":"SearchAction","target":{"@type":"EntryPoint","urlTemplate":"https:\/\/www.orynycz.com\/pl\/?s={search_term_string}"},"query-input":{"@type":"PropertyValueSpecification","valueRequired":true,"valueName":"search_term_string"}}],"inLanguage":"pl-PL"},{"@type":"Organization","@id":"https:\/\/www.orynycz.com\/#organization","name":"orynycz.com","alternateName":"\u041e\u0440\u0438\u043d\u0438\u0447.com","url":"https:\/\/www.orynycz.com\/pl\/","logo":{"@type":"ImageObject","inLanguage":"pl-PL","@id":"https:\/\/www.orynycz.com\/pl\/#\/schema\/logo\/image\/","url":"https:\/\/www.orynycz.com\/wp-content\/uploads\/2025\/12\/logo-1.jpg","contentUrl":"https:\/\/www.orynycz.com\/wp-content\/uploads\/2025\/12\/logo-1.jpg","width":512,"height":512,"caption":"orynycz.com"},"image":{"@id":"https:\/\/www.orynycz.com\/pl\/#\/schema\/logo\/image\/"},"sameAs":["https:\/\/www.facebook.com\/orynycz"],"publishingPrinciples":"https:\/\/www.orynycz.com\/pl\/polityka\/","ownershipFundingInfo":"https:\/\/www.orynycz.com\/pl\/polityka\/","actionableFeedbackPolicy":"https:\/\/www.orynycz.com\/pl\/polityka\/","correctionsPolicy":"https:\/\/www.orynycz.com\/pl\/polityka\/","ethicsPolicy":"https:\/\/www.orynycz.com\/pl\/polityka\/","diversityPolicy":"https:\/\/www.orynycz.com\/pl\/polityka\/","diversityStaffingReport":"https:\/\/www.orynycz.com\/pl\/polityka\/"}]}},"_links":{"self":[{"href":"https:\/\/www.orynycz.com\/pl\/wp-json\/wp\/v2\/pages\/10254","targetHints":{"allow":["GET"]}}],"collection":[{"href":"https:\/\/www.orynycz.com\/pl\/wp-json\/wp\/v2\/pages"}],"about":[{"href":"https:\/\/www.orynycz.com\/pl\/wp-json\/wp\/v2\/types\/page"}],"author":[{"embeddable":true,"href":"https:\/\/www.orynycz.com\/pl\/wp-json\/wp\/v2\/users\/2"}],"replies":[{"embeddable":true,"href":"https:\/\/www.orynycz.com\/pl\/wp-json\/wp\/v2\/comments?post=10254"}],"version-history":[{"count":4,"href":"https:\/\/www.orynycz.com\/pl\/wp-json\/wp\/v2\/pages\/10254\/revisions"}],"predecessor-version":[{"id":13504,"href":"https:\/\/www.orynycz.com\/pl\/wp-json\/wp\/v2\/pages\/10254\/revisions\/13504"}],"up":[{"embeddable":true,"href":"https:\/\/www.orynycz.com\/pl\/wp-json\/wp\/v2\/pages\/10234"}],"wp:attachment":[{"href":"https:\/\/www.orynycz.com\/pl\/wp-json\/wp\/v2\/media?parent=10254"}],"curies":[{"name":"wp","href":"https:\/\/api.w.org\/{rel}","templated":true}]}}