{"id":8910,"date":"2025-08-18T06:35:19","date_gmt":"2025-08-18T06:35:19","guid":{"rendered":"https:\/\/www.orynycz.com\/feketelista\/"},"modified":"2026-03-25T06:28:44","modified_gmt":"2026-03-25T06:28:44","slug":"feketelista","status":"publish","type":"page","link":"https:\/\/www.orynycz.com\/hu\/szabalyzatok\/feketelista\/","title":{"rendered":"Korl\u00e1tozott joghat\u00f3s\u00e1gok"},"content":{"rendered":"\n<p>Sajnos jelenleg nem tudjuk kiszolg\u00e1lni azokat a felhaszn\u00e1l\u00f3kat, akik a k\u00f6vetkez\u0151 joghat\u00f3s\u00e1gok ter\u00fclet\u00e9n tart\u00f3zkodnak, onnan f\u00e9rnek hozz\u00e1 szolg\u00e1ltat\u00e1sainkhoz, vagy ottani szem\u00e9lyeknek vagy entit\u00e1soknak dolgoznak:<\/p>\n\n<p>Afganiszt\u00e1n<br\/>Feh\u00e9roroszorsz\u00e1g<br\/>K\u00f6z\u00e9p-afrikai K\u00f6zt\u00e1rsas\u00e1g<br\/>Kr\u00edmi Auton\u00f3m K\u00f6zt\u00e1rsas\u00e1g<br\/>Kuba<br\/>Kong\u00f3i Demokratikus K\u00f6zt\u00e1rsas\u00e1g<br\/>Donyecki N\u00e9pk\u00f6zt\u00e1rsas\u00e1g<br\/>Ir\u00e1n<br\/>Irak<br\/>L\u00edbia<br\/>Luhanszki N\u00e9pk\u00f6zt\u00e1rsas\u00e1g<br\/>Mianmar (Burma)<br\/>\u00c9szak-Korea<br\/>Oroszorsz\u00e1g<br\/>Szom\u00e1lia<br\/>D\u00e9l-Szud\u00e1n<br\/>Szud\u00e1n<br\/><s>Sz\u00edria<\/s><br\/>Transznisztria<br\/>Venezuela<br\/>Jemen<\/p>\n","protected":false},"excerpt":{"rendered":"<p>Sajnos jelenleg nem tudjuk kiszolg\u00e1lni azokat a felhaszn\u00e1l\u00f3kat, akik a k\u00f6vetkez\u0151 joghat\u00f3s\u00e1gok ter\u00fclet\u00e9n tart\u00f3zkodnak, onnan f\u00e9rnek hozz\u00e1 szolg\u00e1ltat\u00e1sainkhoz, vagy ottani szem\u00e9lyeknek vagy entit\u00e1soknak dolgoznak: Afganiszt\u00e1nFeh\u00e9roroszorsz\u00e1gK\u00f6z\u00e9p-afrikai K\u00f6zt\u00e1rsas\u00e1gKr\u00edmi Auton\u00f3m K\u00f6zt\u00e1rsas\u00e1gKubaKong\u00f3i Demokratikus K\u00f6zt\u00e1rsas\u00e1gDonyecki N\u00e9pk\u00f6zt\u00e1rsas\u00e1gIr\u00e1nIrakL\u00edbiaLuhanszki N\u00e9pk\u00f6zt\u00e1rsas\u00e1gMianmar (Burma)\u00c9szak-KoreaOroszorsz\u00e1gSzom\u00e1liaD\u00e9l-Szud\u00e1nSzud\u00e1nSz\u00edriaTransznisztriaVenezuelaJemen<\/p>\n","protected":false},"author":2,"featured_media":0,"parent":10236,"menu_order":0,"comment_status":"closed","ping_status":"closed","template":"","meta":{"inline_featured_image":false,"footnotes":""},"class_list":["post-8910","page","type-page","status-publish","hentry"],"yoast_head":"<!-- This site is optimized with the Yoast SEO Premium plugin v27.3 (Yoast SEO v27.4) - https:\/\/yoast.com\/product\/yoast-seo-premium-wordpress\/ -->\n<title>Korl\u00e1tozott joghat\u00f3s\u00e1gok | Orynycz Petro<\/title>\n<meta name=\"robots\" content=\"index, follow, max-snippet:-1, max-image-preview:large, max-video-preview:-1\" \/>\n<link rel=\"canonical\" href=\"https:\/\/www.orynycz.com\/hu\/szabalyzatok\/feketelista\/\" \/>\n<meta property=\"og:locale\" content=\"hu_HU\" \/>\n<meta property=\"og:type\" content=\"article\" \/>\n<meta property=\"og:title\" content=\"Korl\u00e1tozott joghat\u00f3s\u00e1gok\" \/>\n<meta property=\"og:description\" content=\"Sajnos jelenleg nem tudjuk kiszolg\u00e1lni azokat a felhaszn\u00e1l\u00f3kat, akik a k\u00f6vetkez\u0151 joghat\u00f3s\u00e1gok ter\u00fclet\u00e9n tart\u00f3zkodnak, onnan f\u00e9rnek hozz\u00e1 szolg\u00e1ltat\u00e1sainkhoz, vagy ottani szem\u00e9lyeknek vagy entit\u00e1soknak dolgoznak: Afganiszt\u00e1nFeh\u00e9roroszorsz\u00e1gK\u00f6z\u00e9p-afrikai K\u00f6zt\u00e1rsas\u00e1gKr\u00edmi Auton\u00f3m K\u00f6zt\u00e1rsas\u00e1gKubaKong\u00f3i Demokratikus K\u00f6zt\u00e1rsas\u00e1gDonyecki N\u00e9pk\u00f6zt\u00e1rsas\u00e1gIr\u00e1nIrakL\u00edbiaLuhanszki N\u00e9pk\u00f6zt\u00e1rsas\u00e1gMianmar (Burma)\u00c9szak-KoreaOroszorsz\u00e1gSzom\u00e1liaD\u00e9l-Szud\u00e1nSzud\u00e1nSz\u00edriaTransznisztriaVenezuelaJemen\" \/>\n<meta property=\"og:url\" content=\"https:\/\/www.orynycz.com\/hu\/szabalyzatok\/feketelista\/\" \/>\n<meta property=\"og:site_name\" content=\"Orynycz Petro\" \/>\n<meta property=\"article:publisher\" content=\"https:\/\/www.facebook.com\/orynycz\" \/>\n<meta property=\"article:modified_time\" content=\"2026-03-25T06:28:44+00:00\" \/>\n<meta name=\"twitter:card\" content=\"summary_large_image\" \/>\n<script type=\"application\/ld+json\" class=\"yoast-schema-graph\">{\"@context\":\"https:\\\/\\\/schema.org\",\"@graph\":[{\"@type\":\"WebPage\",\"@id\":\"https:\\\/\\\/www.orynycz.com\\\/hu\\\/szabalyzatok\\\/feketelista\\\/\",\"url\":\"https:\\\/\\\/www.orynycz.com\\\/hu\\\/szabalyzatok\\\/feketelista\\\/\",\"name\":\"Korl\u00e1tozott joghat\u00f3s\u00e1gok | Orynycz Petro\",\"isPartOf\":{\"@id\":\"https:\\\/\\\/www.orynycz.com\\\/hu\\\/#website\"},\"datePublished\":\"2025-08-18T06:35:19+00:00\",\"dateModified\":\"2026-03-25T06:28:44+00:00\",\"breadcrumb\":{\"@id\":\"https:\\\/\\\/www.orynycz.com\\\/hu\\\/szabalyzatok\\\/feketelista\\\/#breadcrumb\"},\"inLanguage\":\"hu-HU\",\"potentialAction\":[{\"@type\":\"ReadAction\",\"target\":[\"https:\\\/\\\/www.orynycz.com\\\/hu\\\/szabalyzatok\\\/feketelista\\\/\"]}]},{\"@type\":\"BreadcrumbList\",\"@id\":\"https:\\\/\\\/www.orynycz.com\\\/hu\\\/szabalyzatok\\\/feketelista\\\/#breadcrumb\",\"itemListElement\":[{\"@type\":\"ListItem\",\"position\":1,\"name\":\"Kezd\u0151lap\",\"item\":\"https:\\\/\\\/www.orynycz.com\\\/hu\\\/\"},{\"@type\":\"ListItem\",\"position\":2,\"name\":\"Szab\u00e1lyzatok\",\"item\":\"https:\\\/\\\/www.orynycz.com\\\/hu\\\/szabalyzatok\\\/\"},{\"@type\":\"ListItem\",\"position\":3,\"name\":\"Feketelista\"}]},{\"@type\":\"WebSite\",\"@id\":\"https:\\\/\\\/www.orynycz.com\\\/hu\\\/#website\",\"url\":\"https:\\\/\\\/www.orynycz.com\\\/hu\\\/\",\"name\":\"Orynycz.com\",\"description\":\"Tud\u00f3s. MI m\u00e9rn\u00f6k. Nyelv\u00e9sz.\",\"publisher\":{\"@id\":\"https:\\\/\\\/www.orynycz.com\\\/#organization\"},\"alternateName\":\"\u041e\u0440\u0438\u043d\u0438\u0447.com\",\"potentialAction\":[{\"@type\":\"SearchAction\",\"target\":{\"@type\":\"EntryPoint\",\"urlTemplate\":\"https:\\\/\\\/www.orynycz.com\\\/hu\\\/?s={search_term_string}\"},\"query-input\":{\"@type\":\"PropertyValueSpecification\",\"valueRequired\":true,\"valueName\":\"search_term_string\"}}],\"inLanguage\":\"hu-HU\"},{\"@type\":\"Organization\",\"@id\":\"https:\\\/\\\/www.orynycz.com\\\/#organization\",\"name\":\"orynycz.com\",\"alternateName\":\"\u041e\u0440\u0438\u043d\u0438\u0447.com\",\"url\":\"https:\\\/\\\/www.orynycz.com\\\/hu\\\/\",\"logo\":{\"@type\":\"ImageObject\",\"inLanguage\":\"hu-HU\",\"@id\":\"https:\\\/\\\/www.orynycz.com\\\/hu\\\/#\\\/schema\\\/logo\\\/image\\\/\",\"url\":\"https:\\\/\\\/www.orynycz.com\\\/wp-content\\\/uploads\\\/2025\\\/12\\\/logo-1.jpg\",\"contentUrl\":\"https:\\\/\\\/www.orynycz.com\\\/wp-content\\\/uploads\\\/2025\\\/12\\\/logo-1.jpg\",\"width\":512,\"height\":512,\"caption\":\"orynycz.com\"},\"image\":{\"@id\":\"https:\\\/\\\/www.orynycz.com\\\/hu\\\/#\\\/schema\\\/logo\\\/image\\\/\"},\"sameAs\":[\"https:\\\/\\\/www.facebook.com\\\/orynycz\"],\"publishingPrinciples\":\"https:\\\/\\\/www.orynycz.com\\\/hu\\\/szabalyzatok\\\/\",\"ownershipFundingInfo\":\"https:\\\/\\\/www.orynycz.com\\\/hu\\\/szabalyzatok\\\/\",\"actionableFeedbackPolicy\":\"https:\\\/\\\/www.orynycz.com\\\/hu\\\/szabalyzatok\\\/\",\"correctionsPolicy\":\"https:\\\/\\\/www.orynycz.com\\\/hu\\\/szabalyzatok\\\/\",\"ethicsPolicy\":\"https:\\\/\\\/www.orynycz.com\\\/hu\\\/szabalyzatok\\\/\",\"diversityPolicy\":\"https:\\\/\\\/www.orynycz.com\\\/hu\\\/szabalyzatok\\\/\",\"diversityStaffingReport\":\"https:\\\/\\\/www.orynycz.com\\\/hu\\\/szabalyzatok\\\/\"}]}<\/script>\n<!-- \/ Yoast SEO Premium plugin. -->","yoast_head_json":{"title":"Korl\u00e1tozott joghat\u00f3s\u00e1gok | Orynycz Petro","robots":{"index":"index","follow":"follow","max-snippet":"max-snippet:-1","max-image-preview":"max-image-preview:large","max-video-preview":"max-video-preview:-1"},"canonical":"https:\/\/www.orynycz.com\/hu\/szabalyzatok\/feketelista\/","og_locale":"hu_HU","og_type":"article","og_title":"Korl\u00e1tozott joghat\u00f3s\u00e1gok","og_description":"Sajnos jelenleg nem tudjuk kiszolg\u00e1lni azokat a felhaszn\u00e1l\u00f3kat, akik a k\u00f6vetkez\u0151 joghat\u00f3s\u00e1gok ter\u00fclet\u00e9n tart\u00f3zkodnak, onnan f\u00e9rnek hozz\u00e1 szolg\u00e1ltat\u00e1sainkhoz, vagy ottani szem\u00e9lyeknek vagy entit\u00e1soknak dolgoznak: Afganiszt\u00e1nFeh\u00e9roroszorsz\u00e1gK\u00f6z\u00e9p-afrikai K\u00f6zt\u00e1rsas\u00e1gKr\u00edmi Auton\u00f3m K\u00f6zt\u00e1rsas\u00e1gKubaKong\u00f3i Demokratikus K\u00f6zt\u00e1rsas\u00e1gDonyecki N\u00e9pk\u00f6zt\u00e1rsas\u00e1gIr\u00e1nIrakL\u00edbiaLuhanszki N\u00e9pk\u00f6zt\u00e1rsas\u00e1gMianmar (Burma)\u00c9szak-KoreaOroszorsz\u00e1gSzom\u00e1liaD\u00e9l-Szud\u00e1nSzud\u00e1nSz\u00edriaTransznisztriaVenezuelaJemen","og_url":"https:\/\/www.orynycz.com\/hu\/szabalyzatok\/feketelista\/","og_site_name":"Orynycz Petro","article_publisher":"https:\/\/www.facebook.com\/orynycz","article_modified_time":"2026-03-25T06:28:44+00:00","twitter_card":"summary_large_image","schema":{"@context":"https:\/\/schema.org","@graph":[{"@type":"WebPage","@id":"https:\/\/www.orynycz.com\/hu\/szabalyzatok\/feketelista\/","url":"https:\/\/www.orynycz.com\/hu\/szabalyzatok\/feketelista\/","name":"Korl\u00e1tozott joghat\u00f3s\u00e1gok | Orynycz Petro","isPartOf":{"@id":"https:\/\/www.orynycz.com\/hu\/#website"},"datePublished":"2025-08-18T06:35:19+00:00","dateModified":"2026-03-25T06:28:44+00:00","breadcrumb":{"@id":"https:\/\/www.orynycz.com\/hu\/szabalyzatok\/feketelista\/#breadcrumb"},"inLanguage":"hu-HU","potentialAction":[{"@type":"ReadAction","target":["https:\/\/www.orynycz.com\/hu\/szabalyzatok\/feketelista\/"]}]},{"@type":"BreadcrumbList","@id":"https:\/\/www.orynycz.com\/hu\/szabalyzatok\/feketelista\/#breadcrumb","itemListElement":[{"@type":"ListItem","position":1,"name":"Kezd\u0151lap","item":"https:\/\/www.orynycz.com\/hu\/"},{"@type":"ListItem","position":2,"name":"Szab\u00e1lyzatok","item":"https:\/\/www.orynycz.com\/hu\/szabalyzatok\/"},{"@type":"ListItem","position":3,"name":"Feketelista"}]},{"@type":"WebSite","@id":"https:\/\/www.orynycz.com\/hu\/#website","url":"https:\/\/www.orynycz.com\/hu\/","name":"Orynycz.com","description":"Tud\u00f3s. MI m\u00e9rn\u00f6k. Nyelv\u00e9sz.","publisher":{"@id":"https:\/\/www.orynycz.com\/#organization"},"alternateName":"\u041e\u0440\u0438\u043d\u0438\u0447.com","potentialAction":[{"@type":"SearchAction","target":{"@type":"EntryPoint","urlTemplate":"https:\/\/www.orynycz.com\/hu\/?s={search_term_string}"},"query-input":{"@type":"PropertyValueSpecification","valueRequired":true,"valueName":"search_term_string"}}],"inLanguage":"hu-HU"},{"@type":"Organization","@id":"https:\/\/www.orynycz.com\/#organization","name":"orynycz.com","alternateName":"\u041e\u0440\u0438\u043d\u0438\u0447.com","url":"https:\/\/www.orynycz.com\/hu\/","logo":{"@type":"ImageObject","inLanguage":"hu-HU","@id":"https:\/\/www.orynycz.com\/hu\/#\/schema\/logo\/image\/","url":"https:\/\/www.orynycz.com\/wp-content\/uploads\/2025\/12\/logo-1.jpg","contentUrl":"https:\/\/www.orynycz.com\/wp-content\/uploads\/2025\/12\/logo-1.jpg","width":512,"height":512,"caption":"orynycz.com"},"image":{"@id":"https:\/\/www.orynycz.com\/hu\/#\/schema\/logo\/image\/"},"sameAs":["https:\/\/www.facebook.com\/orynycz"],"publishingPrinciples":"https:\/\/www.orynycz.com\/hu\/szabalyzatok\/","ownershipFundingInfo":"https:\/\/www.orynycz.com\/hu\/szabalyzatok\/","actionableFeedbackPolicy":"https:\/\/www.orynycz.com\/hu\/szabalyzatok\/","correctionsPolicy":"https:\/\/www.orynycz.com\/hu\/szabalyzatok\/","ethicsPolicy":"https:\/\/www.orynycz.com\/hu\/szabalyzatok\/","diversityPolicy":"https:\/\/www.orynycz.com\/hu\/szabalyzatok\/","diversityStaffingReport":"https:\/\/www.orynycz.com\/hu\/szabalyzatok\/"}]}},"_links":{"self":[{"href":"https:\/\/www.orynycz.com\/hu\/wp-json\/wp\/v2\/pages\/8910","targetHints":{"allow":["GET"]}}],"collection":[{"href":"https:\/\/www.orynycz.com\/hu\/wp-json\/wp\/v2\/pages"}],"about":[{"href":"https:\/\/www.orynycz.com\/hu\/wp-json\/wp\/v2\/types\/page"}],"author":[{"embeddable":true,"href":"https:\/\/www.orynycz.com\/hu\/wp-json\/wp\/v2\/users\/2"}],"replies":[{"embeddable":true,"href":"https:\/\/www.orynycz.com\/hu\/wp-json\/wp\/v2\/comments?post=8910"}],"version-history":[{"count":18,"href":"https:\/\/www.orynycz.com\/hu\/wp-json\/wp\/v2\/pages\/8910\/revisions"}],"predecessor-version":[{"id":13499,"href":"https:\/\/www.orynycz.com\/hu\/wp-json\/wp\/v2\/pages\/8910\/revisions\/13499"}],"up":[{"embeddable":true,"href":"https:\/\/www.orynycz.com\/hu\/wp-json\/wp\/v2\/pages\/10236"}],"wp:attachment":[{"href":"https:\/\/www.orynycz.com\/hu\/wp-json\/wp\/v2\/media?parent=8910"}],"curies":[{"name":"wp","href":"https:\/\/api.w.org\/{rel}","templated":true}]}}