{"id":8897,"date":"2025-08-15T08:18:03","date_gmt":"2025-08-15T08:18:03","guid":{"rendered":"https:\/\/www.orynycz.com\/sutiszabalyzat\/"},"modified":"2026-01-23T05:05:25","modified_gmt":"2026-01-23T05:05:25","slug":"sutik","status":"publish","type":"page","link":"https:\/\/www.orynycz.com\/hu\/szabalyzatok\/sutik\/","title":{"rendered":"S\u00fctiszab\u00e1lyzat"},"content":{"rendered":"\n<p>Ez az oldal \u00e1tfog\u00f3 t\u00e1j\u00e9koztat\u00e1st ny\u00fajt arr\u00f3l, hogyan haszn\u00e1lunk s\u00fctiket (cookie-kat) weboldalunkon b\u00f6ng\u00e9sz\u00e9si \u00e9lm\u00e9ny\u00e9nek jav\u00edt\u00e1sa, a weboldal teljes\u00edtm\u00e9ny\u00e9nek n\u00f6vel\u00e9se \u00e9s szem\u00e9lyre szabott tartalom biztos\u00edt\u00e1sa \u00e9rdek\u00e9ben. A s\u00fctik kis sz\u00f6veges f\u00e1jlok, amelyek az \u00d6n eszk\u00f6z\u00e9n t\u00e1rol\u00f3dnak, amikor megl\u00e1togatja oldalunkat. Seg\u00edtenek meg\u00e9rteni, hogyan l\u00e9pnek kapcsolatba a l\u00e1togat\u00f3k weboldalunkkal, lehet\u0151v\u00e9 t\u00e9ve sz\u00e1munkra, hogy g\u00f6rd\u00fcl\u00e9kenyebb \u00e9s hat\u00e9konyabb felhaszn\u00e1l\u00f3i \u00e9lm\u00e9nyt ny\u00fajtsunk. Az al\u00e1bbi t\u00e1bl\u00e1zatban r\u00e9szletes inform\u00e1ci\u00f3kat tal\u00e1l az \u00e1ltalunk haszn\u00e1lt s\u00fctik t\u00edpusair\u00f3l, c\u00e9ljukr\u00f3l, valamint arr\u00f3l, hogy mennyi ideig maradnak az \u00d6n eszk\u00f6z\u00e9n. Elk\u00f6telezettek vagyunk az \u00d6n adatainak tiszteletben tart\u00e1sa \u00e9s a s\u00fctik seg\u00edts\u00e9g\u00e9vel gy\u0171jt\u00f6tt adatok \u00e1tl\u00e1that\u00f3 kezel\u00e9se ir\u00e1nt. Tov\u00e1bbi inform\u00e1ci\u00f3k\u00e9rt arr\u00f3l, hogyan kezelj\u00fck szem\u00e9lyes adatait, k\u00e9rj\u00fck, tekintse meg <a href=\"https:\/\/www.orynycz.com\/hu\/jog\/adatvedelem\/\" type=\"page\" id=\"10252\">Adatv\u00e9delmi szab\u00e1lyzatunkat<\/a>.<\/p>\n\n\n\n<h2 class=\"wp-block-heading\" id=\"h-alapveto\">Alapvet\u0151<\/h2>\n\n\n\n<p>Az alapvet\u0151 s\u00fctik alapvet\u0151 funkci\u00f3kat tesznek lehet\u0151v\u00e9, \u00e9s sz\u00fcks\u00e9gesek a weboldal megfelel\u0151 m\u0171k\u00f6d\u00e9s\u00e9hez.<\/p>\n\n\n\n<figure class=\"wp-block-table\"><table class=\"has-fixed-layout\"><tbody><tr><th>S\u00fcti azonos\u00edt\u00f3<\/th><th>C\u00e9l<\/th><th>Id\u0151tartam<\/th><\/tr><tr><td>wpconsent_preferences<\/td><td>Ez a s\u00fcti a felhaszn\u00e1l\u00f3 s\u00fcti hozz\u00e1j\u00e1rul\u00e1si preferenci\u00e1inak t\u00e1rol\u00e1s\u00e1ra szolg\u00e1l.<\/td><td>30 nap<\/td><\/tr><\/tbody><\/table><\/figure>\n\n\n\n<h3 class=\"wp-block-heading\" id=\"h-megjegyzesek\">Megjegyz\u00e9sek<\/h3>\n\n\n\n<p>Ezek a s\u00fctik a weboldalon t\u00f6rt\u00e9n\u0151 hozz\u00e1sz\u00f3l\u00e1sok hozz\u00e1ad\u00e1s\u00e1hoz sz\u00fcks\u00e9gesek.<\/p>\n\n\n\n<figure class=\"wp-block-table\"><table class=\"has-fixed-layout\"><tbody><tr><th>S\u00fcti azonos\u00edt\u00f3<\/th><th>C\u00e9l<\/th><th>Id\u0151tartam<\/th><\/tr><tr><td>comment_author<\/td><td>A felhaszn\u00e1l\u00f3 t\u00f6bb munkameneten kereszt\u00fcli nyomon k\u00f6vet\u00e9s\u00e9re szolg\u00e1l.<\/td><td>Munkamenet<\/td><\/tr><tr><td>comment_author_email<\/td><td>A felhaszn\u00e1l\u00f3 t\u00f6bb munkameneten kereszt\u00fcli nyomon k\u00f6vet\u00e9s\u00e9re szolg\u00e1l.<\/td><td>Munkamenet<\/td><\/tr><tr><td>comment_author_url<\/td><td>A felhaszn\u00e1l\u00f3 t\u00f6bb munkameneten kereszt\u00fcli nyomon k\u00f6vet\u00e9s\u00e9re szolg\u00e1l.<\/td><td>Munkamenet<\/td><\/tr><\/tbody><\/table><\/figure>\n\n\n\n<h3 class=\"wp-block-heading\" id=\"h-google-recaptcha\">Google reCAPTCHA<\/h3>\n\n\n\n<p>A Google reCAPTCHA seg\u00edt megv\u00e9deni a weboldalakat a spamt\u0151l \u00e9s a vissza\u00e9l\u00e9sekt\u0151l az\u00e1ltal, hogy kih\u00edv\u00e1sokon kereszt\u00fcl ellen\u0151rzi a felhaszn\u00e1l\u00f3i interakci\u00f3kat.<\/p>\n\n\n\n<figure class=\"wp-block-table\"><table class=\"has-fixed-layout\"><tbody><tr><th>S\u00fcti azonos\u00edt\u00f3<\/th><th>C\u00e9l<\/th><th>Id\u0151tartam<\/th><\/tr><tr><td>_GRECAPTCHA<\/td><td>A Google reCAPTCHA egy sz\u00fcks\u00e9ges s\u00fctit (_GRECAPTCHA) \u00e1ll\u00edt be a v\u00e9grehajt\u00e1sakor, kock\u00e1zatelemz\u00e9s c\u00e9lj\u00e1b\u00f3l.<\/td><td>179 nap<\/td><\/tr><\/tbody><\/table><\/figure>\n\n\n\n<h3 class=\"wp-block-heading\" id=\"h-bejelentkezes\">Bejelentkez\u00e9s<\/h3>\n\n\n\n<p>Ezek a s\u00fctik a weboldalon tal\u00e1lhat\u00f3 bejelentkez\u00e9si funkci\u00f3 kezel\u00e9s\u00e9re szolg\u00e1lnak.<\/p>\n\n\n\n<figure class=\"wp-block-table\"><table class=\"has-fixed-layout\"><tbody><tr><th>S\u00fcti azonos\u00edt\u00f3<\/th><th>C\u00e9l<\/th><th>Id\u0151tartam<\/th><\/tr><tr><td>wordpress_logged_in<\/td><td>Bejelentkezett felhaszn\u00e1l\u00f3k t\u00e1rol\u00e1s\u00e1ra szolg\u00e1l.<\/td><td>\u00c1lland\u00f3<\/td><\/tr><tr><td>wordpress_sec<\/td><td>A felhaszn\u00e1l\u00f3 t\u00f6bb munkameneten kereszt\u00fcli nyomon k\u00f6vet\u00e9s\u00e9re szolg\u00e1l.<\/td><td>15 nap<\/td><\/tr><tr><td>wordpress_test_cookie<\/td><td>Annak meg\u00e1llap\u00edt\u00e1s\u00e1ra szolg\u00e1l, hogy enged\u00e9lyezettek-e a s\u00fctik.<\/td><td>Munkamenet<\/td><\/tr><\/tbody><\/table><\/figure>\n\n\n\n<h2 class=\"wp-block-heading\" id=\"h-statisztika\">Statisztika<\/h2>\n\n\n\n<p>A statisztikai s\u00fctik anonim m\u00f3don gy\u0171jtenek inform\u00e1ci\u00f3kat. Ez az inform\u00e1ci\u00f3 seg\u00edt meg\u00e9rteni, hogyan haszn\u00e1lj\u00e1k a l\u00e1togat\u00f3k a weboldalunkat. <\/p>\n\n\n\n<h3 class=\"wp-block-heading\" id=\"h-google-analytics\">Google Analytics<\/h3>\n\n\n\n<p>A Google Analytics egy hat\u00e9kony eszk\u00f6z, amely nyomon k\u00f6veti \u00e9s elemzi a weboldal forgalm\u00e1t a megalapozott marketingd\u00f6nt\u00e9sekhez. <a href=\"https:\/\/policies.google.com\/privacy?hl=hu\" rel=\"nofollow\">Tudjon meg t\u00f6bbet<\/a><\/p>\n\n\n\n<figure class=\"wp-block-table\"><table class=\"has-fixed-layout\"><tbody><tr><th>S\u00fcti azonos\u00edt\u00f3<\/th><th>C\u00e9l<\/th><th>Id\u0151tartam<\/th><\/tr><tr><td>_gac_<\/td><td>A felhaszn\u00e1l\u00f3 marketingkamp\u00e1nyaival kapcsolatos inform\u00e1ci\u00f3kat tartalmaz. Ezek megoszt\u00e1sra ker\u00fclnek a Google AdWords \/ Google Ads szolg\u00e1ltat\u00e1ssal, amikor a Google Ads \u00e9s a Google Analytics fi\u00f3kok \u00f6ssze vannak kapcsolva. <\/td><td>90 nap<\/td><\/tr><tr><td>__utma<\/td><td>Felhaszn\u00e1l\u00f3k \u00e9s munkamenetek azonos\u00edt\u00e1s\u00e1ra haszn\u00e1lt azonos\u00edt\u00f3<\/td><td>2 \u00e9vvel az utols\u00f3 tev\u00e9kenys\u00e9g ut\u00e1n<\/td><\/tr><tr><td>__utmt<\/td><td>A Google Analytics szerverk\u00e9relmek sz\u00e1m\u00e1nak ellen\u0151rz\u00e9s\u00e9re szolg\u00e1l.<\/td><td>10 perc<\/td><\/tr><tr><td>__utmb<\/td><td>\u00daj munkamenetek \u00e9s l\u00e1togat\u00e1sok megk\u00fcl\u00f6nb\u00f6ztet\u00e9s\u00e9re szolg\u00e1l. Ez a s\u00fcti akkor ker\u00fcl be\u00e1ll\u00edt\u00e1sra, amikor a GA.js javascript k\u00f6nyvt\u00e1r bet\u00f6lt\u0151dik, \u00e9s nincs megl\u00e9v\u0151 __utmb s\u00fcti. A s\u00fcti minden alkalommal friss\u00fcl, amikor adatot k\u00fcldenek a Google Analytics szerverre.  <\/td><td>30 perccel az utols\u00f3 tev\u00e9kenys\u00e9g ut\u00e1n<\/td><\/tr><tr><td>__utmc<\/td><td>Csak a Google Analytics r\u00e9gi Urchin verzi\u00f3ival haszn\u00e1latos, nem a GA.js-sel. A munkamenet v\u00e9g\u00e9n az \u00faj munkamenetek \u00e9s l\u00e1togat\u00e1sok megk\u00fcl\u00f6nb\u00f6ztet\u00e9s\u00e9re szolg\u00e1lt. <\/td><td>Munkamenet v\u00e9ge (b\u00f6ng\u00e9sz\u0151)<\/td><\/tr><tr><td>__utmz<\/td><td>Inform\u00e1ci\u00f3kat tartalmaz arr\u00f3l a forgalmi forr\u00e1sr\u00f3l vagy kamp\u00e1nyr\u00f3l, amely a felhaszn\u00e1l\u00f3t a weboldalra ir\u00e1ny\u00edtotta. A s\u00fcti akkor ker\u00fcl be\u00e1ll\u00edt\u00e1sra, amikor a GA.js javascript bet\u00f6lt\u0151dik, \u00e9s friss\u00fcl, amikor adatot k\u00fcldenek a Google Analytics szerverre. <\/td><td>6 h\u00f3nappal az utols\u00f3 tev\u00e9kenys\u00e9g ut\u00e1n<\/td><\/tr><tr><td>__utmv<\/td><td>A webfejleszt\u0151 \u00e1ltal a Google Analytics _setCustomVar met\u00f3dus\u00e1n kereszt\u00fcl be\u00e1ll\u00edtott egy\u00e9ni inform\u00e1ci\u00f3kat tartalmaz. Ez a s\u00fcti minden alkalommal friss\u00fcl, amikor \u00faj adatot k\u00fcldenek a Google Analytics szerverre. <\/td><td>2 \u00e9vvel az utols\u00f3 tev\u00e9kenys\u00e9g ut\u00e1n<\/td><\/tr><tr><td>__utmx<\/td><td>Annak meg\u00e1llap\u00edt\u00e1s\u00e1ra szolg\u00e1l, hogy egy felhaszn\u00e1l\u00f3 r\u00e9szt vesz-e egy A\/B vagy t\u00f6bbv\u00e1ltoz\u00f3s tesztben.<\/td><td>18 h\u00f3nap<\/td><\/tr><tr><td>_ga<\/td><td>Felhaszn\u00e1l\u00f3k azonos\u00edt\u00e1s\u00e1ra haszn\u00e1lt azonos\u00edt\u00f3<\/td><td>2 \u00e9v<\/td><\/tr><tr><td>_gali<\/td><td>A Google Analytics haszn\u00e1lja annak meg\u00e1llap\u00edt\u00e1s\u00e1ra, hogy mely linkekre kattintanak egy oldalon.<\/td><td>30 m\u00e1sodperc<\/td><\/tr><tr><td>_ga_<\/td><td>Felhaszn\u00e1l\u00f3k azonos\u00edt\u00e1s\u00e1ra haszn\u00e1lt azonos\u00edt\u00f3<\/td><td>2 \u00e9v<\/td><\/tr><tr><td>_gid<\/td><td>Felhaszn\u00e1l\u00f3k azonos\u00edt\u00e1s\u00e1ra haszn\u00e1lt azonos\u00edt\u00f3 az utols\u00f3 tev\u00e9kenys\u00e9g ut\u00e1n 24 \u00f3r\u00e1ig<\/td><td>24 \u00f3ra<\/td><\/tr><tr><td>_gat<\/td><td>A Google Analytics szerverk\u00e9relmek sz\u00e1m\u00e1nak ellen\u0151rz\u00e9s\u00e9re szolg\u00e1l a Google C\u00edmkekezel\u0151 haszn\u00e1latakor.<\/td><td>1 perc<\/td><\/tr><\/tbody><\/table><\/figure>\n\n\n\n<h2 class=\"wp-block-heading\" id=\"h-marketing\">Marketing<\/h2>\n\n\n\n<p>A marketing s\u00fctiket arra haszn\u00e1ljuk, hogy k\u00f6vess\u00fck a l\u00e1togat\u00f3kat a weboldalakon. A c\u00e9l az, hogy olyan hirdet\u00e9seket jelen\u00edts\u00fcnk meg, amelyek relev\u00e1nsak \u00e9s \u00e9rdekesek az egy\u00e9ni felhaszn\u00e1l\u00f3 sz\u00e1m\u00e1ra. <\/p>\n\n\n\n<h3 class=\"wp-block-heading\" id=\"h-x-korabban-twitter-pixel\">X (kor\u00e1bban Twitter) Pixel<\/h3>\n\n\n\n<p>Az X Pixel lehet\u0151v\u00e9 teszi a v\u00e1llalkoz\u00e1sok sz\u00e1m\u00e1ra, hogy hat\u00e9konyan nyomon k\u00f6vess\u00e9k a felhaszn\u00e1l\u00f3i interakci\u00f3kat \u00e9s optimaliz\u00e1lj\u00e1k a hirdet\u00e9si teljes\u00edtm\u00e9nyt az X platformon. <a href=\"https:\/\/x.com\/hu\/privacy\" rel=\"nofollow\">Tudjon meg t\u00f6bbet<\/a><\/p>\n\n\n\n<figure class=\"wp-block-table\"><table class=\"has-fixed-layout\"><tbody><tr><th>S\u00fcti azonos\u00edt\u00f3<\/th><th>C\u00e9l<\/th><th>Id\u0151tartam<\/th><\/tr><tr><td>guest_id<\/td><td>Ezt a s\u00fctit az X \u00e1ll\u00edtja be a weboldal l\u00e1togat\u00f3j\u00e1nak azonos\u00edt\u00e1s\u00e1ra \u00e9s nyomon k\u00f6vet\u00e9s\u00e9re. Regisztr\u00e1lja, ha egy felhaszn\u00e1l\u00f3 be van jelentkezve az X platformra, \u00e9s inform\u00e1ci\u00f3kat gy\u0171jt a hirdet\u00e9si preferenci\u00e1kr\u00f3l. <\/td><td>2 \u00e9v<\/td><\/tr><tr><td>personalization_id<\/td><td>Egyedi \u00e9rt\u00e9k, amellyel a felhaszn\u00e1l\u00f3k azonos\u00edthat\u00f3k az X \u00e1ltal. Az \u00f6sszegy\u0171jt\u00f6tt inform\u00e1ci\u00f3k az X szolg\u00e1ltat\u00e1sok szem\u00e9lyre szab\u00e1s\u00e1ra szolg\u00e1lnak, bele\u00e9rtve az X trendeket, t\u00f6rt\u00e9neteket, hirdet\u00e9seket \u00e9s javaslatokat.<\/td><td>2 \u00e9v<\/td><\/tr><tr><td>external_referer<\/td><td>Weboldalunk X gombokat haszn\u00e1l, hogy l\u00e1togat\u00f3ink k\u00f6vethess\u00e9k prom\u00f3ci\u00f3s X h\u00edrfolyamainkat, \u00e9s n\u00e9ha be\u00e1gyazzunk h\u00edrfolyamokat a weboldalunkra.<\/td><td>2 \u00e9v<\/td><\/tr><\/tbody><\/table><\/figure>\n\n\n\n<h3 class=\"wp-block-heading\" id=\"h-youtube\">Youtube<\/h3>\n\n\n\n<p>Egy vide\u00f3megoszt\u00f3 platform, ahol a felhaszn\u00e1l\u00f3k vide\u00f3kat t\u00f6lthetnek fel, n\u00e9zhetnek meg \u00e9s oszthatnak meg k\u00fcl\u00f6nb\u00f6z\u0151 m\u0171fajokban \u00e9s t\u00e9m\u00e1kban. <a href=\"https:\/\/www.youtube.com\/intl\/ALL_hu\/howyoutubeworks\/privacy\/\" rel=\"nofollow\">Tudjon meg t\u00f6bbet<\/a><\/p>\n\n\n\n<figure class=\"wp-block-table\"><table class=\"has-fixed-layout\"><tbody><tr><th>S\u00fcti azonos\u00edt\u00f3<\/th><th>C\u00e9l<\/th><th>Id\u0151tartam<\/th><\/tr><tr><td>GPS<\/td><td>Egyedi azonos\u00edt\u00f3t regisztr\u00e1l mobil eszk\u00f6z\u00f6k\u00f6n, hogy lehet\u0151v\u00e9 tegye a f\u00f6ldrajzi GPS helymeghat\u00e1roz\u00e1son alapul\u00f3 nyomon k\u00f6vet\u00e9st.<\/td><td>1 nap<\/td><\/tr><tr><td>VISITOR_INFO1_LIVE<\/td><td>Megpr\u00f3b\u00e1lja megbecs\u00fclni a felhaszn\u00e1l\u00f3k s\u00e1vsz\u00e9less\u00e9g\u00e9t az integr\u00e1lt YouTube vide\u00f3kat tartalmaz\u00f3 oldalakon. Marketing c\u00e9lokra is haszn\u00e1latos. <\/td><td>179 nap<\/td><\/tr><tr><td>PREF<\/td><td>Ez a s\u00fcti t\u00e1rolja az \u00d6n preferenci\u00e1it \u00e9s egy\u00e9b inform\u00e1ci\u00f3kat, k\u00fcl\u00f6n\u00f6sen a prefer\u00e1lt nyelvet, azt, hogy h\u00e1ny keres\u00e9si eredm\u00e9nyt szeretne l\u00e1tni az oldal\u00e1n, \u00e9s hogy be szeretn\u00e9-e kapcsolni a Google Biztons\u00e1gos Keres\u00e9s sz\u0171r\u0151j\u00e9t.<\/td><td>10 \u00e9v a be\u00e1ll\u00edt\u00e1st\u00f3l\/friss\u00edt\u00e9st\u0151l sz\u00e1m\u00edtva<\/td><\/tr><tr><td>YSC<\/td><td>Egyedi azonos\u00edt\u00f3t regisztr\u00e1l, hogy statisztik\u00e1t vezessen arr\u00f3l, milyen YouTube vide\u00f3kat n\u00e9zett meg a felhaszn\u00e1l\u00f3.<\/td><td>Munkamenet<\/td><\/tr><tr><td>DEVICE_INFO<\/td><td>Annak \u00e9szlel\u00e9s\u00e9re szolg\u00e1l, hogy a l\u00e1togat\u00f3 elfogadta-e a marketing kateg\u00f3ri\u00e1t a s\u00fcti bannerben. Ez a s\u00fcti sz\u00fcks\u00e9ges a weboldal GDPR-megfelel\u0151s\u00e9g\u00e9hez. <\/td><td>179 nap<\/td><\/tr><tr><td>LOGIN_INFO<\/td><td>Ez a s\u00fcti a weboldalba \u00e1gyazott YouTube vide\u00f3k lej\u00e1tsz\u00e1s\u00e1ra szolg\u00e1l.<\/td><td>2 \u00e9v<\/td><\/tr><tr><td>VISITOR_PRIVACY_METADATA<\/td><td>Youtube l\u00e1togat\u00f3i adatv\u00e9delmi metaadat s\u00fcti<\/td><td>180 nap<\/td><\/tr><\/tbody><\/table><\/figure>\n","protected":false},"excerpt":{"rendered":"<p>Ez az oldal \u00e1tfog\u00f3 t\u00e1j\u00e9koztat\u00e1st ny\u00fajt arr\u00f3l, hogyan haszn\u00e1lunk s\u00fctiket (cookie-kat) weboldalunkon b\u00f6ng\u00e9sz\u00e9si \u00e9lm\u00e9ny\u00e9nek jav\u00edt\u00e1sa, a weboldal teljes\u00edtm\u00e9ny\u00e9nek n\u00f6vel\u00e9se \u00e9s szem\u00e9lyre szabott tartalom biztos\u00edt\u00e1sa \u00e9rdek\u00e9ben. A s\u00fctik kis sz\u00f6veges f\u00e1jlok, amelyek az \u00d6n eszk\u00f6z\u00e9n t\u00e1rol\u00f3dnak, amikor megl\u00e1togatja oldalunkat. Seg\u00edtenek meg\u00e9rteni, hogyan l\u00e9pnek kapcsolatba a l\u00e1togat\u00f3k weboldalunkkal, lehet\u0151v\u00e9 t\u00e9ve sz\u00e1munkra, hogy g\u00f6rd\u00fcl\u00e9kenyebb \u00e9s hat\u00e9konyabb felhaszn\u00e1l\u00f3i \u00e9lm\u00e9nyt [&hellip;]<\/p>\n","protected":false},"author":2,"featured_media":0,"parent":10236,"menu_order":0,"comment_status":"closed","ping_status":"closed","template":"","meta":{"inline_featured_image":false,"footnotes":""},"class_list":["post-8897","page","type-page","status-publish","hentry"],"yoast_head":"<!-- This site is optimized with the Yoast SEO Premium plugin v27.3 (Yoast SEO v27.4) - https:\/\/yoast.com\/product\/yoast-seo-premium-wordpress\/ -->\n<title>S\u00fctiszab\u00e1lyzat | Orynycz Petro<\/title>\n<meta name=\"robots\" content=\"index, follow, max-snippet:-1, max-image-preview:large, max-video-preview:-1\" \/>\n<link rel=\"canonical\" href=\"https:\/\/www.orynycz.com\/hu\/szabalyzatok\/sutik\/\" \/>\n<meta property=\"og:locale\" content=\"hu_HU\" \/>\n<meta property=\"og:type\" content=\"article\" \/>\n<meta property=\"og:title\" content=\"S\u00fctiszab\u00e1lyzat\" \/>\n<meta property=\"og:description\" content=\"Ez az oldal \u00e1tfog\u00f3 t\u00e1j\u00e9koztat\u00e1st ny\u00fajt arr\u00f3l, hogyan haszn\u00e1lunk s\u00fctiket (cookie-kat) weboldalunkon b\u00f6ng\u00e9sz\u00e9si \u00e9lm\u00e9ny\u00e9nek jav\u00edt\u00e1sa, a weboldal teljes\u00edtm\u00e9ny\u00e9nek n\u00f6vel\u00e9se \u00e9s szem\u00e9lyre szabott tartalom biztos\u00edt\u00e1sa \u00e9rdek\u00e9ben. A s\u00fctik kis sz\u00f6veges f\u00e1jlok, amelyek az \u00d6n eszk\u00f6z\u00e9n t\u00e1rol\u00f3dnak, amikor megl\u00e1togatja oldalunkat. Seg\u00edtenek meg\u00e9rteni, hogyan l\u00e9pnek kapcsolatba a l\u00e1togat\u00f3k weboldalunkkal, lehet\u0151v\u00e9 t\u00e9ve sz\u00e1munkra, hogy g\u00f6rd\u00fcl\u00e9kenyebb \u00e9s hat\u00e9konyabb felhaszn\u00e1l\u00f3i \u00e9lm\u00e9nyt [&hellip;]\" \/>\n<meta property=\"og:url\" content=\"https:\/\/www.orynycz.com\/hu\/szabalyzatok\/sutik\/\" \/>\n<meta property=\"og:site_name\" content=\"Orynycz Petro\" \/>\n<meta property=\"article:publisher\" content=\"https:\/\/www.facebook.com\/orynycz\" \/>\n<meta property=\"article:modified_time\" content=\"2026-01-23T05:05:25+00:00\" \/>\n<meta name=\"twitter:card\" content=\"summary_large_image\" \/>\n<meta name=\"twitter:label1\" content=\"Becs\u00fclt olvas\u00e1si id\u0151\" \/>\n\t<meta name=\"twitter:data1\" content=\"7 perc\" \/>\n<script type=\"application\/ld+json\" class=\"yoast-schema-graph\">{\"@context\":\"https:\\\/\\\/schema.org\",\"@graph\":[{\"@type\":\"WebPage\",\"@id\":\"https:\\\/\\\/www.orynycz.com\\\/hu\\\/szabalyzatok\\\/sutik\\\/\",\"url\":\"https:\\\/\\\/www.orynycz.com\\\/hu\\\/szabalyzatok\\\/sutik\\\/\",\"name\":\"S\u00fctiszab\u00e1lyzat | Orynycz Petro\",\"isPartOf\":{\"@id\":\"https:\\\/\\\/www.orynycz.com\\\/hu\\\/#website\"},\"datePublished\":\"2025-08-15T08:18:03+00:00\",\"dateModified\":\"2026-01-23T05:05:25+00:00\",\"breadcrumb\":{\"@id\":\"https:\\\/\\\/www.orynycz.com\\\/hu\\\/szabalyzatok\\\/sutik\\\/#breadcrumb\"},\"inLanguage\":\"hu-HU\",\"potentialAction\":[{\"@type\":\"ReadAction\",\"target\":[\"https:\\\/\\\/www.orynycz.com\\\/hu\\\/szabalyzatok\\\/sutik\\\/\"]}]},{\"@type\":\"BreadcrumbList\",\"@id\":\"https:\\\/\\\/www.orynycz.com\\\/hu\\\/szabalyzatok\\\/sutik\\\/#breadcrumb\",\"itemListElement\":[{\"@type\":\"ListItem\",\"position\":1,\"name\":\"Kezd\u0151lap\",\"item\":\"https:\\\/\\\/www.orynycz.com\\\/hu\\\/\"},{\"@type\":\"ListItem\",\"position\":2,\"name\":\"Szab\u00e1lyzatok\",\"item\":\"https:\\\/\\\/www.orynycz.com\\\/hu\\\/szabalyzatok\\\/\"},{\"@type\":\"ListItem\",\"position\":3,\"name\":\"S\u00fctik\"}]},{\"@type\":\"WebSite\",\"@id\":\"https:\\\/\\\/www.orynycz.com\\\/hu\\\/#website\",\"url\":\"https:\\\/\\\/www.orynycz.com\\\/hu\\\/\",\"name\":\"Orynycz.com\",\"description\":\"Tud\u00f3s. MI m\u00e9rn\u00f6k. Nyelv\u00e9sz.\",\"publisher\":{\"@id\":\"https:\\\/\\\/www.orynycz.com\\\/#organization\"},\"alternateName\":\"\u041e\u0440\u0438\u043d\u0438\u0447.com\",\"potentialAction\":[{\"@type\":\"SearchAction\",\"target\":{\"@type\":\"EntryPoint\",\"urlTemplate\":\"https:\\\/\\\/www.orynycz.com\\\/hu\\\/?s={search_term_string}\"},\"query-input\":{\"@type\":\"PropertyValueSpecification\",\"valueRequired\":true,\"valueName\":\"search_term_string\"}}],\"inLanguage\":\"hu-HU\"},{\"@type\":\"Organization\",\"@id\":\"https:\\\/\\\/www.orynycz.com\\\/#organization\",\"name\":\"orynycz.com\",\"alternateName\":\"\u041e\u0440\u0438\u043d\u0438\u0447.com\",\"url\":\"https:\\\/\\\/www.orynycz.com\\\/hu\\\/\",\"logo\":{\"@type\":\"ImageObject\",\"inLanguage\":\"hu-HU\",\"@id\":\"https:\\\/\\\/www.orynycz.com\\\/hu\\\/#\\\/schema\\\/logo\\\/image\\\/\",\"url\":\"https:\\\/\\\/www.orynycz.com\\\/wp-content\\\/uploads\\\/2025\\\/12\\\/logo-1.jpg\",\"contentUrl\":\"https:\\\/\\\/www.orynycz.com\\\/wp-content\\\/uploads\\\/2025\\\/12\\\/logo-1.jpg\",\"width\":512,\"height\":512,\"caption\":\"orynycz.com\"},\"image\":{\"@id\":\"https:\\\/\\\/www.orynycz.com\\\/hu\\\/#\\\/schema\\\/logo\\\/image\\\/\"},\"sameAs\":[\"https:\\\/\\\/www.facebook.com\\\/orynycz\"],\"publishingPrinciples\":\"https:\\\/\\\/www.orynycz.com\\\/hu\\\/szabalyzatok\\\/\",\"ownershipFundingInfo\":\"https:\\\/\\\/www.orynycz.com\\\/hu\\\/szabalyzatok\\\/\",\"actionableFeedbackPolicy\":\"https:\\\/\\\/www.orynycz.com\\\/hu\\\/szabalyzatok\\\/\",\"correctionsPolicy\":\"https:\\\/\\\/www.orynycz.com\\\/hu\\\/szabalyzatok\\\/\",\"ethicsPolicy\":\"https:\\\/\\\/www.orynycz.com\\\/hu\\\/szabalyzatok\\\/\",\"diversityPolicy\":\"https:\\\/\\\/www.orynycz.com\\\/hu\\\/szabalyzatok\\\/\",\"diversityStaffingReport\":\"https:\\\/\\\/www.orynycz.com\\\/hu\\\/szabalyzatok\\\/\"}]}<\/script>\n<!-- \/ Yoast SEO Premium plugin. -->","yoast_head_json":{"title":"S\u00fctiszab\u00e1lyzat | Orynycz Petro","robots":{"index":"index","follow":"follow","max-snippet":"max-snippet:-1","max-image-preview":"max-image-preview:large","max-video-preview":"max-video-preview:-1"},"canonical":"https:\/\/www.orynycz.com\/hu\/szabalyzatok\/sutik\/","og_locale":"hu_HU","og_type":"article","og_title":"S\u00fctiszab\u00e1lyzat","og_description":"Ez az oldal \u00e1tfog\u00f3 t\u00e1j\u00e9koztat\u00e1st ny\u00fajt arr\u00f3l, hogyan haszn\u00e1lunk s\u00fctiket (cookie-kat) weboldalunkon b\u00f6ng\u00e9sz\u00e9si \u00e9lm\u00e9ny\u00e9nek jav\u00edt\u00e1sa, a weboldal teljes\u00edtm\u00e9ny\u00e9nek n\u00f6vel\u00e9se \u00e9s szem\u00e9lyre szabott tartalom biztos\u00edt\u00e1sa \u00e9rdek\u00e9ben. A s\u00fctik kis sz\u00f6veges f\u00e1jlok, amelyek az \u00d6n eszk\u00f6z\u00e9n t\u00e1rol\u00f3dnak, amikor megl\u00e1togatja oldalunkat. Seg\u00edtenek meg\u00e9rteni, hogyan l\u00e9pnek kapcsolatba a l\u00e1togat\u00f3k weboldalunkkal, lehet\u0151v\u00e9 t\u00e9ve sz\u00e1munkra, hogy g\u00f6rd\u00fcl\u00e9kenyebb \u00e9s hat\u00e9konyabb felhaszn\u00e1l\u00f3i \u00e9lm\u00e9nyt [&hellip;]","og_url":"https:\/\/www.orynycz.com\/hu\/szabalyzatok\/sutik\/","og_site_name":"Orynycz Petro","article_publisher":"https:\/\/www.facebook.com\/orynycz","article_modified_time":"2026-01-23T05:05:25+00:00","twitter_card":"summary_large_image","twitter_misc":{"Becs\u00fclt olvas\u00e1si id\u0151":"7 perc"},"schema":{"@context":"https:\/\/schema.org","@graph":[{"@type":"WebPage","@id":"https:\/\/www.orynycz.com\/hu\/szabalyzatok\/sutik\/","url":"https:\/\/www.orynycz.com\/hu\/szabalyzatok\/sutik\/","name":"S\u00fctiszab\u00e1lyzat | Orynycz Petro","isPartOf":{"@id":"https:\/\/www.orynycz.com\/hu\/#website"},"datePublished":"2025-08-15T08:18:03+00:00","dateModified":"2026-01-23T05:05:25+00:00","breadcrumb":{"@id":"https:\/\/www.orynycz.com\/hu\/szabalyzatok\/sutik\/#breadcrumb"},"inLanguage":"hu-HU","potentialAction":[{"@type":"ReadAction","target":["https:\/\/www.orynycz.com\/hu\/szabalyzatok\/sutik\/"]}]},{"@type":"BreadcrumbList","@id":"https:\/\/www.orynycz.com\/hu\/szabalyzatok\/sutik\/#breadcrumb","itemListElement":[{"@type":"ListItem","position":1,"name":"Kezd\u0151lap","item":"https:\/\/www.orynycz.com\/hu\/"},{"@type":"ListItem","position":2,"name":"Szab\u00e1lyzatok","item":"https:\/\/www.orynycz.com\/hu\/szabalyzatok\/"},{"@type":"ListItem","position":3,"name":"S\u00fctik"}]},{"@type":"WebSite","@id":"https:\/\/www.orynycz.com\/hu\/#website","url":"https:\/\/www.orynycz.com\/hu\/","name":"Orynycz.com","description":"Tud\u00f3s. MI m\u00e9rn\u00f6k. Nyelv\u00e9sz.","publisher":{"@id":"https:\/\/www.orynycz.com\/#organization"},"alternateName":"\u041e\u0440\u0438\u043d\u0438\u0447.com","potentialAction":[{"@type":"SearchAction","target":{"@type":"EntryPoint","urlTemplate":"https:\/\/www.orynycz.com\/hu\/?s={search_term_string}"},"query-input":{"@type":"PropertyValueSpecification","valueRequired":true,"valueName":"search_term_string"}}],"inLanguage":"hu-HU"},{"@type":"Organization","@id":"https:\/\/www.orynycz.com\/#organization","name":"orynycz.com","alternateName":"\u041e\u0440\u0438\u043d\u0438\u0447.com","url":"https:\/\/www.orynycz.com\/hu\/","logo":{"@type":"ImageObject","inLanguage":"hu-HU","@id":"https:\/\/www.orynycz.com\/hu\/#\/schema\/logo\/image\/","url":"https:\/\/www.orynycz.com\/wp-content\/uploads\/2025\/12\/logo-1.jpg","contentUrl":"https:\/\/www.orynycz.com\/wp-content\/uploads\/2025\/12\/logo-1.jpg","width":512,"height":512,"caption":"orynycz.com"},"image":{"@id":"https:\/\/www.orynycz.com\/hu\/#\/schema\/logo\/image\/"},"sameAs":["https:\/\/www.facebook.com\/orynycz"],"publishingPrinciples":"https:\/\/www.orynycz.com\/hu\/szabalyzatok\/","ownershipFundingInfo":"https:\/\/www.orynycz.com\/hu\/szabalyzatok\/","actionableFeedbackPolicy":"https:\/\/www.orynycz.com\/hu\/szabalyzatok\/","correctionsPolicy":"https:\/\/www.orynycz.com\/hu\/szabalyzatok\/","ethicsPolicy":"https:\/\/www.orynycz.com\/hu\/szabalyzatok\/","diversityPolicy":"https:\/\/www.orynycz.com\/hu\/szabalyzatok\/","diversityStaffingReport":"https:\/\/www.orynycz.com\/hu\/szabalyzatok\/"}]}},"_links":{"self":[{"href":"https:\/\/www.orynycz.com\/hu\/wp-json\/wp\/v2\/pages\/8897","targetHints":{"allow":["GET"]}}],"collection":[{"href":"https:\/\/www.orynycz.com\/hu\/wp-json\/wp\/v2\/pages"}],"about":[{"href":"https:\/\/www.orynycz.com\/hu\/wp-json\/wp\/v2\/types\/page"}],"author":[{"embeddable":true,"href":"https:\/\/www.orynycz.com\/hu\/wp-json\/wp\/v2\/users\/2"}],"replies":[{"embeddable":true,"href":"https:\/\/www.orynycz.com\/hu\/wp-json\/wp\/v2\/comments?post=8897"}],"version-history":[{"count":9,"href":"https:\/\/www.orynycz.com\/hu\/wp-json\/wp\/v2\/pages\/8897\/revisions"}],"predecessor-version":[{"id":10831,"href":"https:\/\/www.orynycz.com\/hu\/wp-json\/wp\/v2\/pages\/8897\/revisions\/10831"}],"up":[{"embeddable":true,"href":"https:\/\/www.orynycz.com\/hu\/wp-json\/wp\/v2\/pages\/10236"}],"wp:attachment":[{"href":"https:\/\/www.orynycz.com\/hu\/wp-json\/wp\/v2\/media?parent=8897"}],"curies":[{"name":"wp","href":"https:\/\/api.w.org\/{rel}","templated":true}]}}