{"id":11206,"date":"2026-01-24T11:10:49","date_gmt":"2026-01-24T11:10:49","guid":{"rendered":"https:\/\/www.orynycz.com\/kapcsolat\/"},"modified":"2026-02-04T04:12:42","modified_gmt":"2026-02-04T04:12:42","slug":"kapcsolat","status":"publish","type":"page","link":"https:\/\/www.orynycz.com\/hu\/kapcsolat\/","title":{"rendered":"Kapcsolat"},"content":{"rendered":"<style id=\"wpforms-css-vars-3002-block-0a78fa03-b60a-43f9-82c7-3b547cc7a751\">\n\t\t\t\t#wpforms-3002.wpforms-block-0a78fa03-b60a-43f9-82c7-3b547cc7a751 {\n\t\t\t\t--wpforms-field-size-input-height: 43px;\n--wpforms-field-size-input-spacing: 15px;\n--wpforms-field-size-font-size: 16px;\n--wpforms-field-size-line-height: 19px;\n--wpforms-field-size-padding-h: 14px;\n--wpforms-field-size-checkbox-size: 16px;\n--wpforms-field-size-sublabel-spacing: 5px;\n--wpforms-field-size-icon-size: 1;\n--wpforms-label-size-font-size: 16px;\n--wpforms-label-size-line-height: 19px;\n--wpforms-label-size-sublabel-font-size: 14px;\n--wpforms-label-size-sublabel-line-height: 17px;\n--wpforms-button-size-font-size: 17px;\n--wpforms-button-size-height: 41px;\n--wpforms-button-size-padding-h: 15px;\n--wpforms-button-size-margin-top: 10px;\n--wpforms-container-shadow-size-box-shadow: none;\n\t\t\t}\n\t\t\t<\/style><div class=\"wpforms-container wpforms-container-full wpforms-block wpforms-block-0a78fa03-b60a-43f9-82c7-3b547cc7a751 wpforms-render-modern\" id=\"wpforms-3002\"><form id=\"wpforms-form-3002\" class=\"wpforms-validate wpforms-form wpforms-ajax-form\" data-formid=\"3002\" method=\"post\" enctype=\"multipart\/form-data\" action=\"\/hu\/wp-json\/wp\/v2\/pages\/11206\" data-token=\"ebe9e77e822b8561af2323e54258ca86\" data-token-time=\"1777232943\"><noscript class=\"wpforms-error-noscript\">Enged\u00e9lyezd a JavaScriptet a b\u00f6ng\u00e9sz\u0151dben az \u0171rlap kit\u00f6lt\u00e9s\u00e9hez.<\/noscript><div id=\"wpforms-error-noscript\" style=\"display: none;\">Enged\u00e9lyezd a JavaScriptet a b\u00f6ng\u00e9sz\u0151dben az \u0171rlap kit\u00f6lt\u00e9s\u00e9hez.<\/div><div class=\"wpforms-field-container\"><div id=\"wpforms-3002-field_9-container\" class=\"wpforms-field wpforms-field-layout\" data-field-id=\"9\"><div class=\"wpforms-field-layout-rows wpforms-field-large\"><div class=\"wpforms-layout-row\"><div class=\"wpforms-layout-column wpforms-layout-column-50\"><div id=\"wpforms-3002-field_11-container\" class=\"wpforms-field wpforms-field-name\" data-field-id=\"11\"><label class=\"wpforms-field-label\" for=\"wpforms-3002-field_11\">N\u00e9v <span class=\"wpforms-required-label\" aria-hidden=\"true\">*<\/span><\/label><input type=\"text\" id=\"wpforms-3002-field_11\" class=\"wpforms-field-medium wpforms-field-required\" name=\"wpforms[fields][11]\" placeholder=\"Iwan Iwanenko\" aria-errormessage=\"wpforms-3002-field_11-error\" required><\/div><\/div><div class=\"wpforms-layout-column wpforms-layout-column-50\"><\/div><\/div><div class=\"wpforms-layout-row\"><div class=\"wpforms-layout-column wpforms-layout-column-50\"><div id=\"wpforms-3002-field_12-container\" class=\"wpforms-field wpforms-field-email\" data-field-id=\"12\"><label class=\"wpforms-field-label\" for=\"wpforms-3002-field_12\">E-mail <span class=\"wpforms-required-label\" aria-hidden=\"true\">*<\/span><\/label><input type=\"email\" id=\"wpforms-3002-field_12\" class=\"wpforms-field-medium wpforms-field-required\" name=\"wpforms[fields][12]\" placeholder=\"iwan.iwanenko@gmail.com\" spellcheck=\"false\" aria-errormessage=\"wpforms-3002-field_12-error\" required><\/div><\/div><div class=\"wpforms-layout-column wpforms-layout-column-50\"><\/div><\/div><div class=\"wpforms-layout-row\"><div class=\"wpforms-layout-column wpforms-layout-column-50\"><div id=\"wpforms-3002-field_8-container\" class=\"wpforms-field wpforms-field-select wpforms-field-select-style-modern\" data-field-id=\"8\"><label class=\"wpforms-field-label\" for=\"wpforms-3002-field_8\">T\u00e9ma<\/label><select id=\"wpforms-3002-field_8\" class=\"wpforms-field-small choicesjs-select\" data-size-class=\"wpforms-field-row wpforms-field-small\" data-search-enabled=\"1\" name=\"wpforms[fields][8]\"><option value=\"\" class=\"placeholder\" disabled  selected='selected'><\/option><option value=\"B\u00e9reld fel Petr\u00e1t\"  class=\"choice-1 depth-1\"  >B\u00e9reld fel Petr\u00e1t<\/option><option value=\"Foglalj h\u00edv\u00e1st (\u00fczleti megkeres\u00e9s)\"  class=\"choice-2 depth-1\"  >Foglalj h\u00edv\u00e1st (\u00fczleti megkeres\u00e9s)<\/option><option value=\"M\u00e9dia \/ interj\u00fa \/ el\u0151ad\u00e1s\"  class=\"choice-6 depth-1\"  >M\u00e9dia \/ interj\u00fa \/ el\u0151ad\u00e1s<\/option><option value=\"Partners\u00e9g \/ affiliate \/ szponzor\u00e1ci\u00f3\"  class=\"choice-3 depth-1\"  >Partners\u00e9g \/ affiliate \/ szponzor\u00e1ci\u00f3<\/option><option value=\"LemkoTran: fi\u00f3k \/ hozz\u00e1f\u00e9r\u00e9si probl\u00e9ma\"  class=\"choice-4 depth-1\"  >LemkoTran: fi\u00f3k \/ hozz\u00e1f\u00e9r\u00e9si probl\u00e9ma<\/option><option value=\"Sz\u00e1ml\u00e1z\u00e1s \/ visszat\u00e9r\u00edt\u00e9s \/ sz\u00e1mla\"  class=\"choice-5 depth-1\"  >Sz\u00e1ml\u00e1z\u00e1s \/ visszat\u00e9r\u00edt\u00e9s \/ sz\u00e1mla<\/option><option value=\"K\u00e9rj dem\u00f3t\"  class=\"choice-8 depth-1\"  >K\u00e9rj dem\u00f3t<\/option><option value=\"Valami m\u00e1s\"  class=\"choice-7 depth-1\"  >Valami m\u00e1s<\/option><\/select><\/div><\/div><div class=\"wpforms-layout-column wpforms-layout-column-50\"><\/div><\/div><\/div><\/div><div id=\"wpforms-3002-field_6-container\" class=\"wpforms-field wpforms-field-hidden\" data-field-id=\"6\"><input type=\"hidden\" id=\"wpforms-3002-field_6\" name=\"wpforms[fields][6]\"><\/div>\t\t<div id=\"wpforms-3002-field_1-container\"\n\t\t\tclass=\"wpforms-field wpforms-field-text\"\n\t\t\tdata-field-type=\"text\"\n\t\t\tdata-field-id=\"1\"\n\t\t\t>\n\t\t\t<label class=\"wpforms-field-label\" for=\"wpforms-3002-field_1\" >Megjegyz\u00e9s T\u00e9ma Elrendez\u00e9s<\/label>\n\t\t\t<input type=\"text\" id=\"wpforms-3002-field_1\" class=\"wpforms-field-medium\" name=\"wpforms[fields][1]\" >\n\t\t<\/div>\n\t\t<div id=\"wpforms-3002-field_2-container\" class=\"wpforms-field wpforms-field-textarea\" data-field-id=\"2\"><label class=\"wpforms-field-label\" for=\"wpforms-3002-field_2\">Megjegyz\u00e9s vagy \u00fczenet <span class=\"wpforms-required-label\" aria-hidden=\"true\">*<\/span><\/label><textarea id=\"wpforms-3002-field_2\" class=\"wpforms-field-medium wpforms-field-required\" name=\"wpforms[fields][2]\" aria-errormessage=\"wpforms-3002-field_2-error\" required><\/textarea><\/div><div id=\"wpforms-3002-field_18-container\" class=\"wpforms-field wpforms-field-checkbox\" data-field-id=\"18\"><fieldset><legend class=\"wpforms-field-label\">E-mail \u00e9rtes\u00edt\u00e9sek<\/legend><ul id=\"wpforms-3002-field_18\"><li class=\"choice-1 depth-1\"><input type=\"checkbox\" id=\"wpforms-3002-field_18_1\" name=\"wpforms[fields][18][]\" value=\"Tarts k\u00e9pben a term\u00e9kfriss\u00edt\u00e9sekr\u0151l \u00e9s men\u0151 dolgokr\u00f3l.\" aria-errormessage=\"wpforms-3002-field_18_1-error\" aria-describedby=\"wpforms-3002-field_18-description\"  ><label class=\"wpforms-field-label-inline\" for=\"wpforms-3002-field_18_1\">Tarts k\u00e9pben a term\u00e9kfriss\u00edt\u00e9sekr\u0151l \u00e9s men\u0151 dolgokr\u00f3l.<\/label><\/li><\/ul><div id=\"wpforms-3002-field_18-description\" class=\"wpforms-field-description\">Alkalmank\u00e9nti e-mailek. B\u00e1rmikor leiratkozhatsz. <\/div><\/fieldset><\/div><div id=\"wpforms-3002-field_21-container\" class=\"wpforms-field wpforms-field-html\" data-field-id=\"21\"><div id=\"wpforms-3002-field_21\" aria-errormessage=\"wpforms-3002-field_21-error\"><p>Felhaszn\u00e1ljuk adataidat a v\u00e1laszad\u00e1shoz. <a href=\"https:\/\/www.orynycz.com\/hu\/szabalyzatok\/adatvedelem\/\">Adatv\u00e9delmi ir\u00e1nyelvek<\/a>.<\/p><\/div><\/div><script>\n\t\t\t\t( function() {\n\t\t\t\t\tconst style = document.createElement( 'style' );\n\t\t\t\t\tstyle.appendChild( document.createTextNode( '#wpforms-3002-field_1-container { position: absolute !important; overflow: hidden !important; display: inline !important; height: 1px !important; width: 1px !important; z-index: -1000 !important; padding: 0 !important; } #wpforms-3002-field_1-container input { visibility: hidden; } #wpforms-conversational-form-page #wpforms-3002-field_1-container label { counter-increment: none; }' ) );\n\t\t\t\t\tdocument.head.appendChild( style );\n\t\t\t\t\tdocument.currentScript?.remove();\n\t\t\t\t} )();\n\t\t\t<\/script><\/div><!-- .wpforms-field-container --><div class=\"wpforms-recaptcha-container wpforms-is-turnstile\" ><div class=\"cf-turnstile\" data-sitekey=\"0x4AAAAAACO-QFHCG0eKQSjq\" data-action=\"FormID-3002\"><\/div><input type=\"text\" name=\"g-recaptcha-hidden\" class=\"wpforms-recaptcha-hidden\" style=\"position:absolute!important;clip:rect(0,0,0,0)!important;height:1px!important;width:1px!important;border:0!important;overflow:hidden!important;padding:0!important;margin:0!important;\" data-rule-turnstile=\"1\"><\/div><div class=\"wpforms-submit-container\" ><input type=\"hidden\" name=\"wpforms[id]\" value=\"3002\"><input type=\"hidden\" name=\"page_title\" value=\"\"><input type=\"hidden\" name=\"page_url\" value=\"https:\/\/www.orynycz.com\/hu\/wp-json\/wp\/v2\/pages\/11206\"><input type=\"hidden\" name=\"url_referer\" value=\"\"><button type=\"submit\" name=\"wpforms[submit]\" id=\"wpforms-submit-3002\" class=\"wpforms-submit\" data-alt-text=\"K\u00fcld\u00e9s...\" data-submit-text=\"K\u00fcldje be a\" aria-live=\"assertive\" value=\"wpforms-submit\">K\u00fcldje be a<\/button><img loading=\"lazy\" decoding=\"async\" src=\"https:\/\/www.orynycz.com\/wp-content\/plugins\/wpforms\/assets\/images\/submit-spin.svg\" class=\"wpforms-submit-spinner\" style=\"display: none;\" width=\"26\" height=\"26\" alt=\"Loading\"><\/div><\/form><\/div>  <!-- .wpforms-container -->\n<script>document.addEventListener('DOMContentLoaded', () => {\n  const v = new URLSearchParams(location.search).get('topic');\n  if (!v) return;\n\n  \/\/ map clean slugs to your actual dropdown text\n  const map = { demo: 'Request a demo' };\n  const target = map[v] || v;\n\n  const sel = document.querySelector('select[name=\"wpforms[fields][8]\"]'); \/\/ your Topic field is ID 8\n  if (!sel) return;\n\n  for (const o of sel.options) {\n    if (o.value === target || o.text.trim() === target) {\n      sel.value = o.value;\n      sel.dispatchEvent(new Event('change', { bubbles: true }));\n      break;\n    }\n  }\n});\n<\/script>\n","protected":false},"excerpt":{"rendered":"","protected":false},"author":2,"featured_media":0,"parent":0,"menu_order":0,"comment_status":"closed","ping_status":"closed","template":"petro-bare-tight","meta":{"inline_featured_image":false,"footnotes":""},"class_list":["post-11206","page","type-page","status-publish","hentry"],"yoast_head":"<!-- This site is optimized with the Yoast SEO Premium plugin v27.3 (Yoast SEO v27.4) - https:\/\/yoast.com\/product\/yoast-seo-premium-wordpress\/ -->\n<title>Kapcsolat | Orynycz Petro<\/title>\n<meta name=\"robots\" content=\"index, follow, max-snippet:-1, max-image-preview:large, max-video-preview:-1\" \/>\n<link rel=\"canonical\" href=\"https:\/\/www.orynycz.com\/hu\/kapcsolat\/\" \/>\n<meta property=\"og:locale\" content=\"hu_HU\" \/>\n<meta property=\"og:type\" content=\"article\" \/>\n<meta property=\"og:title\" content=\"Kapcsolat\" \/>\n<meta property=\"og:url\" content=\"https:\/\/www.orynycz.com\/hu\/kapcsolat\/\" \/>\n<meta property=\"og:site_name\" content=\"Orynycz Petro\" \/>\n<meta property=\"article:publisher\" content=\"https:\/\/www.facebook.com\/orynycz\" \/>\n<meta property=\"article:modified_time\" content=\"2026-02-04T04:12:42+00:00\" \/>\n<meta name=\"twitter:card\" content=\"summary_large_image\" \/>\n<script type=\"application\/ld+json\" class=\"yoast-schema-graph\">{\"@context\":\"https:\\\/\\\/schema.org\",\"@graph\":[{\"@type\":[\"WebPage\",\"ContactPage\"],\"@id\":\"https:\\\/\\\/www.orynycz.com\\\/hu\\\/kapcsolat\\\/\",\"url\":\"https:\\\/\\\/www.orynycz.com\\\/hu\\\/kapcsolat\\\/\",\"name\":\"Kapcsolat | Orynycz Petro\",\"isPartOf\":{\"@id\":\"https:\\\/\\\/www.orynycz.com\\\/hu\\\/#website\"},\"datePublished\":\"2026-01-24T11:10:49+00:00\",\"dateModified\":\"2026-02-04T04:12:42+00:00\",\"breadcrumb\":{\"@id\":\"https:\\\/\\\/www.orynycz.com\\\/hu\\\/kapcsolat\\\/#breadcrumb\"},\"inLanguage\":\"hu-HU\",\"potentialAction\":[{\"@type\":\"ReadAction\",\"target\":[\"https:\\\/\\\/www.orynycz.com\\\/hu\\\/kapcsolat\\\/\"]}]},{\"@type\":\"BreadcrumbList\",\"@id\":\"https:\\\/\\\/www.orynycz.com\\\/hu\\\/kapcsolat\\\/#breadcrumb\",\"itemListElement\":[{\"@type\":\"ListItem\",\"position\":1,\"name\":\"Kezd\u0151lap\",\"item\":\"https:\\\/\\\/www.orynycz.com\\\/hu\\\/\"},{\"@type\":\"ListItem\",\"position\":2,\"name\":\"Kapcsolat\"}]},{\"@type\":\"WebSite\",\"@id\":\"https:\\\/\\\/www.orynycz.com\\\/hu\\\/#website\",\"url\":\"https:\\\/\\\/www.orynycz.com\\\/hu\\\/\",\"name\":\"Orynycz.com\",\"description\":\"Tud\u00f3s. MI m\u00e9rn\u00f6k. Nyelv\u00e9sz.\",\"publisher\":{\"@id\":\"https:\\\/\\\/www.orynycz.com\\\/#organization\"},\"alternateName\":\"\u041e\u0440\u0438\u043d\u0438\u0447.com\",\"potentialAction\":[{\"@type\":\"SearchAction\",\"target\":{\"@type\":\"EntryPoint\",\"urlTemplate\":\"https:\\\/\\\/www.orynycz.com\\\/hu\\\/?s={search_term_string}\"},\"query-input\":{\"@type\":\"PropertyValueSpecification\",\"valueRequired\":true,\"valueName\":\"search_term_string\"}}],\"inLanguage\":\"hu-HU\"},{\"@type\":\"Organization\",\"@id\":\"https:\\\/\\\/www.orynycz.com\\\/#organization\",\"name\":\"orynycz.com\",\"alternateName\":\"\u041e\u0440\u0438\u043d\u0438\u0447.com\",\"url\":\"https:\\\/\\\/www.orynycz.com\\\/hu\\\/\",\"logo\":{\"@type\":\"ImageObject\",\"inLanguage\":\"hu-HU\",\"@id\":\"https:\\\/\\\/www.orynycz.com\\\/hu\\\/#\\\/schema\\\/logo\\\/image\\\/\",\"url\":\"https:\\\/\\\/www.orynycz.com\\\/wp-content\\\/uploads\\\/2025\\\/12\\\/logo-1.jpg\",\"contentUrl\":\"https:\\\/\\\/www.orynycz.com\\\/wp-content\\\/uploads\\\/2025\\\/12\\\/logo-1.jpg\",\"width\":512,\"height\":512,\"caption\":\"orynycz.com\"},\"image\":{\"@id\":\"https:\\\/\\\/www.orynycz.com\\\/hu\\\/#\\\/schema\\\/logo\\\/image\\\/\"},\"sameAs\":[\"https:\\\/\\\/www.facebook.com\\\/orynycz\"],\"publishingPrinciples\":\"https:\\\/\\\/www.orynycz.com\\\/hu\\\/szabalyzatok\\\/\",\"ownershipFundingInfo\":\"https:\\\/\\\/www.orynycz.com\\\/hu\\\/szabalyzatok\\\/\",\"actionableFeedbackPolicy\":\"https:\\\/\\\/www.orynycz.com\\\/hu\\\/szabalyzatok\\\/\",\"correctionsPolicy\":\"https:\\\/\\\/www.orynycz.com\\\/hu\\\/szabalyzatok\\\/\",\"ethicsPolicy\":\"https:\\\/\\\/www.orynycz.com\\\/hu\\\/szabalyzatok\\\/\",\"diversityPolicy\":\"https:\\\/\\\/www.orynycz.com\\\/hu\\\/szabalyzatok\\\/\",\"diversityStaffingReport\":\"https:\\\/\\\/www.orynycz.com\\\/hu\\\/szabalyzatok\\\/\"}]}<\/script>\n<!-- \/ Yoast SEO Premium plugin. -->","yoast_head_json":{"title":"Kapcsolat | Orynycz Petro","robots":{"index":"index","follow":"follow","max-snippet":"max-snippet:-1","max-image-preview":"max-image-preview:large","max-video-preview":"max-video-preview:-1"},"canonical":"https:\/\/www.orynycz.com\/hu\/kapcsolat\/","og_locale":"hu_HU","og_type":"article","og_title":"Kapcsolat","og_url":"https:\/\/www.orynycz.com\/hu\/kapcsolat\/","og_site_name":"Orynycz Petro","article_publisher":"https:\/\/www.facebook.com\/orynycz","article_modified_time":"2026-02-04T04:12:42+00:00","twitter_card":"summary_large_image","schema":{"@context":"https:\/\/schema.org","@graph":[{"@type":["WebPage","ContactPage"],"@id":"https:\/\/www.orynycz.com\/hu\/kapcsolat\/","url":"https:\/\/www.orynycz.com\/hu\/kapcsolat\/","name":"Kapcsolat | Orynycz Petro","isPartOf":{"@id":"https:\/\/www.orynycz.com\/hu\/#website"},"datePublished":"2026-01-24T11:10:49+00:00","dateModified":"2026-02-04T04:12:42+00:00","breadcrumb":{"@id":"https:\/\/www.orynycz.com\/hu\/kapcsolat\/#breadcrumb"},"inLanguage":"hu-HU","potentialAction":[{"@type":"ReadAction","target":["https:\/\/www.orynycz.com\/hu\/kapcsolat\/"]}]},{"@type":"BreadcrumbList","@id":"https:\/\/www.orynycz.com\/hu\/kapcsolat\/#breadcrumb","itemListElement":[{"@type":"ListItem","position":1,"name":"Kezd\u0151lap","item":"https:\/\/www.orynycz.com\/hu\/"},{"@type":"ListItem","position":2,"name":"Kapcsolat"}]},{"@type":"WebSite","@id":"https:\/\/www.orynycz.com\/hu\/#website","url":"https:\/\/www.orynycz.com\/hu\/","name":"Orynycz.com","description":"Tud\u00f3s. MI m\u00e9rn\u00f6k. Nyelv\u00e9sz.","publisher":{"@id":"https:\/\/www.orynycz.com\/#organization"},"alternateName":"\u041e\u0440\u0438\u043d\u0438\u0447.com","potentialAction":[{"@type":"SearchAction","target":{"@type":"EntryPoint","urlTemplate":"https:\/\/www.orynycz.com\/hu\/?s={search_term_string}"},"query-input":{"@type":"PropertyValueSpecification","valueRequired":true,"valueName":"search_term_string"}}],"inLanguage":"hu-HU"},{"@type":"Organization","@id":"https:\/\/www.orynycz.com\/#organization","name":"orynycz.com","alternateName":"\u041e\u0440\u0438\u043d\u0438\u0447.com","url":"https:\/\/www.orynycz.com\/hu\/","logo":{"@type":"ImageObject","inLanguage":"hu-HU","@id":"https:\/\/www.orynycz.com\/hu\/#\/schema\/logo\/image\/","url":"https:\/\/www.orynycz.com\/wp-content\/uploads\/2025\/12\/logo-1.jpg","contentUrl":"https:\/\/www.orynycz.com\/wp-content\/uploads\/2025\/12\/logo-1.jpg","width":512,"height":512,"caption":"orynycz.com"},"image":{"@id":"https:\/\/www.orynycz.com\/hu\/#\/schema\/logo\/image\/"},"sameAs":["https:\/\/www.facebook.com\/orynycz"],"publishingPrinciples":"https:\/\/www.orynycz.com\/hu\/szabalyzatok\/","ownershipFundingInfo":"https:\/\/www.orynycz.com\/hu\/szabalyzatok\/","actionableFeedbackPolicy":"https:\/\/www.orynycz.com\/hu\/szabalyzatok\/","correctionsPolicy":"https:\/\/www.orynycz.com\/hu\/szabalyzatok\/","ethicsPolicy":"https:\/\/www.orynycz.com\/hu\/szabalyzatok\/","diversityPolicy":"https:\/\/www.orynycz.com\/hu\/szabalyzatok\/","diversityStaffingReport":"https:\/\/www.orynycz.com\/hu\/szabalyzatok\/"}]}},"_links":{"self":[{"href":"https:\/\/www.orynycz.com\/hu\/wp-json\/wp\/v2\/pages\/11206","targetHints":{"allow":["GET"]}}],"collection":[{"href":"https:\/\/www.orynycz.com\/hu\/wp-json\/wp\/v2\/pages"}],"about":[{"href":"https:\/\/www.orynycz.com\/hu\/wp-json\/wp\/v2\/types\/page"}],"author":[{"embeddable":true,"href":"https:\/\/www.orynycz.com\/hu\/wp-json\/wp\/v2\/users\/2"}],"replies":[{"embeddable":true,"href":"https:\/\/www.orynycz.com\/hu\/wp-json\/wp\/v2\/comments?post=11206"}],"version-history":[{"count":3,"href":"https:\/\/www.orynycz.com\/hu\/wp-json\/wp\/v2\/pages\/11206\/revisions"}],"predecessor-version":[{"id":11700,"href":"https:\/\/www.orynycz.com\/hu\/wp-json\/wp\/v2\/pages\/11206\/revisions\/11700"}],"wp:attachment":[{"href":"https:\/\/www.orynycz.com\/hu\/wp-json\/wp\/v2\/media?parent=11206"}],"curies":[{"name":"wp","href":"https:\/\/api.w.org\/{rel}","templated":true}]}}