{"id":10236,"date":"2025-12-07T16:29:11","date_gmt":"2025-12-07T16:29:11","guid":{"rendered":"https:\/\/www.orynycz.com\/jogi\/"},"modified":"2026-02-07T09:45:28","modified_gmt":"2026-02-07T09:45:28","slug":"szabalyzatok","status":"publish","type":"page","link":"https:\/\/www.orynycz.com\/hu\/szabalyzatok\/","title":{"rendered":"Szab\u00e1lyzatok"},"content":{"rendered":"\n<p>Ez az oldal gy\u0171jti \u00f6ssze az Orynycz.com kulcsfontoss\u00e1g\u00fa ir\u00e1nyelveit \u00e9s publik\u00e1l\u00e1si sztenderdjeit. Az al\u00e1bbi linkek seg\u00edts\u00e9g\u00e9vel megtal\u00e1lod a Felhaszn\u00e1l\u00e1si felt\u00e9teleket, Adatv\u00e9delmi\/S\u00fcti\/Visszat\u00e9r\u00edt\u00e9si szab\u00e1lyzatot, Korl\u00e1tozott joghat\u00f3s\u00e1gokat, valamint azt, hogyan kezelj\u00fck a jav\u00edt\u00e1sokat, az etik\u00e1t \u00e9s a visszajelz\u00e9seket. <\/p>\n\n\n\n<div class=\"wp-block-yoast-seo-table-of-contents yoast-table-of-contents\"><h2>Tartalomjegyz\u00e9k<\/h2><ul><li><a href=\"#h-standalone-policies\" data-level=\"2\">\u00d6n\u00e1ll\u00f3 ir\u00e1nyelvek<\/a><\/li><li><a href=\"#h-publishing-policies\" data-level=\"2\">Publik\u00e1l\u00e1si ir\u00e1nyelvek<\/a><ul><li><a href=\"#h-editorial-principles\" data-level=\"3\">Szerkeszt\u0151s\u00e9gi elvek<\/a><\/li><li><a href=\"#h-corrections-policy\" data-level=\"3\">Jav\u00edt\u00e1si ir\u00e1nyelv<\/a><\/li><li><a href=\"#h-diversity-policy\" data-level=\"3\">Soksz\u00edn\u0171s\u00e9gi ir\u00e1nyelv<\/a><\/li><\/ul><\/li><li><a href=\"#h-organizational\" data-level=\"2\">Szervezeti<\/a><ul><li><a href=\"#h-ownership\" data-level=\"3\">Tulajdonjog<\/a><\/li><li><a href=\"#h-actionable-feedback-policy\" data-level=\"3\">Visszajelz\u00e9sek kezel\u00e9se<\/a><\/li><li><a href=\"#h-ethics-policy\" data-level=\"3\">Etikai ir\u00e1nyelv<\/a><\/li><li><a href=\"#h-diversity-staffing-report\" data-level=\"3\">Soksz\u00edn\u0171s\u00e9gi szem\u00e9lyzeti jelent\u00e9s<\/a><\/li><\/ul><\/li><\/ul><\/div>\n\n\n\n<h2 class=\"wp-block-heading\" id=\"h-onallo-iranyelvek\">\u00d6n\u00e1ll\u00f3 ir\u00e1nyelvek<\/h2>\n\n\n\n<p>Gyorslinkek az Orynycz.com kulcsfontoss\u00e1g\u00fa jogi \u00e9s ir\u00e1nyelvi oldalaihoz.<\/p>\n\n\n\n<ul class=\"wp-block-list\">\n<li><a href=\"https:\/\/www.orynycz.com\/hu\/szabalyzatok\/sutik\/\" type=\"page\" id=\"8897\">S\u00fctiszab\u00e1lyzat<\/a><\/li>\n\n\n\n<li><a href=\"https:\/\/www.orynycz.com\/hu\/szabalyzatok\/adatvedelem\/\" type=\"page\" id=\"10252\">Adatv\u00e9delmi ir\u00e1nyelvek<\/a><\/li>\n\n\n\n<li><a href=\"https:\/\/www.orynycz.com\/hu\/szabalyzatok\/visszateritesi-szabalyzat\/\" type=\"page\" id=\"8459\">Visszat\u00e9r\u00edt\u00e9si szab\u00e1lyzat<\/a><\/li>\n\n\n\n<li><a href=\"https:\/\/www.orynycz.com\/hu\/szabalyzatok\/feketelista\/\" type=\"page\" id=\"8910\">Korl\u00e1tozott joghat\u00f3s\u00e1gok<\/a><\/li>\n\n\n\n<li><a href=\"https:\/\/www.orynycz.com\/hu\/szabalyzatok\/feltetelek\/\" type=\"page\" id=\"8453\">Felhaszn\u00e1l\u00e1si felt\u00e9telek<\/a><\/li>\n<\/ul>\n\n\n\n<h2 class=\"wp-block-heading\" id=\"h-publikalasi-iranyelvek\">Publik\u00e1l\u00e1si ir\u00e1nyelvek<\/h2>\n\n\n\n<h3 class=\"wp-block-heading\" id=\"h-szerkesztosegi-elvek\">Szerkeszt\u0151s\u00e9gi elvek<\/h3>\n\n\n\n<p>Gyakorlati \u00fatmutat\u00f3kat publik\u00e1lunk nyelvi technol\u00f3gi\u00e1kr\u00f3l, \u00f6r\u00f6ks\u00e9gnyelv-tanul\u00e1sr\u00f3l, AI k\u00e9pz\u00e9sr\u0151l \u00e9s tesztvez\u00e9relt fejleszt\u00e9sr\u0151l (TDD). Mindennapi \u00f6r\u00f6ks\u00e9gnyelv-haszn\u00e1l\u00f3k (diaszp\u00f3ra + tanul\u00f3k) \u00e9s fejleszt\u0151k sz\u00e1m\u00e1ra \u00edrunk, akik vil\u00e1gos, haszn\u00e1lhat\u00f3 l\u00e9p\u00e9seket szeretn\u00e9nek felhajt\u00e1s n\u00e9lk\u00fcl. Az\u00e9rt tessz\u00fck ezt, hogy seg\u00edts\u00fcnk az embereknek haszn\u00e1lni a nyelveiket a val\u00f3 \u00e9letben \u00e9s jobb szoftvereket sz\u00e1ll\u00edtani \u2013 ha valami v\u00e9lem\u00e9ny, azt megjel\u00f6lj\u00fck, \u00e9s ha valami bizonytalan vagy gyorsan v\u00e1ltozik, azt elmondjuk.  <\/p>\n\n\n\n<h3 class=\"wp-block-heading\" id=\"h-javitasi-iranyelv\">Jav\u00edt\u00e1si ir\u00e1nyelv<\/h3>\n\n\n\n<p>Ha valamit rosszul \u00edrunk, kijav\u00edtjuk. Az \u00e9rdemi hib\u00e1kat a lehet\u0151 leghamarabb kijav\u00edtjuk az oldalon. Jelent\u0151s jav\u00edt\u00e1sok eset\u00e9n d\u00e1tummal ell\u00e1tott megjegyz\u00e9st f\u0171zhet\u00fcnk az oldalhoz, amely le\u00edrja, mi v\u00e1ltozott \u00e9s mikor. K\u00e9rj\u00fck, a jav\u00edt\u00e1sokat a <a href=\"https:\/\/www.orynycz.com\/hu\/kapcsolat\/\" type=\"page\" id=\"11203\">Kapcsolat<\/a> oldalon kereszt\u00fcl k\u00fcldd el.   <\/p>\n\n\n\n<h3 class=\"wp-block-heading\" id=\"h-sokszinusegi-iranyelv\">Soksz\u00edn\u0171s\u00e9gi ir\u00e1nyelv<\/h3>\n\n\n\n<p>Az Orynycz.com glob\u00e1lis k\u00f6z\u00f6ns\u00e9get szolg\u00e1l ki, bele\u00e9rtve a kisebbs\u00e9gi \u00e9s \u00f6r\u00f6ks\u00e9gnyelvi k\u00f6z\u00f6ss\u00e9geket. C\u00e9lunk, hogy tisztelettud\u00f3ak, pontosak \u00e9s nem kizs\u00e1km\u00e1nyol\u00f3ak legy\u00fcnk \u2013 k\u00fcl\u00f6n\u00f6sen, ha identit\u00e1sr\u00f3l, t\u00f6rt\u00e9nelemr\u0151l vagy k\u00f6z\u00f6ss\u00e9gi k\u00e9rd\u00e9sekr\u0151l \u00edrunk. Ker\u00fclj\u00fck a sztereotipiz\u00e1l\u00e1st, a s\u00e9rt\u0151 kifejez\u00e9seket \u00e9s a lealacsony\u00edt\u00f3 megfogalmaz\u00e1sokat, \u00e9s igyeksz\u00fcnk a k\u00f6z\u00f6ss\u00e9g \u00e1ltal prefer\u00e1lt neveket \u00e9s kifejez\u00e9seket haszn\u00e1lni, amikor ez \u00e9sszer\u0171en lehets\u00e9ges. Ha valami rosszul s\u00fcl el, jelezd nek\u00fcnk a <a href=\"https:\/\/www.orynycz.com\/hu\/kapcsolat\/\" type=\"page\" id=\"11203\">Kapcsolat<\/a> oldalon kereszt\u00fcl, \u00e9s fel\u00fclvizsg\u00e1ljuk, majd friss\u00edtj\u00fck.   <\/p>\n\n\n\n<h2 class=\"wp-block-heading\" id=\"h-szervezeti\">Szervezeti<\/h2>\n\n\n\n<h3 class=\"wp-block-heading\" id=\"h-tulajdonjog\">Tulajdonjog<\/h3>\n\n\n\n<p>Az Orynycz.com tulajdonosa \u00e9s \u00fczemeltet\u0151je Petro Orynycz. Fizet\u0151s csomagokb\u00f3l tartjuk fenn magunkat, \u00e9s bev\u00e9telre tehet\u00fcnk szert tan\u00e1csad\u00e1sb\u00f3l, digit\u00e1lis term\u00e9kekb\u0151l vagy k\u00f6zz\u00e9tett partnerlinkekb\u0151l is. A bev\u00e9teli forr\u00e1sok nem befoly\u00e1solj\u00e1k, hogy mit publik\u00e1lunk vagy hogyan \u00e9rt\u00e9kelj\u00fck a term\u00e9keket. B\u00e1rmilyen szponzor\u00e1ci\u00f3t vagy t\u00e1mogat\u00e1st egy\u00e9rtelm\u0171en k\u00f6zz\u00e9tesz\u00fcnk.   <\/p>\n\n\n\n<h3 class=\"wp-block-heading\" id=\"h-visszajelzesek-kezelese\">Visszajelz\u00e9sek kezel\u00e9se<\/h3>\n\n\n\n<p>Sz\u00edvesen fogadunk hasznos visszajelz\u00e9seket: hib\u00e1kat, nem egy\u00e9rtelm\u0171 megfogalmaz\u00e1sokat, t\u00f6r\u00f6tt linkeket \u00e9s t\u00e9nybeli jav\u00edt\u00e1sokat. Fel\u00fclvizsg\u00e1ljuk a jelent\u00e9seket, \u00e9s els\u0151dlegesen azokat a probl\u00e9m\u00e1kat kezelj\u00fck, amelyek a felhaszn\u00e1l\u00f3kat \u00e9rintik (biztons\u00e1g, fizet\u00e9sek\/hozz\u00e1f\u00e9r\u00e9s \u00e9s \u00e9rdemi hib\u00e1k). Nem \u00edg\u00e9rhet\u00fcnk v\u00e1laszt minden \u00fczenetre, de elolvassuk \u0151ket.  <\/p>\n\n\n\n<p>Jelent\u0151s jav\u00edt\u00e1sok vagy ir\u00e1nyelvi v\u00e1ltoz\u00e1sok eset\u00e9n d\u00e1tummal ell\u00e1tott megjegyz\u00e9st f\u0171zhet\u00fcnk az \u00e9rintett oldalhoz. K\u00fcldd el visszajelz\u00e9sedet a <a href=\"https:\/\/www.orynycz.com\/hu\/kapcsolat\/\" type=\"page\" id=\"11203\">Kapcsolat<\/a> oldalon kereszt\u00fcl. <\/p>\n\n\n\n<h3 class=\"wp-block-heading\" id=\"h-etikai-iranyelv\">Etikai ir\u00e1nyelv<\/h3>\n\n\n\n<p>C\u00e9lunk, hogy olyan m\u00f3don \u00e9p\u00edts\u00fcnk \u00e9s publik\u00e1ljunk, amely tiszteletben tartja a felhaszn\u00e1l\u00f3kat \u00e9s adataikat. Nem \u00e9rt\u00e9kes\u00edt\u00fcnk szem\u00e9lyes adatokat, \u00e9s ker\u00fclj\u00fck a manipulat\u00edv tervez\u00e9st. <\/p>\n\n\n\n<p>K\u00f6zz\u00e9tessz\u00fck \u00e9s egy\u00e9rtelm\u0171en megjel\u00f6lj\u00fck a fizetett kapcsolatokat (pl. partnerprogramok vagy szponzor\u00e1ci\u00f3k), ha l\u00e9teznek, \u00e9s nem fogadunk el kompenz\u00e1ci\u00f3t nem nyilv\u00e1nos aj\u00e1nl\u00e1sok\u00e9rt. Nem plagiz\u00e1lunk, \u00e9s hivatkozunk a forr\u00e1sokra, amikor azokra t\u00e1maszkodunk. <\/p>\n\n\n\n<p>Ha egy funkci\u00f3nak vannak korl\u00e1tai vagy kompromisszumai, azt vil\u00e1gosan elmondjuk. Ha probl\u00e9m\u00e1t \u00e9szlelsz, jelentsd a <a href=\"https:\/\/www.orynycz.com\/hu\/kapcsolat\/\" type=\"page\" id=\"11203\">Kapcsolat<\/a> oldalon kereszt\u00fcl. <\/p>\n\n\n\n<h3 class=\"wp-block-heading\" id=\"h-sokszinusegi-szemelyzeti-jelentes\">Soksz\u00edn\u0171s\u00e9gi szem\u00e9lyzeti jelent\u00e9s<\/h3>\n\n\n\n<p>Az Orynycz.com f\u00fcggetlen\u00fcl m\u0171k\u00f6dik, \u00e9s jelenleg nincsenek alkalmazottai vagy hivatalos felv\u00e9teli folyamata, ez\u00e9rt jelenleg nem publik\u00e1lunk szem\u00e9lyzeti soksz\u00edn\u0171s\u00e9gi jelent\u00e9seket. Ha ez megv\u00e1ltozik (pl. csapatot alak\u00edtunk vagy elkezd\u00fcnk felvenni embereket), friss\u00edtj\u00fck ezt a szakaszt konkr\u00e9t inform\u00e1ci\u00f3kkal. <\/p>\n\n\n\n<p><\/p>\n","protected":false},"excerpt":{"rendered":"<p>Ez az oldal gy\u0171jti \u00f6ssze az Orynycz.com kulcsfontoss\u00e1g\u00fa ir\u00e1nyelveit \u00e9s publik\u00e1l\u00e1si sztenderdjeit. Az al\u00e1bbi linkek seg\u00edts\u00e9g\u00e9vel megtal\u00e1lod a Felhaszn\u00e1l\u00e1si felt\u00e9teleket, Adatv\u00e9delmi\/S\u00fcti\/Visszat\u00e9r\u00edt\u00e9si szab\u00e1lyzatot, Korl\u00e1tozott joghat\u00f3s\u00e1gokat, valamint azt, hogyan kezelj\u00fck a jav\u00edt\u00e1sokat, az etik\u00e1t \u00e9s a visszajelz\u00e9seket. \u00d6n\u00e1ll\u00f3 ir\u00e1nyelvek Gyorslinkek az Orynycz.com kulcsfontoss\u00e1g\u00fa jogi \u00e9s ir\u00e1nyelvi oldalaihoz. Publik\u00e1l\u00e1si ir\u00e1nyelvek Szerkeszt\u0151s\u00e9gi elvek Gyakorlati \u00fatmutat\u00f3kat publik\u00e1lunk nyelvi technol\u00f3gi\u00e1kr\u00f3l, \u00f6r\u00f6ks\u00e9gnyelv-tanul\u00e1sr\u00f3l, [&hellip;]<\/p>\n","protected":false},"author":2,"featured_media":0,"parent":0,"menu_order":0,"comment_status":"closed","ping_status":"closed","template":"","meta":{"inline_featured_image":false,"footnotes":""},"class_list":["post-10236","page","type-page","status-publish","hentry"],"yoast_head":"<!-- This site is optimized with the Yoast SEO Premium plugin v27.3 (Yoast SEO v27.4) - https:\/\/yoast.com\/product\/yoast-seo-premium-wordpress\/ -->\n<title>Szab\u00e1lyzatok | Orynycz Petro<\/title>\n<meta name=\"robots\" content=\"index, follow, max-snippet:-1, max-image-preview:large, max-video-preview:-1\" \/>\n<link rel=\"canonical\" href=\"https:\/\/www.orynycz.com\/hu\/szabalyzatok\/\" \/>\n<meta property=\"og:locale\" content=\"hu_HU\" \/>\n<meta property=\"og:type\" content=\"article\" \/>\n<meta property=\"og:title\" content=\"Szab\u00e1lyzatok\" \/>\n<meta property=\"og:description\" content=\"Ez az oldal gy\u0171jti \u00f6ssze az Orynycz.com kulcsfontoss\u00e1g\u00fa ir\u00e1nyelveit \u00e9s publik\u00e1l\u00e1si sztenderdjeit. Az al\u00e1bbi linkek seg\u00edts\u00e9g\u00e9vel megtal\u00e1lod a Felhaszn\u00e1l\u00e1si felt\u00e9teleket, Adatv\u00e9delmi\/S\u00fcti\/Visszat\u00e9r\u00edt\u00e9si szab\u00e1lyzatot, Korl\u00e1tozott joghat\u00f3s\u00e1gokat, valamint azt, hogyan kezelj\u00fck a jav\u00edt\u00e1sokat, az etik\u00e1t \u00e9s a visszajelz\u00e9seket. \u00d6n\u00e1ll\u00f3 ir\u00e1nyelvek Gyorslinkek az Orynycz.com kulcsfontoss\u00e1g\u00fa jogi \u00e9s ir\u00e1nyelvi oldalaihoz. Publik\u00e1l\u00e1si ir\u00e1nyelvek Szerkeszt\u0151s\u00e9gi elvek Gyakorlati \u00fatmutat\u00f3kat publik\u00e1lunk nyelvi technol\u00f3gi\u00e1kr\u00f3l, \u00f6r\u00f6ks\u00e9gnyelv-tanul\u00e1sr\u00f3l, [&hellip;]\" \/>\n<meta property=\"og:url\" content=\"https:\/\/www.orynycz.com\/hu\/szabalyzatok\/\" \/>\n<meta property=\"og:site_name\" content=\"Orynycz Petro\" \/>\n<meta property=\"article:publisher\" content=\"https:\/\/www.facebook.com\/orynycz\" \/>\n<meta property=\"article:modified_time\" content=\"2026-02-07T09:45:28+00:00\" \/>\n<meta name=\"twitter:card\" content=\"summary_large_image\" \/>\n<meta name=\"twitter:label1\" content=\"Becs\u00fclt olvas\u00e1si id\u0151\" \/>\n\t<meta name=\"twitter:data1\" content=\"4 perc\" \/>\n<script type=\"application\/ld+json\" class=\"yoast-schema-graph\">{\"@context\":\"https:\\\/\\\/schema.org\",\"@graph\":[{\"@type\":\"WebPage\",\"@id\":\"https:\\\/\\\/www.orynycz.com\\\/hu\\\/szabalyzatok\\\/\",\"url\":\"https:\\\/\\\/www.orynycz.com\\\/hu\\\/szabalyzatok\\\/\",\"name\":\"Szab\u00e1lyzatok | Orynycz Petro\",\"isPartOf\":{\"@id\":\"https:\\\/\\\/www.orynycz.com\\\/hu\\\/#website\"},\"datePublished\":\"2025-12-07T16:29:11+00:00\",\"dateModified\":\"2026-02-07T09:45:28+00:00\",\"breadcrumb\":{\"@id\":\"https:\\\/\\\/www.orynycz.com\\\/hu\\\/szabalyzatok\\\/#breadcrumb\"},\"inLanguage\":\"hu-HU\",\"potentialAction\":[{\"@type\":\"ReadAction\",\"target\":[\"https:\\\/\\\/www.orynycz.com\\\/hu\\\/szabalyzatok\\\/\"]}],\"accessibilityFeature\":[\"tableOfContents\"]},{\"@type\":\"BreadcrumbList\",\"@id\":\"https:\\\/\\\/www.orynycz.com\\\/hu\\\/szabalyzatok\\\/#breadcrumb\",\"itemListElement\":[{\"@type\":\"ListItem\",\"position\":1,\"name\":\"Kezd\u0151lap\",\"item\":\"https:\\\/\\\/www.orynycz.com\\\/hu\\\/\"},{\"@type\":\"ListItem\",\"position\":2,\"name\":\"Szab\u00e1lyzatok\"}]},{\"@type\":\"WebSite\",\"@id\":\"https:\\\/\\\/www.orynycz.com\\\/hu\\\/#website\",\"url\":\"https:\\\/\\\/www.orynycz.com\\\/hu\\\/\",\"name\":\"Orynycz.com\",\"description\":\"Tud\u00f3s. MI m\u00e9rn\u00f6k. Nyelv\u00e9sz.\",\"publisher\":{\"@id\":\"https:\\\/\\\/www.orynycz.com\\\/#organization\"},\"alternateName\":\"\u041e\u0440\u0438\u043d\u0438\u0447.com\",\"potentialAction\":[{\"@type\":\"SearchAction\",\"target\":{\"@type\":\"EntryPoint\",\"urlTemplate\":\"https:\\\/\\\/www.orynycz.com\\\/hu\\\/?s={search_term_string}\"},\"query-input\":{\"@type\":\"PropertyValueSpecification\",\"valueRequired\":true,\"valueName\":\"search_term_string\"}}],\"inLanguage\":\"hu-HU\"},{\"@type\":\"Organization\",\"@id\":\"https:\\\/\\\/www.orynycz.com\\\/#organization\",\"name\":\"orynycz.com\",\"alternateName\":\"\u041e\u0440\u0438\u043d\u0438\u0447.com\",\"url\":\"https:\\\/\\\/www.orynycz.com\\\/hu\\\/\",\"logo\":{\"@type\":\"ImageObject\",\"inLanguage\":\"hu-HU\",\"@id\":\"https:\\\/\\\/www.orynycz.com\\\/hu\\\/#\\\/schema\\\/logo\\\/image\\\/\",\"url\":\"https:\\\/\\\/www.orynycz.com\\\/wp-content\\\/uploads\\\/2025\\\/12\\\/logo-1.jpg\",\"contentUrl\":\"https:\\\/\\\/www.orynycz.com\\\/wp-content\\\/uploads\\\/2025\\\/12\\\/logo-1.jpg\",\"width\":512,\"height\":512,\"caption\":\"orynycz.com\"},\"image\":{\"@id\":\"https:\\\/\\\/www.orynycz.com\\\/hu\\\/#\\\/schema\\\/logo\\\/image\\\/\"},\"sameAs\":[\"https:\\\/\\\/www.facebook.com\\\/orynycz\"],\"publishingPrinciples\":\"https:\\\/\\\/www.orynycz.com\\\/hu\\\/szabalyzatok\\\/\",\"ownershipFundingInfo\":\"https:\\\/\\\/www.orynycz.com\\\/hu\\\/szabalyzatok\\\/\",\"actionableFeedbackPolicy\":\"https:\\\/\\\/www.orynycz.com\\\/hu\\\/szabalyzatok\\\/\",\"correctionsPolicy\":\"https:\\\/\\\/www.orynycz.com\\\/hu\\\/szabalyzatok\\\/\",\"ethicsPolicy\":\"https:\\\/\\\/www.orynycz.com\\\/hu\\\/szabalyzatok\\\/\",\"diversityPolicy\":\"https:\\\/\\\/www.orynycz.com\\\/hu\\\/szabalyzatok\\\/\",\"diversityStaffingReport\":\"https:\\\/\\\/www.orynycz.com\\\/hu\\\/szabalyzatok\\\/\"}]}<\/script>\n<!-- \/ Yoast SEO Premium plugin. -->","yoast_head_json":{"title":"Szab\u00e1lyzatok | Orynycz Petro","robots":{"index":"index","follow":"follow","max-snippet":"max-snippet:-1","max-image-preview":"max-image-preview:large","max-video-preview":"max-video-preview:-1"},"canonical":"https:\/\/www.orynycz.com\/hu\/szabalyzatok\/","og_locale":"hu_HU","og_type":"article","og_title":"Szab\u00e1lyzatok","og_description":"Ez az oldal gy\u0171jti \u00f6ssze az Orynycz.com kulcsfontoss\u00e1g\u00fa ir\u00e1nyelveit \u00e9s publik\u00e1l\u00e1si sztenderdjeit. Az al\u00e1bbi linkek seg\u00edts\u00e9g\u00e9vel megtal\u00e1lod a Felhaszn\u00e1l\u00e1si felt\u00e9teleket, Adatv\u00e9delmi\/S\u00fcti\/Visszat\u00e9r\u00edt\u00e9si szab\u00e1lyzatot, Korl\u00e1tozott joghat\u00f3s\u00e1gokat, valamint azt, hogyan kezelj\u00fck a jav\u00edt\u00e1sokat, az etik\u00e1t \u00e9s a visszajelz\u00e9seket. \u00d6n\u00e1ll\u00f3 ir\u00e1nyelvek Gyorslinkek az Orynycz.com kulcsfontoss\u00e1g\u00fa jogi \u00e9s ir\u00e1nyelvi oldalaihoz. Publik\u00e1l\u00e1si ir\u00e1nyelvek Szerkeszt\u0151s\u00e9gi elvek Gyakorlati \u00fatmutat\u00f3kat publik\u00e1lunk nyelvi technol\u00f3gi\u00e1kr\u00f3l, \u00f6r\u00f6ks\u00e9gnyelv-tanul\u00e1sr\u00f3l, [&hellip;]","og_url":"https:\/\/www.orynycz.com\/hu\/szabalyzatok\/","og_site_name":"Orynycz Petro","article_publisher":"https:\/\/www.facebook.com\/orynycz","article_modified_time":"2026-02-07T09:45:28+00:00","twitter_card":"summary_large_image","twitter_misc":{"Becs\u00fclt olvas\u00e1si id\u0151":"4 perc"},"schema":{"@context":"https:\/\/schema.org","@graph":[{"@type":"WebPage","@id":"https:\/\/www.orynycz.com\/hu\/szabalyzatok\/","url":"https:\/\/www.orynycz.com\/hu\/szabalyzatok\/","name":"Szab\u00e1lyzatok | Orynycz Petro","isPartOf":{"@id":"https:\/\/www.orynycz.com\/hu\/#website"},"datePublished":"2025-12-07T16:29:11+00:00","dateModified":"2026-02-07T09:45:28+00:00","breadcrumb":{"@id":"https:\/\/www.orynycz.com\/hu\/szabalyzatok\/#breadcrumb"},"inLanguage":"hu-HU","potentialAction":[{"@type":"ReadAction","target":["https:\/\/www.orynycz.com\/hu\/szabalyzatok\/"]}],"accessibilityFeature":["tableOfContents"]},{"@type":"BreadcrumbList","@id":"https:\/\/www.orynycz.com\/hu\/szabalyzatok\/#breadcrumb","itemListElement":[{"@type":"ListItem","position":1,"name":"Kezd\u0151lap","item":"https:\/\/www.orynycz.com\/hu\/"},{"@type":"ListItem","position":2,"name":"Szab\u00e1lyzatok"}]},{"@type":"WebSite","@id":"https:\/\/www.orynycz.com\/hu\/#website","url":"https:\/\/www.orynycz.com\/hu\/","name":"Orynycz.com","description":"Tud\u00f3s. MI m\u00e9rn\u00f6k. Nyelv\u00e9sz.","publisher":{"@id":"https:\/\/www.orynycz.com\/#organization"},"alternateName":"\u041e\u0440\u0438\u043d\u0438\u0447.com","potentialAction":[{"@type":"SearchAction","target":{"@type":"EntryPoint","urlTemplate":"https:\/\/www.orynycz.com\/hu\/?s={search_term_string}"},"query-input":{"@type":"PropertyValueSpecification","valueRequired":true,"valueName":"search_term_string"}}],"inLanguage":"hu-HU"},{"@type":"Organization","@id":"https:\/\/www.orynycz.com\/#organization","name":"orynycz.com","alternateName":"\u041e\u0440\u0438\u043d\u0438\u0447.com","url":"https:\/\/www.orynycz.com\/hu\/","logo":{"@type":"ImageObject","inLanguage":"hu-HU","@id":"https:\/\/www.orynycz.com\/hu\/#\/schema\/logo\/image\/","url":"https:\/\/www.orynycz.com\/wp-content\/uploads\/2025\/12\/logo-1.jpg","contentUrl":"https:\/\/www.orynycz.com\/wp-content\/uploads\/2025\/12\/logo-1.jpg","width":512,"height":512,"caption":"orynycz.com"},"image":{"@id":"https:\/\/www.orynycz.com\/hu\/#\/schema\/logo\/image\/"},"sameAs":["https:\/\/www.facebook.com\/orynycz"],"publishingPrinciples":"https:\/\/www.orynycz.com\/hu\/szabalyzatok\/","ownershipFundingInfo":"https:\/\/www.orynycz.com\/hu\/szabalyzatok\/","actionableFeedbackPolicy":"https:\/\/www.orynycz.com\/hu\/szabalyzatok\/","correctionsPolicy":"https:\/\/www.orynycz.com\/hu\/szabalyzatok\/","ethicsPolicy":"https:\/\/www.orynycz.com\/hu\/szabalyzatok\/","diversityPolicy":"https:\/\/www.orynycz.com\/hu\/szabalyzatok\/","diversityStaffingReport":"https:\/\/www.orynycz.com\/hu\/szabalyzatok\/"}]}},"_links":{"self":[{"href":"https:\/\/www.orynycz.com\/hu\/wp-json\/wp\/v2\/pages\/10236","targetHints":{"allow":["GET"]}}],"collection":[{"href":"https:\/\/www.orynycz.com\/hu\/wp-json\/wp\/v2\/pages"}],"about":[{"href":"https:\/\/www.orynycz.com\/hu\/wp-json\/wp\/v2\/types\/page"}],"author":[{"embeddable":true,"href":"https:\/\/www.orynycz.com\/hu\/wp-json\/wp\/v2\/users\/2"}],"replies":[{"embeddable":true,"href":"https:\/\/www.orynycz.com\/hu\/wp-json\/wp\/v2\/comments?post=10236"}],"version-history":[{"count":10,"href":"https:\/\/www.orynycz.com\/hu\/wp-json\/wp\/v2\/pages\/10236\/revisions"}],"predecessor-version":[{"id":12606,"href":"https:\/\/www.orynycz.com\/hu\/wp-json\/wp\/v2\/pages\/10236\/revisions\/12606"}],"wp:attachment":[{"href":"https:\/\/www.orynycz.com\/hu\/wp-json\/wp\/v2\/media?parent=10236"}],"curies":[{"name":"wp","href":"https:\/\/api.w.org\/{rel}","templated":true}]}}